{"id":643,"date":"2022-03-03T09:29:31","date_gmt":"2022-03-03T12:29:31","guid":{"rendered":"https:\/\/seyconel.com\/es\/?post_type=product&#038;p=643"},"modified":"2024-09-17T14:07:48","modified_gmt":"2024-09-17T17:07:48","slug":"display-controlador-sey-dl6","status":"publish","type":"product","link":"https:\/\/seyconel.com\/es\/productos\/display-controlador-sey-dl6\/","title":{"rendered":"Display Controlador SEY-DL6"},"content":{"rendered":"<p><span class=\"VIiyi\" lang=\"es\"><span class=\"JLqJ4b ChMk0b\" data-language-for-alternatives=\"es\" data-language-to-translate-into=\"pt\" data-phrase-index=\"0\" data-number-of-phrases=\"7\">El Display Limitador de Carga SEY-DL6 fue dise\u00f1ado y fabricado con 6 d\u00edgitos para un mejor control de la carga adem\u00e1s de presentar los valores de pesos y \u00e1ngulos de cargas en polea de gr\u00faa, p\u00f3rtico, polipastos el\u00e9ctricos de cable de acero.<\/span> <span class=\"JLqJ4b ChMk0b\" data-language-for-alternatives=\"es\" data-language-to-translate-into=\"pt\" data-phrase-index=\"1\" data-number-of-phrases=\"7\">Para visualizar los valores tanto de peso como de \u00e1ngulo de elevaci\u00f3n, es necesario que el display funcione con celda de carga e inclin\u00f3metro.<\/span> <\/span><\/p>\n<p><span class=\"VIiyi\" lang=\"es\"><span class=\"JLqJ4b ChMk0b\" data-language-for-alternatives=\"es\" data-language-to-translate-into=\"pt\" data-phrase-index=\"3\" data-number-of-phrases=\"7\">El equipo viene con 3 rel\u00e9s programables para control de carga y puede trabajar con sobrecarga, cable flojo y funciones auxiliares, limitando los movimientos de subida y bajada del dispositivo;<\/span> <\/span><\/p>\n<p><span class=\"VIiyi\" lang=\"es\"><span class=\"JLqJ4b ChMk0b\" data-language-for-alternatives=\"es\" data-language-to-translate-into=\"pt\" data-phrase-index=\"5\" data-number-of-phrases=\"7\">El SEY-DL6 se vende en dos rangos de voltaje, 85~265 Vac (SEY-DL6RA) o 24~36Vdc (SEY-DL6RC).<\/span> <span class=\"JLqJ4b ChMk0b\" data-language-for-alternatives=\"es\" data-language-to-translate-into=\"pt\" data-phrase-index=\"6\" data-number-of-phrases=\"7\">Tambi\u00e9n puede funcionar con display repetidor de se\u00f1al (SEY-DRS6) para presentar los valores de peso en dos displays diferentes.<\/span><\/span><\/p>\n<h2><span class=\"VIiyi\" lang=\"es\"><span class=\"JLqJ4b ChMk0b\" data-language-for-alternatives=\"es\" data-language-to-translate-into=\"pt\" data-phrase-index=\"0\" data-number-of-phrases=\"1\">Soluci\u00f3n para:<\/span><\/span><\/h2>\n<ul>\n<li>Puente rodante;<\/li>\n<li><span class=\"VIiyi\" lang=\"es\"><span class=\"JLqJ4b ChMk0b\" data-language-for-alternatives=\"es\" data-language-to-translate-into=\"pt\" data-phrase-index=\"0\" data-number-of-phrases=\"1\">Elevaci\u00f3n y manejo de carga;<\/span><\/span><\/li>\n<li><span class=\"VIiyi\" lang=\"es\"><span class=\"JLqJ4b ChMk0b\" data-language-for-alternatives=\"es\" data-language-to-translate-into=\"pt\" data-phrase-index=\"0\" data-number-of-phrases=\"1\">monorra\u00edles;<\/span><\/span><\/li>\n<li><span class=\"VIiyi\" lang=\"es\"><span class=\"JLqJ4b ChMk0b\" data-language-for-alternatives=\"es\" data-language-to-translate-into=\"pt\" data-phrase-index=\"0\" data-number-of-phrases=\"1\">p\u00f3rticos;<\/span><\/span><\/li>\n<li><span class=\"VIiyi\" lang=\"es\"><span class=\"JLqJ4b ChMk0b\" data-language-for-alternatives=\"es\" data-language-to-translate-into=\"pt\" data-phrase-index=\"0\" data-number-of-phrases=\"1\">Semip\u00f3rticos;<\/span><\/span><\/li>\n<\/ul>\n<h2><span class=\"VIiyi\" lang=\"es\"><span class=\"JLqJ4b ChMk0b\" data-language-for-alternatives=\"es\" data-language-to-translate-into=\"pt\" data-phrase-index=\"0\" data-number-of-phrases=\"1\">Funcionalidades:<\/span><\/span><\/h2>\n<p><span class=\"VIiyi\" lang=\"es\"><span class=\"JLqJ4b ChMk0b\" data-language-for-alternatives=\"es\" data-language-to-translate-into=\"pt\" data-phrase-index=\"0\" data-number-of-phrases=\"5\">La pantalla recibe las se\u00f1ales de la celda de carga y las convierte en valores de masa (kg\/t).<\/span> <span class=\"JLqJ4b ChMk0b\" data-language-for-alternatives=\"es\" data-language-to-translate-into=\"pt\" data-phrase-index=\"1\" data-number-of-phrases=\"5\">El peso mostrado en el display es comparado por el programador con el peso m\u00e1ximo previamente informado y al alcanzarlo activa o desactiva los rel\u00e9s especificados.<\/span> <span class=\"JLqJ4b ChMk0b\" data-language-for-alternatives=\"es\" data-language-to-translate-into=\"pt\" data-phrase-index=\"2\" data-number-of-phrases=\"5\">Tambi\u00e9n puede recibir se\u00f1ales del inclin\u00f3metro y mostrar los \u00e1ngulos del bloque.<\/span> <\/span><\/p>\n<p><span class=\"VIiyi\" lang=\"es\"><span class=\"JLqJ4b ChMk0b\" data-language-for-alternatives=\"es\" data-language-to-translate-into=\"pt\" data-phrase-index=\"4\" data-number-of-phrases=\"5\">Se puede conectar junto con una pantalla repetidora de se\u00f1al (SEY-DRS6) para repetir los valores de peso en ambas pantallas.<\/span><\/span><\/p>\n","protected":false},"excerpt":{"rendered":"<p>El Display Limitador de Carga SEY-DL6 fue dise\u00f1ado y fabricado con 6 d\u00edgitos para un mejor control de la carga adem\u00e1s de presentar los valores de pesos y \u00e1ngulos de cargas en polea de gr\u00faa, p\u00f3rtico, polipastos el\u00e9ctricos de cable de acero. Para visualizar los valores tanto de peso como de \u00e1ngulo de elevaci\u00f3n, es [&hellip;]<\/p>\n","protected":false},"featured_media":648,"template":"","meta":[],"product_cat":[154,147],"product_tag":[142,55,170,146,56,171,173,172],"_links":{"self":[{"href":"https:\/\/seyconel.com\/es\/wp-json\/wp\/v2\/product\/643"}],"collection":[{"href":"https:\/\/seyconel.com\/es\/wp-json\/wp\/v2\/product"}],"about":[{"href":"https:\/\/seyconel.com\/es\/wp-json\/wp\/v2\/types\/product"}],"version-history":[{"count":5,"href":"https:\/\/seyconel.com\/es\/wp-json\/wp\/v2\/product\/643\/revisions"}],"predecessor-version":[{"id":1302,"href":"https:\/\/seyconel.com\/es\/wp-json\/wp\/v2\/product\/643\/revisions\/1302"}],"wp:featuredmedia":[{"embeddable":true,"href":"https:\/\/seyconel.com\/es\/wp-json\/wp\/v2\/media\/648"}],"wp:attachment":[{"href":"https:\/\/seyconel.com\/es\/wp-json\/wp\/v2\/media?parent=643"}],"wp:term":[{"taxonomy":"product_cat","embeddable":true,"href":"https:\/\/seyconel.com\/es\/wp-json\/wp\/v2\/product_cat?post=643"},{"taxonomy":"product_tag","embeddable":true,"href":"https:\/\/seyconel.com\/es\/wp-json\/wp\/v2\/product_tag?post=643"}],"curies":[{"name":"wp","href":"https:\/\/api.w.org\/{rel}","templated":true}]}}