{"id":642,"date":"2022-03-03T09:29:31","date_gmt":"2022-03-03T12:29:31","guid":{"rendered":"https:\/\/seyconel.com\/es\/?post_type=product&#038;p=642"},"modified":"2024-09-17T14:08:08","modified_gmt":"2024-09-17T17:08:08","slug":"polipasto-eletrico-de-cadena","status":"publish","type":"product","link":"https:\/\/seyconel.com\/es\/productos\/polipasto-eletrico-de-cadena\/","title":{"rendered":"Polipasto el\u00e9ctrico de cadena"},"content":{"rendered":"<p style=\"text-align: left\"><span class=\"VIiyi\" lang=\"es\"><span class=\"JLqJ4b\" data-language-for-alternatives=\"es\" data-language-to-translate-into=\"pt\" data-phrase-index=\"0\" data-number-of-phrases=\"1\">Los polipastos el\u00e9ctricos de cadena Seyconel STC est\u00e1n dise\u00f1ados y fabricados de acuerdo con normas nacionales e internacionales, para realizar izajes y movimientos de cargas, generando mayor seguridad y ergonom\u00eda en la operaci\u00f3n. Los polipastos Seyconel se pueden montar en puntos fijos como c\u00e1ncamos, monorra\u00edles, gr\u00faas giratorias, puentes gr\u00faa o gr\u00faas p\u00f3rtico, en cuyo caso se fijan a carros manuales, mec\u00e1nicos o el\u00e9ctricos. Los carros el\u00e9ctricos, al igual que los carros manuales y mec\u00e1nicos, tambi\u00e9n se pueden montar en vigas en I de diferentes tama\u00f1os. <\/span><\/span><\/p>\n<p style=\"text-align: left\"><span class=\"VIiyi\" lang=\"es\"><span class=\"JLqJ4b\" data-language-for-alternatives=\"es\" data-language-to-translate-into=\"pt\" data-phrase-index=\"0\" data-number-of-phrases=\"1\">Los polipastos el\u00e9ctricos de cadena Seyconel STC con carros el\u00e9ctricos tienen elevaci\u00f3n o desplazamiento de doble velocidad est\u00e1ndar, los polipastos el\u00e9ctricos tienen un embrague deslizante que es un dispositivo de seguridad dise\u00f1ado para evitar sobrecargas excesivas en el equipo. Su comando puede ser v\u00eda botonera colgante con cable o control remoto, comando el\u00e9ctrico a 24Vac, cumpliendo NR12, lo que garantiza una r\u00e1pida y f\u00e1cil activaci\u00f3n y brinda mayor seguridad operacional.<\/span><\/span><\/p>\n<h2 style=\"text-align: left\"><span class=\"VIiyi\" lang=\"es\"><span class=\"JLqJ4b ChMk0b\" data-language-for-alternatives=\"es\" data-language-to-translate-into=\"pt\" data-phrase-index=\"0\" data-number-of-phrases=\"1\">Soluci\u00f3n para:<\/span><\/span><\/h2>\n<ul>\n<li><span class=\"VIiyi\" lang=\"es\"><span class=\"JLqJ4b ChMk0b\" data-language-for-alternatives=\"es\" data-language-to-translate-into=\"pt\" data-phrase-index=\"0\" data-number-of-phrases=\"1\">Elevaci\u00f3n y manejo de carga;<\/span><\/span><\/li>\n<li>Puente rodante;<\/li>\n<li><span class=\"VIiyi\" lang=\"es\"><span class=\"JLqJ4b ChMk0b\" data-language-for-alternatives=\"es\" data-language-to-translate-into=\"pt\" data-phrase-index=\"0\" data-number-of-phrases=\"1\">Monorra\u00edles;<\/span><\/span><\/li>\n<li>P\u00f3rticos;<\/li>\n<li><span class=\"VIiyi\" lang=\"es\"><span class=\"JLqJ4b ChMk0b\" data-language-for-alternatives=\"es\" data-language-to-translate-into=\"pt\" data-phrase-index=\"0\" data-number-of-phrases=\"1\">Semip\u00f3rticos;<\/span><\/span><\/li>\n<li>Gr\u00faas giratorias;<\/li>\n<\/ul>\n<h2 style=\"text-align: left\"><span class=\"VIiyi\" lang=\"es\"><span class=\"JLqJ4b ChMk0b\" data-language-for-alternatives=\"es\" data-language-to-translate-into=\"pt\" data-phrase-index=\"0\" data-number-of-phrases=\"1\">Caracter\u00edsticas del polipasto<\/span><\/span><\/h2>\n<p style=\"text-align: left\"><span class=\"VIiyi\" lang=\"es\"><span class=\"JLqJ4b ChMk0b\" data-language-for-alternatives=\"es\" data-language-to-translate-into=\"pt\" data-phrase-index=\"0\" data-number-of-phrases=\"2\">Los polipastos reciben una se\u00f1al del control remoto o pulsador, que activa los contactores internos para liberar el freno y poner en marcha el motor de elevaci\u00f3n y desplazamiento.<\/span> <span class=\"JLqJ4b ChMk0b\" data-language-for-alternatives=\"es\" data-language-to-translate-into=\"pt\" data-phrase-index=\"1\" data-number-of-phrases=\"2\">Este comando genera el movimiento de la carga para los servicios necesarios.<\/span><\/span><\/p>\n","protected":false},"excerpt":{"rendered":"<p>Los polipastos el\u00e9ctricos de cadena Seyconel STC est\u00e1n dise\u00f1ados y fabricados de acuerdo con normas nacionales e internacionales, para realizar izajes y movimientos de cargas, generando mayor seguridad y ergonom\u00eda en la operaci\u00f3n. Los polipastos Seyconel se pueden montar en puntos fijos como c\u00e1ncamos, monorra\u00edles, gr\u00faas giratorias, puentes gr\u00faa o gr\u00faas p\u00f3rtico, en cuyo caso [&hellip;]<\/p>\n","protected":false},"featured_media":645,"template":"","meta":[],"product_cat":[168],"product_tag":[180,178,177,174,175,176,179],"_links":{"self":[{"href":"https:\/\/seyconel.com\/es\/wp-json\/wp\/v2\/product\/642"}],"collection":[{"href":"https:\/\/seyconel.com\/es\/wp-json\/wp\/v2\/product"}],"about":[{"href":"https:\/\/seyconel.com\/es\/wp-json\/wp\/v2\/types\/product"}],"version-history":[{"count":4,"href":"https:\/\/seyconel.com\/es\/wp-json\/wp\/v2\/product\/642\/revisions"}],"predecessor-version":[{"id":831,"href":"https:\/\/seyconel.com\/es\/wp-json\/wp\/v2\/product\/642\/revisions\/831"}],"wp:featuredmedia":[{"embeddable":true,"href":"https:\/\/seyconel.com\/es\/wp-json\/wp\/v2\/media\/645"}],"wp:attachment":[{"href":"https:\/\/seyconel.com\/es\/wp-json\/wp\/v2\/media?parent=642"}],"wp:term":[{"taxonomy":"product_cat","embeddable":true,"href":"https:\/\/seyconel.com\/es\/wp-json\/wp\/v2\/product_cat?post=642"},{"taxonomy":"product_tag","embeddable":true,"href":"https:\/\/seyconel.com\/es\/wp-json\/wp\/v2\/product_tag?post=642"}],"curies":[{"name":"wp","href":"https:\/\/api.w.org\/{rel}","templated":true}]}}