{"id":551,"date":"2022-03-03T09:28:58","date_gmt":"2022-03-03T12:28:58","guid":{"rendered":"https:\/\/seyconel.com\/es\/?post_type=product&#038;p=551"},"modified":"2024-09-17T14:08:34","modified_gmt":"2024-09-17T17:08:34","slug":"argolla-de-suspension-soldavel","status":"publish","type":"product","link":"https:\/\/seyconel.com\/es\/productos\/argolla-de-suspension-soldavel\/","title":{"rendered":"Argolla de Suspensi\u00f3n Sold\u00e1vel"},"content":{"rendered":"","protected":false},"excerpt":{"rendered":"<p>Promo\u00e7\u00e3o de Black Friday.<\/p>\n<p>Olhal Sold\u00e1vel 1HS 1,12T<\/p>\n<p>C\u00f3digo Promocional: AC00000691<\/p>\n","protected":false},"featured_media":621,"template":"","meta":[],"product_cat":[155,167],"product_tag":[],"_links":{"self":[{"href":"https:\/\/seyconel.com\/es\/wp-json\/wp\/v2\/product\/551"}],"collection":[{"href":"https:\/\/seyconel.com\/es\/wp-json\/wp\/v2\/product"}],"about":[{"href":"https:\/\/seyconel.com\/es\/wp-json\/wp\/v2\/types\/product"}],"version-history":[{"count":3,"href":"https:\/\/seyconel.com\/es\/wp-json\/wp\/v2\/product\/551\/revisions"}],"predecessor-version":[{"id":1306,"href":"https:\/\/seyconel.com\/es\/wp-json\/wp\/v2\/product\/551\/revisions\/1306"}],"wp:featuredmedia":[{"embeddable":true,"href":"https:\/\/seyconel.com\/es\/wp-json\/wp\/v2\/media\/621"}],"wp:attachment":[{"href":"https:\/\/seyconel.com\/es\/wp-json\/wp\/v2\/media?parent=551"}],"wp:term":[{"taxonomy":"product_cat","embeddable":true,"href":"https:\/\/seyconel.com\/es\/wp-json\/wp\/v2\/product_cat?post=551"},{"taxonomy":"product_tag","embeddable":true,"href":"https:\/\/seyconel.com\/es\/wp-json\/wp\/v2\/product_tag?post=551"}],"curies":[{"name":"wp","href":"https:\/\/api.w.org\/{rel}","templated":true}]}}