{"id":545,"date":"2022-03-03T09:28:57","date_gmt":"2022-03-03T12:28:57","guid":{"rendered":"https:\/\/seyconel.com\/es\/?post_type=product&#038;p=545"},"modified":"2024-09-17T14:08:59","modified_gmt":"2024-09-17T17:08:59","slug":"control-sey1000max","status":"publish","type":"product","link":"https:\/\/seyconel.com\/es\/productos\/control-sey1000max\/","title":{"rendered":"Control SEY1000MAX"},"content":{"rendered":"<p>El SEY1000MAX tiene 10 botones de velocidad simple o doble, IP65, cat. 3 de NR12 \/ EN ISO 13849-1 compatible, y opera en la frecuencia de 2,4GHz con 80 canales de trabajo y la tecnolog\u00eda iCHIP, aprobado por ANATEL.<\/p>\n<h3 class=\"_04xlpA direction-ltr align-justify para-style-body\">Seguridad<\/h3>\n<p class=\"_04xlpA direction-ltr align-justify para-style-body\">El bot\u00f3n de emergencia viene con dos microinterruptores que proporcionan redundancia y mayor seguridad para las operaciones. El receptor est\u00e1 dise\u00f1ado con dos salidas de rel\u00e9 individuales, controladas por el bot\u00f3n de emergencia que pueden utilizarse en rel\u00e9s de seguridad para cumplir la norma NR 12.<\/p>\n<h3 class=\"_04xlpA direction-ltr align-justify para-style-body\">Econom\u00eda<\/h3>\n<p class=\"_04xlpA direction-ltr align-justify para-style-body\">Mayor duraci\u00f3n de la bater\u00eda, en comparaci\u00f3n con otros modelos, debido a su bajo consumo. A pesar de tener un consumo reducido de bater\u00edas es posible mantener el alto nivel de seguridad.<\/p>\n<h3 class=\"_04xlpA direction-ltr align-justify para-style-body\">Producto conforme<\/h3>\n<p class=\"_04xlpA direction-ltr align-justify para-style-body\">La gama de controles SEY MAX est\u00e1 dise\u00f1ada y fabricada de acuerdo con las siguientes normas: Directivas Europeas (CE\/CB), ISO 9001 y SIL3.<\/p>\n<h3 class=\"_04xlpA direction-ltr align-justify para-style-body\">Practicidad<\/h3>\n<p class=\"_04xlpA direction-ltr align-justify para-style-body\">Intercambio de configuraciones a trav\u00e9s de la comunicaci\u00f3n iCHIP, donde el operador puede intercambiar equipos de forma sencilla y r\u00e1pida.<\/p>\n<h2>Recursos<\/h2>\n<ul>\n<li>Disponible con funci\u00f3n de selector;<\/li>\n<li>Modelos con una o dos velocidades;<\/li>\n<li>Dispone de 80 canales de trabajo (frecuencia);<\/li>\n<li>Bajo mantenimiento;<\/li>\n<li>El canal y el c\u00f3digo pueden ser cambiados por iCHIP;<\/li>\n<li>Incluye funda de pl\u00e1stico para su protecci\u00f3n.<\/li>\n<\/ul>\n<p>&nbsp;<\/p>\n<p><strong>Download<\/strong> <a href=\"https:\/\/seyconel.com.br\/download\/folder-serie-sey-max\/\">Folder S\u00e9rie SEY MAX<\/a><\/p>\n","protected":false},"excerpt":{"rendered":"<p><strong>Soluci\u00f3n para<\/strong>: Gr\u00faas a\u00e9reas, monorra\u00edles, gr\u00faas m\u00faltiples, miner\u00eda, construcci\u00f3n.<\/p>\n<p>El control remoto industrial SEY1000MAX ha sido dise\u00f1ado y desarrollado de acuerdo con las especificaciones adecuadas para sus aplicaciones, garantizando una mayor seguridad y una mayor vida \u00fatil del equipo.<\/p>\n","protected":false},"featured_media":609,"template":"","meta":[],"product_cat":[148,166],"product_tag":[181,182,183,184,185],"_links":{"self":[{"href":"https:\/\/seyconel.com\/es\/wp-json\/wp\/v2\/product\/545"}],"collection":[{"href":"https:\/\/seyconel.com\/es\/wp-json\/wp\/v2\/product"}],"about":[{"href":"https:\/\/seyconel.com\/es\/wp-json\/wp\/v2\/types\/product"}],"version-history":[{"count":5,"href":"https:\/\/seyconel.com\/es\/wp-json\/wp\/v2\/product\/545\/revisions"}],"predecessor-version":[{"id":1177,"href":"https:\/\/seyconel.com\/es\/wp-json\/wp\/v2\/product\/545\/revisions\/1177"}],"wp:featuredmedia":[{"embeddable":true,"href":"https:\/\/seyconel.com\/es\/wp-json\/wp\/v2\/media\/609"}],"wp:attachment":[{"href":"https:\/\/seyconel.com\/es\/wp-json\/wp\/v2\/media?parent=545"}],"wp:term":[{"taxonomy":"product_cat","embeddable":true,"href":"https:\/\/seyconel.com\/es\/wp-json\/wp\/v2\/product_cat?post=545"},{"taxonomy":"product_tag","embeddable":true,"href":"https:\/\/seyconel.com\/es\/wp-json\/wp\/v2\/product_tag?post=545"}],"curies":[{"name":"wp","href":"https:\/\/api.w.org\/{rel}","templated":true}]}}