{"id":487,"date":"2022-03-03T09:28:35","date_gmt":"2022-03-03T12:28:35","guid":{"rendered":"https:\/\/seyconel.com\/es\/?post_type=product&#038;p=487"},"modified":"2024-09-17T14:09:41","modified_gmt":"2024-09-17T17:09:41","slug":"anemometro","status":"publish","type":"product","link":"https:\/\/seyconel.com\/es\/productos\/anemometro\/","title":{"rendered":"Anem\u00f3metro"},"content":{"rendered":"<p><span class=\"VIiyi\" lang=\"es\"><span class=\"JLqJ4b ChMk0b\" data-language-for-alternatives=\"es\" data-language-to-translate-into=\"pt\" data-phrase-index=\"0\" data-number-of-phrases=\"1\">Fue desarrollado para prevenir y evitar accidentes causados \u200b\u200bpor el exceso de viento producido en estos equipos.<\/span><\/span><\/p>\n<h3>Caracter\u00edstica T\u00e9cnica:<\/h3>\n<ul>\n<li>Modelo: SEY- A20<\/li>\n<li><span class=\"VIiyi\" lang=\"es\"><span class=\"JLqJ4b ChMk0b\" data-language-for-alternatives=\"es\" data-language-to-translate-into=\"pt\" data-phrase-index=\"0\" data-number-of-phrases=\"1\">Voltaje: 48Vac\/ 110Vac\/ 220Vac\/ 380Vac<\/span><\/span><\/li>\n<li><span class=\"VIiyi\" lang=\"es\"><span class=\"JLqJ4b ChMk0b\" data-language-for-alternatives=\"es\" data-language-to-translate-into=\"pt\" data-phrase-index=\"0\" data-number-of-phrases=\"1\">Proteccion:<\/span><\/span>IP 67<\/li>\n<li>Bip: 115dB<\/li>\n<li>Rel\u00e9s: 2 unidades<\/li>\n<li><span class=\"VIiyi\" lang=\"es\"><span class=\"JLqJ4b ChMk0b\" data-language-for-alternatives=\"es\" data-language-to-translate-into=\"pt\" data-phrase-index=\"0\" data-number-of-phrases=\"1\">Alarma<\/span><\/span> 1 e 2: 40 Km\/h e 70Km\/h<\/li>\n<li>Tama\u00f1o y peso: 250x160x260 e 3,15 Kg<\/li>\n<li><span class=\"VIiyi\" lang=\"es\"><span class=\"JLqJ4b ChMk0b\" data-language-for-alternatives=\"es\" data-language-to-translate-into=\"pt\" data-phrase-index=\"0\" data-number-of-phrases=\"1\">Consumo m\u00e1ximo<\/span><\/span>: 0,1 A<\/li>\n<li><span class=\"VIiyi\" lang=\"es\"><span class=\"JLqJ4b ChMk0b\" data-language-for-alternatives=\"es\" data-language-to-translate-into=\"pt\" data-phrase-index=\"0\" data-number-of-phrases=\"1\">Material: Fundici\u00f3n de aluminio y pl\u00e1stico.<\/span><\/span><\/li>\n<\/ul>\n<p><strong>Download<\/strong> <a href=\"https:\/\/seyconel.com.br\/download\/folder-anemometro\/\">Foder Anem\u00f4metro<\/a><\/p>\n","protected":false},"excerpt":{"rendered":"<p><span class=\"VIiyi\" lang=\"es\"><span class=\"JLqJ4b ChMk0b\" data-language-for-alternatives=\"es\" data-language-to-translate-into=\"pt\" data-phrase-index=\"0\" data-number-of-phrases=\"1\"><strong>Soluci\u00f3n para:<\/strong>\u00a0Gr\u00faas, p\u00f3rticos y RTG<\/span><\/span><\/p>\n<p><span class=\"VIiyi\" lang=\"es\"><span class=\"JLqJ4b ChMk0b\" data-language-for-alternatives=\"es\" data-language-to-translate-into=\"pt\" data-phrase-index=\"0\" data-number-of-phrases=\"2\">El Anem\u00f3metro Digital Seyconel con dos niveles de alarma y se\u00f1alizaci\u00f3n visual fue dise\u00f1ado para cumplir con la norma brasile\u00f1a NR18 (18.14.24.11: La gr\u00faa debe tener los siguientes elementos de seguridad: k) anem\u00f3metro) y tambi\u00e9n para cumplir con las normas ITC.<\/span> <span class=\"JLqJ4b ChMk0b\" data-language-for-alternatives=\"es\" data-language-to-translate-into=\"pt\" data-phrase-index=\"1\" data-number-of-phrases=\"2\">Reglas para equipos de elevaci\u00f3n y movimiento, referencia para gr\u00faas torre para construcci\u00f3n u otras aplicaciones.<\/span><\/span><\/p>\n","protected":false},"featured_media":587,"template":"","meta":[],"product_cat":[147],"product_tag":[128],"_links":{"self":[{"href":"https:\/\/seyconel.com\/es\/wp-json\/wp\/v2\/product\/487"}],"collection":[{"href":"https:\/\/seyconel.com\/es\/wp-json\/wp\/v2\/product"}],"about":[{"href":"https:\/\/seyconel.com\/es\/wp-json\/wp\/v2\/types\/product"}],"version-history":[{"count":5,"href":"https:\/\/seyconel.com\/es\/wp-json\/wp\/v2\/product\/487\/revisions"}],"predecessor-version":[{"id":1137,"href":"https:\/\/seyconel.com\/es\/wp-json\/wp\/v2\/product\/487\/revisions\/1137"}],"wp:featuredmedia":[{"embeddable":true,"href":"https:\/\/seyconel.com\/es\/wp-json\/wp\/v2\/media\/587"}],"wp:attachment":[{"href":"https:\/\/seyconel.com\/es\/wp-json\/wp\/v2\/media?parent=487"}],"wp:term":[{"taxonomy":"product_cat","embeddable":true,"href":"https:\/\/seyconel.com\/es\/wp-json\/wp\/v2\/product_cat?post=487"},{"taxonomy":"product_tag","embeddable":true,"href":"https:\/\/seyconel.com\/es\/wp-json\/wp\/v2\/product_tag?post=487"}],"curies":[{"name":"wp","href":"https:\/\/api.w.org\/{rel}","templated":true}]}}