{"id":486,"date":"2022-03-03T09:28:35","date_gmt":"2022-03-03T12:28:35","guid":{"rendered":"https:\/\/seyconel.com\/es\/?post_type=product&#038;p=486"},"modified":"2024-09-17T14:11:15","modified_gmt":"2024-09-17T17:11:15","slug":"faro-sirex","status":"publish","type":"product","link":"https:\/\/seyconel.com\/es\/productos\/faro-sirex\/","title":{"rendered":"Faro SIREX"},"content":{"rendered":"<p>El indicador LED ac\u00fastico y visual de SIREX dispone de 3 teclas de funcionamiento:<\/p>\n<ul>\n<li>Tecla de iluminaci\u00f3n: 1 Intermitente, 2 Rotaci\u00f3n y 3 Estable;<\/li>\n<li>Interruptor de sonido: 1 Alto 95dB, 2 Bajo 85dB y 3 Silencio.<\/li>\n<li>Tecla opcional: 16 tipos de sonidos.<\/li>\n<\/ul>\n<h3>Cambia de color siempre que lo necesites<\/h3>\n<p>La gran diferencia de nuestra baliza es que las lentes pueden ser sustituidas, es decir, no es necesario comprar otra baliza porque la lente se ha roto o se quiere cambiar el color, simplemente se adquiere una nueva lente disponible en rojo, naranja, verde, azul y transparente.<\/p>\n<h3>Tiene las siguientes especificaciones:<\/h3>\n<ul>\n<li>Grado de protecci\u00f3n: IP50<\/li>\n<li>Temperatura de funcionamiento: -20\u00ba~70\u00baC<\/li>\n<li>Temperatura de almacenamiento: -30\u00ba~80\u00baC<\/li>\n<li>Humedad ambiental: 45 ~ 85% RH<\/li>\n<\/ul>\n<p>El dispositivo de se\u00f1alizaci\u00f3n visual y sonora SIREX LED funciona con las siguientes tensiones de alimentaci\u00f3n:<\/p>\n<ul>\n<li>Modelo 24: (15 VCA ~ 35 VCA) ou (20 VCC ~ 50VCC);<\/li>\n<li>Modelo 220: (40 VCA ~ 285 VCA).<\/li>\n<\/ul>\n<p>Tiene dos modelos base:<\/p>\n<ul>\n<li>Montaje en superficie plana;<\/li>\n<li>Montaje en la pared.<\/li>\n<\/ul>\n<p>Tiene dos colores de carrocer\u00eda:<\/p>\n<ul>\n<li>Blanco y negro<\/li>\n<\/ul>\n<p><strong>Download<\/strong> <a href=\"https:\/\/seyconel.com.br\/download\/folder-sinalizadores-sirex-pdf\/\">Folder Sinalizador SIREX<\/a><\/p>\n","protected":false},"excerpt":{"rendered":"<p>Soluci\u00f3n para: Gr\u00faas a\u00e9reas, p\u00f3rticos y polipastos.<\/p>\n<p>Nuestro se\u00f1alizador visual y sonoro SIREX LED es ideal para cumplir con las normas de seguridad como la NR11 y la NR12.<\/p>\n","protected":false},"featured_media":584,"template":"","meta":[],"product_cat":[147,153],"product_tag":[195,194,189,127],"_links":{"self":[{"href":"https:\/\/seyconel.com\/es\/wp-json\/wp\/v2\/product\/486"}],"collection":[{"href":"https:\/\/seyconel.com\/es\/wp-json\/wp\/v2\/product"}],"about":[{"href":"https:\/\/seyconel.com\/es\/wp-json\/wp\/v2\/types\/product"}],"version-history":[{"count":4,"href":"https:\/\/seyconel.com\/es\/wp-json\/wp\/v2\/product\/486\/revisions"}],"predecessor-version":[{"id":1141,"href":"https:\/\/seyconel.com\/es\/wp-json\/wp\/v2\/product\/486\/revisions\/1141"}],"wp:featuredmedia":[{"embeddable":true,"href":"https:\/\/seyconel.com\/es\/wp-json\/wp\/v2\/media\/584"}],"wp:attachment":[{"href":"https:\/\/seyconel.com\/es\/wp-json\/wp\/v2\/media?parent=486"}],"wp:term":[{"taxonomy":"product_cat","embeddable":true,"href":"https:\/\/seyconel.com\/es\/wp-json\/wp\/v2\/product_cat?post=486"},{"taxonomy":"product_tag","embeddable":true,"href":"https:\/\/seyconel.com\/es\/wp-json\/wp\/v2\/product_tag?post=486"}],"curies":[{"name":"wp","href":"https:\/\/api.w.org\/{rel}","templated":true}]}}