{"id":485,"date":"2022-03-03T09:28:35","date_gmt":"2022-03-03T12:28:35","guid":{"rendered":"https:\/\/seyconel.com\/es\/?post_type=product&#038;p=485"},"modified":"2024-09-17T14:10:53","modified_gmt":"2024-09-17T17:10:53","slug":"faro-de-la-torre-sirex","status":"publish","type":"product","link":"https:\/\/seyconel.com\/es\/productos\/faro-de-la-torre-sirex\/","title":{"rendered":"Faro de la Torre SIREX"},"content":{"rendered":"<p>Ideal para el cumplimiento de normas de seguridad como la NR11 y la NR12, la baliza de torre SIREX est\u00e1 disponible sin Zumbador y con Zumbador hasta 90dB.<\/p>\n<p>Dispone de dos modelos base: pl\u00e1stico y metal<\/p>\n<p>Tiene dos tipos de perfiles: de pl\u00e1stico y de metal<\/p>\n<p>Dos colores de carrocer\u00eda: blanco y negro<\/p>\n<p>Tiene 2 tama\u00f1os de lente: 38mm y 58mm<\/p>\n<p>Dispone de 3 longitudes de perfiles base: 60mm, 100mm y 150mm<\/p>\n<p>Funci\u00f3n de funcionamiento del LED fijo o intermitente.<\/p>\n","protected":false},"excerpt":{"rendered":"<p><strong>Soluciones para:<\/strong> Puentes gr\u00faa, p\u00f3rticos, polipastos y m\u00e1quinas operadoras.<\/p>\n<p>&nbsp;<\/p>\n","protected":false},"featured_media":581,"template":"","meta":[],"product_cat":[147,153],"product_tag":[190,191,189,192,127],"_links":{"self":[{"href":"https:\/\/seyconel.com\/es\/wp-json\/wp\/v2\/product\/485"}],"collection":[{"href":"https:\/\/seyconel.com\/es\/wp-json\/wp\/v2\/product"}],"about":[{"href":"https:\/\/seyconel.com\/es\/wp-json\/wp\/v2\/types\/product"}],"version-history":[{"count":5,"href":"https:\/\/seyconel.com\/es\/wp-json\/wp\/v2\/product\/485\/revisions"}],"predecessor-version":[{"id":1019,"href":"https:\/\/seyconel.com\/es\/wp-json\/wp\/v2\/product\/485\/revisions\/1019"}],"wp:featuredmedia":[{"embeddable":true,"href":"https:\/\/seyconel.com\/es\/wp-json\/wp\/v2\/media\/581"}],"wp:attachment":[{"href":"https:\/\/seyconel.com\/es\/wp-json\/wp\/v2\/media?parent=485"}],"wp:term":[{"taxonomy":"product_cat","embeddable":true,"href":"https:\/\/seyconel.com\/es\/wp-json\/wp\/v2\/product_cat?post=485"},{"taxonomy":"product_tag","embeddable":true,"href":"https:\/\/seyconel.com\/es\/wp-json\/wp\/v2\/product_tag?post=485"}],"curies":[{"name":"wp","href":"https:\/\/api.w.org\/{rel}","templated":true}]}}