{"id":484,"date":"2022-03-03T09:28:35","date_gmt":"2022-03-03T12:28:35","guid":{"rendered":"https:\/\/seyconel.com\/es\/?post_type=product&#038;p=484"},"modified":"2024-09-17T14:11:04","modified_gmt":"2024-09-17T17:11:04","slug":"proyector-de-linea-de-seguridad","status":"publish","type":"product","link":"https:\/\/seyconel.com\/es\/productos\/proyector-de-linea-de-seguridad\/","title":{"rendered":"Proyector de L\u00ednea de Seguridad"},"content":{"rendered":"<h2>\u00bfC\u00f3mo funciona el proyector de l\u00edneas?<\/h2>\n<p>Este nuevo y exclusivo concepto de se\u00f1alizaci\u00f3n de suelos utiliza un l\u00e1ser de alta intensidad que no da\u00f1a los ojos y proyecta una l\u00ednea de alta visibilidad para crear un camino virtual en cualquier superficie, tanto en interiores como en exteriores. Utiliza unidades ligeras, flexibles y duraderas con clasificaci\u00f3n IP65, de f\u00e1cil instalaci\u00f3n y bajo mantenimiento, por lo que no hay que preocuparse de sustituir o reparar la cinta y la pintura del suelo.<\/p>\n<h3>Caracter\u00edsticas principales:<\/h3>\n<ul>\n<li>Modular: reconfigure f\u00e1cilmente los espacios de sus instalaciones sin necesidad de retirar la pintura o la cinta adhesiva;<\/li>\n<li>Muy duradero: no se desgasta por el tr\u00e1nsito de personas;<\/li>\n<li>Rentable: elimina la necesidad de repintar o recauchutar;<\/li>\n<li>Ultra Visible &#8211; Atrae m\u00e1s la atenci\u00f3n de los peatones gracias a una proyecci\u00f3n din\u00e1mica;<\/li>\n<li>Sistema de accionamiento inteligente mediante sensores de movimiento, sensores de presencia o un interruptor de encendido\/apagado.<\/li>\n<\/ul>\n<p><img loading=\"lazy\" class=\"aligncenter size-full wp-image-6267\" src=\"https:\/\/seyconel.com.br\/wp-content\/uploads\/2021\/09\/Projetor-de-Linha-Dimensional.jpg\" alt=\"Projetor de Linha - Dimensional\" width=\"800\" height=\"600\" \/><\/p>\n<p><strong>Download<\/strong><span style=\"font-size: 12pt\">\u00a0<a href=\"https:\/\/seyconel.com.br\/download\/folder-projetor-de-linha-pdf\/\">Folder Projetor de Linha<\/a><\/span><\/p>\n","protected":false},"excerpt":{"rendered":"<p style=\"text-align: left\">El Proyector de L\u00edneas L\u00e1ser Seyconel fue desarrollado para crear l\u00edneas virtuales en el suelo, \u00a1est\u00e1 disponible para usted que quiere aumentar la seguridad, evitar accidentes y generar ahorros en su empresa!<\/p>\n<p style=\"text-align: left\">Aplicable directamente a la demarcaci\u00f3n de pasillos de paso, demarcaci\u00f3n de \u00e1reas, sectores, l\u00edneas de proceso, regiones y trazados, sustituyendo a las tiras pintadas o cintas adhesivas utilizadas tradicionalmente. Sin embargo, se desgastan con el tiempo y en funci\u00f3n del proceso, y requieren un mantenimiento constante.<\/p>\n","protected":false},"featured_media":576,"template":"","meta":[],"product_cat":[147,153],"product_tag":[124,193],"_links":{"self":[{"href":"https:\/\/seyconel.com\/es\/wp-json\/wp\/v2\/product\/484"}],"collection":[{"href":"https:\/\/seyconel.com\/es\/wp-json\/wp\/v2\/product"}],"about":[{"href":"https:\/\/seyconel.com\/es\/wp-json\/wp\/v2\/types\/product"}],"version-history":[{"count":5,"href":"https:\/\/seyconel.com\/es\/wp-json\/wp\/v2\/product\/484\/revisions"}],"predecessor-version":[{"id":1309,"href":"https:\/\/seyconel.com\/es\/wp-json\/wp\/v2\/product\/484\/revisions\/1309"}],"wp:featuredmedia":[{"embeddable":true,"href":"https:\/\/seyconel.com\/es\/wp-json\/wp\/v2\/media\/576"}],"wp:attachment":[{"href":"https:\/\/seyconel.com\/es\/wp-json\/wp\/v2\/media?parent=484"}],"wp:term":[{"taxonomy":"product_cat","embeddable":true,"href":"https:\/\/seyconel.com\/es\/wp-json\/wp\/v2\/product_cat?post=484"},{"taxonomy":"product_tag","embeddable":true,"href":"https:\/\/seyconel.com\/es\/wp-json\/wp\/v2\/product_tag?post=484"}],"curies":[{"name":"wp","href":"https:\/\/api.w.org\/{rel}","templated":true}]}}