{"id":483,"date":"2022-03-03T09:28:35","date_gmt":"2022-03-03T12:28:35","guid":{"rendered":"https:\/\/seyconel.com\/es\/?post_type=product&#038;p=483"},"modified":"2024-09-17T14:09:34","modified_gmt":"2024-09-17T17:09:34","slug":"kit-de-sensor-anti-colison","status":"publish","type":"product","link":"https:\/\/seyconel.com\/es\/productos\/kit-de-sensor-anti-colison\/","title":{"rendered":"Kit de Sensor Anti-colisi\u00f3n"},"content":{"rendered":"<h2>Composici\u00f3n del kit de sensores anticolisi\u00f3n<\/h2>\n<p><span class=\"JLqJ4b ChMk0b\" data-language-for-alternatives=\"es\" data-language-to-translate-into=\"pt\" data-phrase-index=\"2\" data-number-of-phrases=\"11\">Consta de dos varillas met\u00e1licas donde se fijan los sensores, la caja de conexiones y los cables.<\/span> <span class=\"JLqJ4b ChMk0b\" data-language-for-alternatives=\"es\" data-language-to-translate-into=\"pt\" data-phrase-index=\"3\" data-number-of-phrases=\"11\">Viene con 15 metros de cable en cada una de las varillas para realizar la conexi\u00f3n el\u00e9ctrica en el panel del equipo.<\/span> <span class=\"JLqJ4b ChMk0b\" data-language-for-alternatives=\"es\" data-language-to-translate-into=\"pt\" data-phrase-index=\"4\" data-number-of-phrases=\"11\">Los sensores del kit son sensores fotoel\u00e9ctricos desarrollados para el entorno industrial.<\/span> <span class=\"JLqJ4b ChMk0b\" data-language-for-alternatives=\"es\" data-language-to-translate-into=\"pt\" data-phrase-index=\"5\" data-number-of-phrases=\"11\">Pueden ser alimentados en m\u00faltiples voltajes, 12~240VDC o 24~240VAC.<\/span> <span class=\"JLqJ4b ChMk0b\" data-language-for-alternatives=\"es\" data-language-to-translate-into=\"pt\" data-phrase-index=\"6\" data-number-of-phrases=\"11\">La distancia programable es de hasta 10 metros.<\/span> <span class=\"JLqJ4b ChMk0b\" data-language-for-alternatives=\"es\" data-language-to-translate-into=\"pt\" data-phrase-index=\"7\" data-number-of-phrases=\"11\">Por el sellado de su carcasa, est\u00e1 clasificado con IP 66, es decir, es a prueba de polvo y resistente a fuertes chorros de agua desde cualquier direcci\u00f3n.<\/span> <span class=\"JLqJ4b ChMk0b\" data-language-for-alternatives=\"es\" data-language-to-translate-into=\"pt\" data-phrase-index=\"8\" data-number-of-phrases=\"11\">Soporta temperaturas de -10 a +60\u00baC.<\/span><\/p>\n<p><span class=\"VIiyi\" lang=\"es\"><span class=\"JLqJ4b ChMk0b\" data-language-for-alternatives=\"es\" data-language-to-translate-into=\"pt\" data-phrase-index=\"10\" data-number-of-phrases=\"11\">Adem\u00e1s de seguridad, el kit anticolisi\u00f3n Seyconel brinda practicidad durante la instalaci\u00f3n, donde es necesario fijar, conectar cables al panel y ajustar el disparo de los sensores.<\/span><\/span><\/p>\n<h2>Caracter\u00edsticas<\/h2>\n<table style=\"border-collapse: collapse;width: 114.41%\">\n<tbody>\n<tr>\n<td style=\"width: 34.0266%\"><strong><span class=\"VIiyi\" lang=\"es\"><span class=\"JLqJ4b ChMk0b\" data-language-for-alternatives=\"es\" data-language-to-translate-into=\"pt\" data-phrase-index=\"0\" data-number-of-phrases=\"1\">\u00cdndice de protecci\u00f3n<\/span><\/span> <\/strong><\/td>\n<td style=\"width: 179.231%\">IP66<\/td>\n<\/tr>\n<tr>\n<td style=\"width: 34.0266%\"><strong><span class=\"VIiyi\" lang=\"es\"><span class=\"JLqJ4b ChMk0b\" data-language-for-alternatives=\"es\" data-language-to-translate-into=\"pt\" data-phrase-index=\"0\" data-number-of-phrases=\"1\">Rango ajustable<\/span><\/span> <\/strong><\/td>\n<td style=\"width: 179.231%\">0 a 10M<\/td>\n<\/tr>\n<tr>\n<td style=\"width: 34.0266%\"><strong>Tipo de Luz<\/strong><\/td>\n<td style=\"width: 179.231%\"><span class=\"VIiyi\" lang=\"es\"><span class=\"JLqJ4b ChMk0b\" data-language-for-alternatives=\"es\" data-language-to-translate-into=\"pt\" data-phrase-index=\"0\" data-number-of-phrases=\"1\">Luz infrarroja<\/span><\/span><\/td>\n<\/tr>\n<tr>\n<td style=\"width: 34.0266%\"><strong>Temperatura<\/strong><\/td>\n<td style=\"width: 179.231%\">-10\u00ba ~ 60\u00baC<\/td>\n<\/tr>\n<tr>\n<td style=\"width: 34.0266%\"><strong><span class=\"VIiyi\" lang=\"es\"><span class=\"JLqJ4b ChMk0b\" data-language-for-alternatives=\"es\" data-language-to-translate-into=\"pt\" data-phrase-index=\"0\" data-number-of-phrases=\"1\">Voltaje<\/span><\/span> <\/strong><\/td>\n<td style=\"width: 179.231%\">12 a 240VCC ou 24 a 240VCA<\/td>\n<\/tr>\n<\/tbody>\n<\/table>\n<h2>Garant\u00eda<\/h2>\n<p><span class=\"VIiyi\" lang=\"es\"><span class=\"JLqJ4b ChMk0b\" data-language-for-alternatives=\"es\" data-language-to-translate-into=\"pt\" data-phrase-index=\"0\" data-number-of-phrases=\"1\">12 meses de garant\u00eda por defectos de fabricaci\u00f3n.<\/span><\/span><\/p>\n","protected":false},"excerpt":{"rendered":"<h2><span class=\"VIiyi\" lang=\"es\"><span class=\"JLqJ4b ChMk0b\" data-language-for-alternatives=\"es\" data-language-to-translate-into=\"pt\" data-phrase-index=\"0\" data-number-of-phrases=\"1\">Kit de sensor anticolisi\u00f3n, elimina el choque entre equipos.<\/span><\/span><\/h2>\n<p><span class=\"VIiyi\" lang=\"es\"><span class=\"JLqJ4b ChMk0b\" data-language-for-alternatives=\"es\" data-language-to-translate-into=\"pt\" data-phrase-index=\"0\" data-number-of-phrases=\"1\">Usando el kit de sensores anticolisi\u00f3n de Seyconel, el cliente no solo elimina la posibilidad de colisi\u00f3n entre equipos, sino que tambi\u00e9n reduce los gastos de mantenimiento, repuestos, tiempo t\u00e9cnico y otros costos inesperados.<\/span><\/span><\/p>\n<h2><span class=\"VIiyi\" lang=\"es\"><span class=\"JLqJ4b ChMk0b\" data-language-for-alternatives=\"es\" data-language-to-translate-into=\"pt\" data-phrase-index=\"0\" data-number-of-phrases=\"1\">Prop\u00f3sito del sistema<\/span><\/span><\/h2>\n<p><span class=\"VIiyi\" lang=\"es\"><span class=\"JLqJ4b ChMk0b\" data-language-for-alternatives=\"es\" data-language-to-translate-into=\"pt\" data-phrase-index=\"0\" data-number-of-phrases=\"2\">El kit sensor anticolisi\u00f3n Seyconel es un equipo utilizado para evitar la colisi\u00f3n entre dos puentes, dos coches, dos montacargas, etc.<\/span> <span class=\"JLqJ4b ChMk0b\" data-language-for-alternatives=\"es\" data-language-to-translate-into=\"pt\" data-phrase-index=\"1\" data-number-of-phrases=\"2\">El kit es fundamental en este tipo de equipos porque la aproximaci\u00f3n entre estos dos componentes ocurre en lugares diferentes, es decir, no se considera un punto fijo (pero se puede decir que hay una distancia fija entre ellos).<\/span><\/span><\/p>\n","protected":false},"featured_media":574,"template":"","meta":[],"product_cat":[147],"product_tag":[186,187],"_links":{"self":[{"href":"https:\/\/seyconel.com\/es\/wp-json\/wp\/v2\/product\/483"}],"collection":[{"href":"https:\/\/seyconel.com\/es\/wp-json\/wp\/v2\/product"}],"about":[{"href":"https:\/\/seyconel.com\/es\/wp-json\/wp\/v2\/types\/product"}],"version-history":[{"count":5,"href":"https:\/\/seyconel.com\/es\/wp-json\/wp\/v2\/product\/483\/revisions"}],"predecessor-version":[{"id":1355,"href":"https:\/\/seyconel.com\/es\/wp-json\/wp\/v2\/product\/483\/revisions\/1355"}],"wp:featuredmedia":[{"embeddable":true,"href":"https:\/\/seyconel.com\/es\/wp-json\/wp\/v2\/media\/574"}],"wp:attachment":[{"href":"https:\/\/seyconel.com\/es\/wp-json\/wp\/v2\/media?parent=483"}],"wp:term":[{"taxonomy":"product_cat","embeddable":true,"href":"https:\/\/seyconel.com\/es\/wp-json\/wp\/v2\/product_cat?post=483"},{"taxonomy":"product_tag","embeddable":true,"href":"https:\/\/seyconel.com\/es\/wp-json\/wp\/v2\/product_tag?post=483"}],"curies":[{"name":"wp","href":"https:\/\/api.w.org\/{rel}","templated":true}]}}