{"id":482,"date":"2022-03-03T09:28:34","date_gmt":"2022-03-03T12:28:34","guid":{"rendered":"https:\/\/seyconel.com\/es\/?post_type=product&#038;p=482"},"modified":"2024-09-17T14:20:34","modified_gmt":"2024-09-17T17:20:34","slug":"gancho-doble-para-montacargas","status":"publish","type":"product","link":"https:\/\/seyconel.com\/es\/productos\/gancho-doble-para-montacargas\/","title":{"rendered":"Gancho Doble para Montacargas"},"content":{"rendered":"<h2>Uso de la carretilla elevadora de doble gancho<\/h2>\n<p>El gancho doble para carretillas elevadoras se adapta a las horquillas est\u00e1ndar y se bloquea en ellas con su sistema de bloqueo de pernos de seguridad. Adem\u00e1s, el gancho doble para carretillas elevadoras cuenta con asas de transporte para facilitar su manejo.<\/p>\n<h2>Fabricaci\u00f3n y desarrollo<\/h2>\n<p>En cumplimiento de las normas vigentes de fabricaci\u00f3n mec\u00e1nica, el aparato est\u00e1 fabricado en acero estructural (ASTM A36) y sus accesorios son de acero forjado. Las soldaduras realizadas cumplen con los procedimientos de la norma AWS D1.1:2015 y se someten a inspecci\u00f3n visual y a pruebas no destructivas (NDT) mediante l\u00edquidos penetrantes (LP), la pintura est\u00e1ndar se realiza con pintura epoxi de seguridad amarilla RAL 1003, pero podemos ofrecer en otros colores y procesos de pintura si es necesario (consultar con el sector de ventas). Dispone de placas de informaci\u00f3n de capacidad fabricadas en acero y soldadas a la estructura y de una placa de trazabilidad fabricada en aluminio, cumpliendo las normas ABNT NBR 8400, EN 13155, DIN 15402 y NR11.<\/p>\n<h3>Aspectos de seguridad y construcci\u00f3n<\/h3>\n<ul>\n<li>ABNT NBR 8400, EN 13155 y DIN 15402;<\/li>\n<li>Factor de seguridad 3:1;<\/li>\n<li>Libro de datos t\u00e9cnicos;<\/li>\n<li>ART (Anotaci\u00f3n de Responsabilidad T\u00e9cnica) de Proyecto y Fabricaci\u00f3n;<\/li>\n<li>Certificado de materiales; y<\/li>\n<li>Plan de mantenimiento.<\/li>\n<\/ul>\n<h3>Detalles t\u00e9cnicos<\/h3>\n<ul>\n<li>Ancho 740 mm;<\/li>\n<li>Longitud 140 mm;<\/li>\n<li>Capacidad de carga de 4 toneladas;<\/li>\n<li>Peso de tara de 30 kg;<\/li>\n<li>Una altura de trabajo m\u00ednima de 530 mm; y<\/li>\n<li>Para otras medidas, consulte a nuestro personal t\u00e9cnico.<\/li>\n<\/ul>\n<p><img loading=\"lazy\" class=\"aligncenter size-full wp-image-5861\" src=\"http:\/\/seyconel.com.br\/wp-content\/uploads\/2021\/06\/Dimensional-Gancho-Duplo-para-Empilhadeira.jpg\" alt=\"Dimensional - Gancho Duplo para Empilhadeira\" width=\"800\" height=\"600\" \/><\/p>\n","protected":false},"excerpt":{"rendered":"<h2>\u00bfNecesita un gancho doble para la carretilla elevadora?<\/h2>\n<p>El gancho doble para carretilla elevadora es un dispositivo dise\u00f1ado para resolver los problemas de movimiento de la carga con la ayuda de las dos horquillas de una carretilla elevadora. Su gancho aporta una gran versatilidad de tipos de carga a transportar como balancines para bigbags y cualquier otro tipo de carga que quepa en su gancho.<\/p>\n<p>Como el gancho doble de la carretilla elevadora requiere que se utilicen las dos horquillas de la carretilla, su capacidad de elevaci\u00f3n y carga es mayor. Otra pieza similar es el gancho de la carretilla.<\/p>\n","protected":false},"featured_media":571,"template":"","meta":[],"product_cat":[165],"product_tag":[210,212,211,207],"_links":{"self":[{"href":"https:\/\/seyconel.com\/es\/wp-json\/wp\/v2\/product\/482"}],"collection":[{"href":"https:\/\/seyconel.com\/es\/wp-json\/wp\/v2\/product"}],"about":[{"href":"https:\/\/seyconel.com\/es\/wp-json\/wp\/v2\/types\/product"}],"version-history":[{"count":4,"href":"https:\/\/seyconel.com\/es\/wp-json\/wp\/v2\/product\/482\/revisions"}],"predecessor-version":[{"id":1319,"href":"https:\/\/seyconel.com\/es\/wp-json\/wp\/v2\/product\/482\/revisions\/1319"}],"wp:featuredmedia":[{"embeddable":true,"href":"https:\/\/seyconel.com\/es\/wp-json\/wp\/v2\/media\/571"}],"wp:attachment":[{"href":"https:\/\/seyconel.com\/es\/wp-json\/wp\/v2\/media?parent=482"}],"wp:term":[{"taxonomy":"product_cat","embeddable":true,"href":"https:\/\/seyconel.com\/es\/wp-json\/wp\/v2\/product_cat?post=482"},{"taxonomy":"product_tag","embeddable":true,"href":"https:\/\/seyconel.com\/es\/wp-json\/wp\/v2\/product_tag?post=482"}],"curies":[{"name":"wp","href":"https:\/\/api.w.org\/{rel}","templated":true}]}}