{"id":480,"date":"2022-03-03T09:28:34","date_gmt":"2022-03-03T12:28:34","guid":{"rendered":"https:\/\/seyconel.com\/es\/?post_type=product&#038;p=480"},"modified":"2024-09-17T14:12:49","modified_gmt":"2024-09-17T17:12:49","slug":"agarra-tambor-de-montacargas","status":"publish","type":"product","link":"https:\/\/seyconel.com\/es\/productos\/agarra-tambor-de-montacargas\/","title":{"rendered":"Agarra Tambor de Montacargas"},"content":{"rendered":"<h2>\u00bfNecesita una manija de tambor para montacargas?<\/h2>\n<p><span class=\"JLqJ4b ChMk0b\" data-language-for-alternatives=\"es\" data-language-to-translate-into=\"pt\" data-phrase-index=\"0\" data-number-of-phrases=\"2\">La manija del tambor del montacargas es un dispositivo desarrollado para resolver problemas de movimiento de tambores en posici\u00f3n vertical con la ayuda de una sola horquilla del montacargas.<\/span> <span class=\"JLqJ4b ChMk0b\" data-language-for-alternatives=\"es\" data-language-to-translate-into=\"pt\" data-phrase-index=\"1\" data-number-of-phrases=\"2\">El dispositivo funciona con un mecanismo de tijera que abraza el tambor por los lados y lo levanta con la fuerza de la gravedad.<\/span><\/p>\n<p><span class=\"VIiyi\" lang=\"es\"><span class=\"JLqJ4b ChMk0b\" data-language-for-alternatives=\"es\" data-language-to-translate-into=\"pt\" data-phrase-index=\"0\" data-number-of-phrases=\"3\">El mango del tambor de la carretilla elevadora fue desarrollado para barriles de 200 litros (580 mm de di\u00e1metro), por lo que no es necesario ning\u00fan ajuste para su funcionamiento.<\/span> <span class=\"JLqJ4b ChMk0b\" data-language-for-alternatives=\"es\" data-language-to-translate-into=\"pt\" data-phrase-index=\"1\" data-number-of-phrases=\"3\">El dispositivo tambi\u00e9n est\u00e1 dise\u00f1ado para usarse en tama\u00f1os est\u00e1ndar de horquillas de montacargas y est\u00e1 bloqueado en la horquilla con su sistema de bloqueo de pernos de seguridad.<\/span> <span class=\"JLqJ4b ChMk0b\" data-language-for-alternatives=\"es\" data-language-to-translate-into=\"pt\" data-phrase-index=\"2\" data-number-of-phrases=\"3\">Adem\u00e1s, el dispositivo tiene asas de transporte para un f\u00e1cil manejo.<\/span><\/span><\/p>\n<h2><span class=\"VIiyi\" lang=\"es\"><span class=\"JLqJ4b ChMk0b\" data-language-for-alternatives=\"es\" data-language-to-translate-into=\"pt\" data-phrase-index=\"0\" data-number-of-phrases=\"1\">Uso de la empu\u00f1adura de tambor para montacargas<\/span><\/span><\/h2>\n<p><span class=\"VIiyi\" lang=\"es\"><span class=\"JLqJ4b ChMk0b\" data-language-for-alternatives=\"es\" data-language-to-translate-into=\"pt\" data-phrase-index=\"0\" data-number-of-phrases=\"1\">El acoplamiento y desacoplamiento de la manija del tambor de la carretilla elevadora es simple y no requiere la asistencia del operador.<\/span><\/span><\/p>\n<ul>\n<li><span class=\"VIiyi\" lang=\"es\"><span class=\"JLqJ4b ChMk0b\" data-language-for-alternatives=\"es\" data-language-to-translate-into=\"pt\" data-phrase-index=\"0\" data-number-of-phrases=\"1\">El acoplamiento se puede realizar de dos formas: la primera con el equipo acerc\u00e1ndose al tambor y la segunda por el frente, en ambas el sistema de tijera se abre solo con la forma del tambor y se cierra por gravedad levantando el tambor.<\/span><\/span><\/li>\n<li><span class=\"VIiyi\" lang=\"es\"><span class=\"JLqJ4b ChMk0b\" data-language-for-alternatives=\"es\" data-language-to-translate-into=\"pt\" data-phrase-index=\"0\" data-number-of-phrases=\"1\">Cuando el equipo est\u00e1 desacoplado, el brazo del montacargas desciende, desengancha el dispositivo y realiza el movimiento de salida, dejando el tambor libre.<\/span><\/span><\/li>\n<\/ul>\n<h2><span class=\"VIiyi\" lang=\"es\"><span class=\"JLqJ4b ChMk0b\" data-language-for-alternatives=\"es\" data-language-to-translate-into=\"pt\" data-phrase-index=\"0\" data-number-of-phrases=\"1\">Fabricaci\u00f3n y Desarrollo<\/span><\/span><\/h2>\n<p><span class=\"VIiyi\" lang=\"es\"><span class=\"JLqJ4b ChMk0b\" data-language-for-alternatives=\"es\" data-language-to-translate-into=\"pt\" data-phrase-index=\"0\" data-number-of-phrases=\"3\">De acuerdo con las normas de fabricaci\u00f3n mec\u00e1nica vigentes, el dispositivo est\u00e1 fabricado en acero estructural (ASTM A36).<\/span> <span class=\"JLqJ4b ChMk0b\" data-language-for-alternatives=\"es\" data-language-to-translate-into=\"pt\" data-phrase-index=\"1\" data-number-of-phrases=\"3\">Las soldaduras realizadas cumplen con los procedimientos de AWS D1.1:2015 y pasan inspecci\u00f3n visual y ensayo no destructivo (END) por l\u00edquido penetrante (LP), la pintura est\u00e1ndar se realiza con pintura epoxi en color amarillo de seguridad RAL 1003, pero podemos suministrar en otros colores y procesos de pintura si es necesario (consultar departamento comercial).<\/span> <span class=\"JLqJ4b ChMk0b\" data-language-for-alternatives=\"es\" data-language-to-translate-into=\"pt\" data-phrase-index=\"2\" data-number-of-phrases=\"3\">Posee placas de informaci\u00f3n de capacidad en acero y soldadas a la estructura y placa de trazabilidad en aluminio, cumpliendo con las normas ABNT NBR 8400, EN 13155, DIN 15402 y NR11.<\/span><\/span><\/p>\n<h3><span class=\"VIiyi\" lang=\"es\"><span class=\"JLqJ4b ChMk0b\" data-language-for-alternatives=\"es\" data-language-to-translate-into=\"pt\" data-phrase-index=\"0\" data-number-of-phrases=\"1\">Aspectos de Seguridad y Construcci\u00f3n<\/span><\/span><\/h3>\n<ul>\n<li><span class=\"VIiyi\" lang=\"es\"><span class=\"JLqJ4b ChMk0b\" data-language-for-alternatives=\"es\" data-language-to-translate-into=\"da\" data-phrase-index=\"0\" data-number-of-phrases=\"1\">ABNT NBR 8400, EN 13155 y DIN 15402;<\/span><\/span><\/li>\n<li><span class=\"VIiyi\" lang=\"es\"><span class=\"JLqJ4b ChMk0b\" data-language-for-alternatives=\"es\" data-language-to-translate-into=\"pt\" data-phrase-index=\"0\" data-number-of-phrases=\"1\">factor de seguridad 3:1;<\/span><\/span><\/li>\n<li><span class=\"VIiyi\" lang=\"es\"><span class=\"JLqJ4b ChMk0b\" data-language-for-alternatives=\"es\" data-language-to-translate-into=\"pt\" data-phrase-index=\"0\" data-number-of-phrases=\"1\">Libro de datos t\u00e9cnicos;<\/span><\/span><\/li>\n<li><span class=\"VIiyi\" lang=\"es\"><span class=\"JLqJ4b ChMk0b\" data-language-for-alternatives=\"es\" data-language-to-translate-into=\"pt\" data-phrase-index=\"0\" data-number-of-phrases=\"1\">Dise\u00f1o y Fabricaci\u00f3n ART (Nota de Responsabilidad T\u00e9cnica);<\/span><\/span><\/li>\n<li><span class=\"VIiyi\" lang=\"es\"><span class=\"JLqJ4b ChMk0b\" data-language-for-alternatives=\"es\" data-language-to-translate-into=\"pt\" data-phrase-index=\"0\" data-number-of-phrases=\"1\">Material certificado;<\/span><\/span><\/li>\n<li><span class=\"VIiyi\" lang=\"es\"><span class=\"JLqJ4b ChMk0b\" data-language-for-alternatives=\"es\" data-language-to-translate-into=\"pt\" data-phrase-index=\"0\" data-number-of-phrases=\"1\">Plan de mantenimiento.<\/span><\/span><\/li>\n<\/ul>\n<h3><span class=\"VIiyi\" lang=\"es\"><span class=\"JLqJ4b ChMk0b\" data-language-for-alternatives=\"es\" data-language-to-translate-into=\"pt\" data-phrase-index=\"0\" data-number-of-phrases=\"1\">Detalles t\u00e9cnicos<\/span><\/span><\/h3>\n<ul>\n<li><span class=\"VIiyi\" lang=\"es\"><span class=\"JLqJ4b ChMk0b\" data-language-for-alternatives=\"es\" data-language-to-translate-into=\"pt\" data-phrase-index=\"0\" data-number-of-phrases=\"1\">Compatible con bidones de 200 litros (di\u00e1metro 580 mm);<\/span><\/span><\/li>\n<li><span class=\"VIiyi\" lang=\"es\"><span class=\"JLqJ4b ChMk0b\" data-language-for-alternatives=\"es\" data-language-to-translate-into=\"pt\" data-phrase-index=\"0\" data-number-of-phrases=\"1\">Altura m\u00ednima de trabajo de 380 mm;<\/span><\/span><\/li>\n<li><span class=\"VIiyi\" lang=\"es\"><span class=\"JLqJ4b ChMk0b\" data-language-for-alternatives=\"es\" data-language-to-translate-into=\"pt\" data-phrase-index=\"0\" data-number-of-phrases=\"1\">Ancho del dispositivo de 620 mm;<\/span><\/span><\/li>\n<li><span class=\"VIiyi\" lang=\"es\"><span class=\"JLqJ4b ChMk0b\" data-language-for-alternatives=\"es\" data-language-to-translate-into=\"pt\" data-phrase-index=\"0\" data-number-of-phrases=\"1\">Capacidad de 0,25 toneladas;<\/span><\/span><\/li>\n<li>Tara de 20 kg;<\/li>\n<li><span class=\"VIiyi\" lang=\"es\"><span class=\"JLqJ4b ChMk0b\" data-language-for-alternatives=\"es\" data-language-to-translate-into=\"pt\" data-phrase-index=\"0\" data-number-of-phrases=\"1\">Para otras medidas consultar con nuestro personal t\u00e9cnico.<\/span><\/span><\/li>\n<\/ul>\n<p><img loading=\"lazy\" class=\"aligncenter size-full wp-image-5850\" src=\"http:\/\/seyconel.com.br\/wp-content\/uploads\/2021\/06\/Dimensional-Pega-Tambor-para-Empilhadeira.jpg\" alt=\"Dimensional - Pega Tambor para Empilhadeira\" width=\"800\" height=\"600\" \/><\/p>\n","protected":false},"excerpt":{"rendered":"<p><span class=\"VIiyi\" lang=\"es\"><span class=\"JLqJ4b ChMk0b\" data-language-for-alternatives=\"es\" data-language-to-translate-into=\"pt\" data-phrase-index=\"0\" data-number-of-phrases=\"1\">Valores relacionados con ICMS del 12%<\/span><\/span><br \/>\n<span class=\"VIiyi\" lang=\"es\"><span class=\"JLqJ4b ChMk0b\" data-language-for-alternatives=\"es\" data-language-to-translate-into=\"pt\" data-phrase-index=\"0\" data-number-of-phrases=\"1\">Para otros ICMS, contacte a nuestros asesores t\u00e9cnicos y solicite una cotizaci\u00f3n.<\/span><\/span><\/p>\n","protected":false},"featured_media":563,"template":"","meta":[],"product_cat":[165],"product_tag":[207,209,117,208],"_links":{"self":[{"href":"https:\/\/seyconel.com\/es\/wp-json\/wp\/v2\/product\/480"}],"collection":[{"href":"https:\/\/seyconel.com\/es\/wp-json\/wp\/v2\/product"}],"about":[{"href":"https:\/\/seyconel.com\/es\/wp-json\/wp\/v2\/types\/product"}],"version-history":[{"count":6,"href":"https:\/\/seyconel.com\/es\/wp-json\/wp\/v2\/product\/480\/revisions"}],"predecessor-version":[{"id":1316,"href":"https:\/\/seyconel.com\/es\/wp-json\/wp\/v2\/product\/480\/revisions\/1316"}],"wp:featuredmedia":[{"embeddable":true,"href":"https:\/\/seyconel.com\/es\/wp-json\/wp\/v2\/media\/563"}],"wp:attachment":[{"href":"https:\/\/seyconel.com\/es\/wp-json\/wp\/v2\/media?parent=480"}],"wp:term":[{"taxonomy":"product_cat","embeddable":true,"href":"https:\/\/seyconel.com\/es\/wp-json\/wp\/v2\/product_cat?post=480"},{"taxonomy":"product_tag","embeddable":true,"href":"https:\/\/seyconel.com\/es\/wp-json\/wp\/v2\/product_tag?post=480"}],"curies":[{"name":"wp","href":"https:\/\/api.w.org\/{rel}","templated":true}]}}