{"id":478,"date":"2022-03-03T09:28:34","date_gmt":"2022-03-03T12:28:34","guid":{"rendered":"https:\/\/seyconel.com\/es\/?post_type=product&#038;p=478"},"modified":"2022-03-09T15:06:44","modified_gmt":"2022-03-09T18:06:44","slug":"balanca-suspensa-bds-sey","status":"publish","type":"product","link":"https:\/\/seyconel.com\/es\/productos\/balanca-suspensa-bds-sey\/","title":{"rendered":"B\u00e1scula de suspensi\u00f3n BDS-SEY"},"content":{"rendered":"<p><span class=\"VIiyi\" lang=\"es\"><span class=\"JLqJ4b ChMk0b\" data-language-for-alternatives=\"es\" data-language-to-translate-into=\"pt\" data-phrase-index=\"0\" data-number-of-phrases=\"3\">Usando tecnolog\u00eda de conversi\u00f3n A\/D de microprocesador de la serie AT de alta velocidad y alta precisi\u00f3n, este equipo tiene un circuito de compensaci\u00f3n de inestabilidad de dise\u00f1o especial, de esta manera, puede lograr estabilidad con una fuerte capacidad de interferencia.<\/span><\/span><\/p>\n<p><span class=\"VIiyi\" lang=\"es\"> <span class=\"JLqJ4b ChMk0b\" data-language-for-alternatives=\"es\" data-language-to-translate-into=\"pt\" data-phrase-index=\"2\" data-number-of-phrases=\"3\">Tiene una amplia gama de usos, pudiendo pesar los materiales suspendidos en cualquier gr\u00faa para comprobar el peso exacto durante la operaci\u00f3n, aportando fiabilidad y agilidad en el proceso productivo.<\/span><\/span><\/p>\n","protected":false},"excerpt":{"rendered":"<p>Usando tecnolog\u00eda de conversi\u00f3n A\/D de microprocesador de la serie AT de alta velocidad y alta precisi\u00f3n, este equipo tiene un circuito de compensaci\u00f3n de inestabilidad de dise\u00f1o especial, de esta manera, puede lograr estabilidad con una fuerte capacidad de interferencia. Tiene una amplia gama de usos, pudiendo pesar los materiales suspendidos en cualquier gr\u00faa [&hellip;]<\/p>\n","protected":false},"featured_media":539,"template":"","meta":[],"product_cat":[154],"product_tag":[252],"_links":{"self":[{"href":"https:\/\/seyconel.com\/es\/wp-json\/wp\/v2\/product\/478"}],"collection":[{"href":"https:\/\/seyconel.com\/es\/wp-json\/wp\/v2\/product"}],"about":[{"href":"https:\/\/seyconel.com\/es\/wp-json\/wp\/v2\/types\/product"}],"version-history":[{"count":4,"href":"https:\/\/seyconel.com\/es\/wp-json\/wp\/v2\/product\/478\/revisions"}],"predecessor-version":[{"id":1175,"href":"https:\/\/seyconel.com\/es\/wp-json\/wp\/v2\/product\/478\/revisions\/1175"}],"wp:featuredmedia":[{"embeddable":true,"href":"https:\/\/seyconel.com\/es\/wp-json\/wp\/v2\/media\/539"}],"wp:attachment":[{"href":"https:\/\/seyconel.com\/es\/wp-json\/wp\/v2\/media?parent=478"}],"wp:term":[{"taxonomy":"product_cat","embeddable":true,"href":"https:\/\/seyconel.com\/es\/wp-json\/wp\/v2\/product_cat?post=478"},{"taxonomy":"product_tag","embeddable":true,"href":"https:\/\/seyconel.com\/es\/wp-json\/wp\/v2\/product_tag?post=478"}],"curies":[{"name":"wp","href":"https:\/\/api.w.org\/{rel}","templated":true}]}}