{"id":477,"date":"2022-03-03T09:28:34","date_gmt":"2022-03-03T12:28:34","guid":{"rendered":"https:\/\/seyconel.com\/es\/?post_type=product&#038;p=477"},"modified":"2022-03-03T09:28:53","modified_gmt":"2022-03-03T12:28:53","slug":"gancho-c-eletromecanico","status":"publish","type":"product","link":"https:\/\/seyconel.com\/es\/productos\/gancho-c-eletromecanico\/","title":{"rendered":"Gancho C Eletromec\u00e2nico"},"content":{"rendered":"<h2>Gancho C Eletromec\u00e2nico<\/h2>\n<p>O gancho C eletromec\u00e2nico para 14 toneladas com giro \u00e9 um dispositivo projetado para o transporte de bobinas de chapa de a\u00e7o ou fio m\u00e1quina. Aprimorando o gancho C convencional, adicionamos o giro eletromec\u00e2nico acionado pelo operador, solucionando problemas de armazenamento que necessitam a mudan\u00e7a no sentido das bobinas ou que possuam pouco espa\u00e7o para manuseamento das mesmas.<\/p>\n<p>O fato de ser operado remotamente traz seguran\u00e7a ao processo, principalmente nas opera\u00e7\u00f5es onde as bobinas s\u00e3o armazenadas em pilhas.<\/p>\n<h3>Fabrica\u00e7\u00e3o e Desenvolvimento<\/h3>\n<p>Atendendo as normas vigentes o dispositivo \u00e9 fabricado em a\u00e7o estrutural (ASTM A36\/A572) e seus acess\u00f3rios s\u00e3o de a\u00e7o forjado, para os pontos de contato com a bobina podem ser fornecidos apoios em PU que evitam danos as bobinas (principalmente utilizado para i\u00e7amento de bobinas de chapa de a\u00e7o de espessura fina e alum\u00ednio). Soldas realizadas cumprem os procedimentos da AWS D1.1:2015 e passam por inspe\u00e7\u00e3o visual e ensaio n\u00e3o destrutivo (END) por l\u00edquido penetrante (LP), a pintura padr\u00e3o \u00e9 realizada com tinta ep\u00f3xi na cor amarelo seguran\u00e7a RAL 1003, por\u00e9m podemos fornecer em outras cores e processos de pintura caso necess\u00e1rio (consultar setor de vendas). Conta com plaquetas de informa\u00e7\u00e3o de capacidade fabricadas em a\u00e7o e soldadas na estrutura e plaqueta de rastreabilidade fabricada em alum\u00ednio, atendendo as normas ABNT NBR 8400, EN 13155, DIN 15402 e NR11.<\/p>\n<h3>Aspectos de seguran\u00e7a e constru\u00e7\u00e3o:<\/h3>\n<ul>\n<li>ABNT NBR 8400, EN 13155 e DIN 15402;<\/li>\n<li>Fator de seguran\u00e7a 3:1;<\/li>\n<li>Databook t\u00e9cnico;<\/li>\n<li>ART (Atestado de responsabilidade t\u00e9cnica) de Projeto e ou Fabrica\u00e7\u00e3o\/Instala\u00e7\u00e3o;<\/li>\n<li>Certificado;<\/li>\n<li>Plano de manuten\u00e7\u00e3o.<\/li>\n<\/ul>\n<h3>Caracter\u00edsticas T\u00e9cnicas:<\/h3>\n<figure id=\"attachment_5527\" aria-describedby=\"caption-attachment-5527\" style=\"width: 800px\" class=\"wp-caption aligncenter\"><img loading=\"lazy\" class=\"size-full wp-image-5527\" src=\"http:\/\/seyconel.com.br\/wp-content\/uploads\/2021\/03\/Dimensional-Gancho-C-Eletromecanico.jpg\" alt=\"Gancho C Eletromec\u00e2nico - Dimensional\" width=\"800\" height=\"600\" \/><figcaption id=\"caption-attachment-5527\" class=\"wp-caption-text\">Figura 1 &#8211; Dimensional<\/figcaption><\/figure>\n<figure id=\"attachment_5528\" aria-describedby=\"caption-attachment-5528\" style=\"width: 509px\" class=\"wp-caption aligncenter\"><img loading=\"lazy\" class=\"size-full wp-image-5528\" src=\"http:\/\/seyconel.com.br\/wp-content\/uploads\/2021\/03\/Gancho-C-Eletromecanico-Tabela.jpg\" alt=\"Gancho C Eletromec\u00e2nico - Tabela\" width=\"509\" height=\"72\" \/><figcaption id=\"caption-attachment-5528\" class=\"wp-caption-text\">Figura 2 &#8211; Tabela<\/figcaption><\/figure>\n","protected":false},"excerpt":{"rendered":"<h1>Eleva\u00e7\u00e3o de Bobinas? Gancho C \u00e9 a solu\u00e7\u00e3o!<\/h1>\n<p>Gancho C eletromec\u00e2nico \u00e9 projetado e fabricado de forma robusta, permite um i\u00e7amento e movimenta\u00e7\u00e3o segura e de excelente agilidade, proporcionado um maior poder de armazenagem das bobinas no estoque.<\/p>\n<p>Na maioria dos casos \u00e9 suspenso por uma ponte rolante, acoplado por um ponto de i\u00e7amento superior (olhal) alinhado com o centro de gravidade do dispositivo, assim projetado o gancho C Seyconel mantem se sem inclina\u00e7\u00f5es indesej\u00e1veis durante a opera\u00e7\u00e3o, proporcionando a seguran\u00e7a desejada durante o processo de movimenta\u00e7\u00e3o das bobinas e em vazio. Pode tamb\u00e9m ser utilizado com empilhadeiras, guindastes e outros equipamentos de i\u00e7amento de cargas.<\/p>\n","protected":false},"featured_media":537,"template":"","meta":[],"product_cat":[165],"product_tag":[77,78,79,80],"_links":{"self":[{"href":"https:\/\/seyconel.com\/es\/wp-json\/wp\/v2\/product\/477"}],"collection":[{"href":"https:\/\/seyconel.com\/es\/wp-json\/wp\/v2\/product"}],"about":[{"href":"https:\/\/seyconel.com\/es\/wp-json\/wp\/v2\/types\/product"}],"version-history":[{"count":1,"href":"https:\/\/seyconel.com\/es\/wp-json\/wp\/v2\/product\/477\/revisions"}],"predecessor-version":[{"id":538,"href":"https:\/\/seyconel.com\/es\/wp-json\/wp\/v2\/product\/477\/revisions\/538"}],"wp:featuredmedia":[{"embeddable":true,"href":"https:\/\/seyconel.com\/es\/wp-json\/wp\/v2\/media\/537"}],"wp:attachment":[{"href":"https:\/\/seyconel.com\/es\/wp-json\/wp\/v2\/media?parent=477"}],"wp:term":[{"taxonomy":"product_cat","embeddable":true,"href":"https:\/\/seyconel.com\/es\/wp-json\/wp\/v2\/product_cat?post=477"},{"taxonomy":"product_tag","embeddable":true,"href":"https:\/\/seyconel.com\/es\/wp-json\/wp\/v2\/product_tag?post=477"}],"curies":[{"name":"wp","href":"https:\/\/api.w.org\/{rel}","templated":true}]}}