{"id":476,"date":"2022-03-03T09:28:34","date_gmt":"2022-03-03T12:28:34","guid":{"rendered":"https:\/\/seyconel.com\/es\/?post_type=product&#038;p=476"},"modified":"2024-09-17T14:12:32","modified_gmt":"2024-09-17T17:12:32","slug":"horquilla-para-paletas","status":"publish","type":"product","link":"https:\/\/seyconel.com\/es\/productos\/horquilla-para-paletas\/","title":{"rendered":"Horquilla para paletas"},"content":{"rendered":"<h2>Uso de la horquilla para paletas<\/h2>\n<p>Es ideal para manipular todo tipo de productos en estanter\u00edas de paletas, como bloques, ladrillos, baldosas y cer\u00e1mica, y puede elevarse con gr\u00faas a\u00e9reas, gr\u00faasmunck, polipastos y monorra\u00edles. Adem\u00e1s, todos nuestros dispositivos pueden fabricarse a medida para satisfacer las necesidades del cliente, con otras capacidades, dimensiones y n\u00famero de horquillas, para diferentes materiales y pal\u00e9s. Tambi\u00e9n puede ser fijo, ajustable, con protecci\u00f3n y jaula.<\/p>\n<h3>Normas de fabricaci\u00f3n<\/h3>\n<p>De acuerdo con las normas vigentes, el dispositivo est\u00e1 fabricado en acero estructural (ASTM A36\/A572) y sus accesorios son de acero forjado, pudiendo disponerse de soportes de PU para los puntos de contacto con la bobina para evitar que se da\u00f1en las bobinas (se utiliza principalmente para levantar bobinas finas de acero y aluminio). Las soldaduras realizadas cumplen con los procedimientos de la norma AWS D1.1:2015 y se someten a inspecci\u00f3n visual y a pruebas no destructivas (NDT) mediante l\u00edquidos penetrantes (LP), la pintura est\u00e1ndar se realiza con pintura epoxi de seguridad amarilla RAL 1003, pero podemos ofrecer en otros colores y procesos de pintura si es necesario (consultar con el sector de ventas). Dispone de placas de informaci\u00f3n de capacidad fabricadas en acero y soldadas a la estructura y de una placa de trazabilidad fabricada en aluminio, cumpliendo las normas ABNT NBR 8400, EN 13155, DIN 15402 y NR11.<\/p>\n<h3>Aspectos de seguridad y construcci\u00f3n de la horquilla de paletas:<\/h3>\n<ul>\n<li>ABNT NBR 8400, EN 13155 y DIN 15402;<\/li>\n<li>Factor de seguridad 3:1;<\/li>\n<li>Libro de datos t\u00e9cnicos;<\/li>\n<li>ART (Certificado de Responsabilidad T\u00e9cnica) de Dise\u00f1o y\/o Fabricaci\u00f3n\/Instalaci\u00f3n;<\/li>\n<li>Certificado;<\/li>\n<li>Plan de mantenimiento.<\/li>\n<\/ul>\n<p>&nbsp;<\/p>\n<figure id=\"attachment_5531\" aria-describedby=\"caption-attachment-5531\" style=\"width: 800px\" class=\"wp-caption aligncenter\"><img loading=\"lazy\" class=\"size-full wp-image-5531\" src=\"http:\/\/seyconel.com.br\/wp-content\/uploads\/2021\/02\/Garfo-Paleteiro-Dimensional.jpg\" alt=\"Garfo Paleteiro - Dimensional\" width=\"800\" height=\"600\" \/><figcaption id=\"caption-attachment-5531\" class=\"wp-caption-text\">Figura 1 &#8211; Dimensional<\/figcaption><\/figure>\n","protected":false},"excerpt":{"rendered":"<p>La horquilla para paletas es un dispositivo desarrollado para resolver los problemas de manipulaci\u00f3n de cargas en paletas, utilizando gr\u00faas a\u00e9reas o gr\u00faas. Dispone de un c\u00e1ncamo en la parte superior para la elevaci\u00f3n del conjunto y de horquillas forjadas en la parte inferior para la elevaci\u00f3n de la carga.<\/p>\n<p>Permite el ajuste de la posici\u00f3n de las horquillas, lo que permite el acoplamiento a diferentes tama\u00f1os de paletas y a diversas cargas. El c\u00e1ncamo superior tambi\u00e9n es ajustable, lo que permite al operario equilibrar la carga, evitando inclinaciones indeseadas durante la elevaci\u00f3n, haciendo que la manipulaci\u00f3n sea segura.<\/p>\n<p>&nbsp;<\/p>\n","protected":false},"featured_media":533,"template":"","meta":[],"product_cat":[165],"product_tag":[180,112,206],"_links":{"self":[{"href":"https:\/\/seyconel.com\/es\/wp-json\/wp\/v2\/product\/476"}],"collection":[{"href":"https:\/\/seyconel.com\/es\/wp-json\/wp\/v2\/product"}],"about":[{"href":"https:\/\/seyconel.com\/es\/wp-json\/wp\/v2\/types\/product"}],"version-history":[{"count":4,"href":"https:\/\/seyconel.com\/es\/wp-json\/wp\/v2\/product\/476\/revisions"}],"predecessor-version":[{"id":1144,"href":"https:\/\/seyconel.com\/es\/wp-json\/wp\/v2\/product\/476\/revisions\/1144"}],"wp:featuredmedia":[{"embeddable":true,"href":"https:\/\/seyconel.com\/es\/wp-json\/wp\/v2\/media\/533"}],"wp:attachment":[{"href":"https:\/\/seyconel.com\/es\/wp-json\/wp\/v2\/media?parent=476"}],"wp:term":[{"taxonomy":"product_cat","embeddable":true,"href":"https:\/\/seyconel.com\/es\/wp-json\/wp\/v2\/product_cat?post=476"},{"taxonomy":"product_tag","embeddable":true,"href":"https:\/\/seyconel.com\/es\/wp-json\/wp\/v2\/product_tag?post=476"}],"curies":[{"name":"wp","href":"https:\/\/api.w.org\/{rel}","templated":true}]}}