{"id":475,"date":"2022-03-03T09:28:34","date_gmt":"2022-03-03T12:28:34","guid":{"rendered":"https:\/\/seyconel.com\/es\/?post_type=product&#038;p=475"},"modified":"2024-09-17T14:12:11","modified_gmt":"2024-09-17T17:12:11","slug":"balancin-travesion-a","status":"publish","type":"product","link":"https:\/\/seyconel.com\/es\/productos\/balancin-travesion-a\/","title":{"rendered":"Balanc\u00edn Travesi\u00f3n A"},"content":{"rendered":"<p>Equilibrador con doce ganchos soldables en los lados (seis en cada lado).<\/p>\n<p>Usamos ganchos forjados (con cerradura), adecuados para la aplicaci\u00f3n de la soldadura. A continuaci\u00f3n se muestra la tabla con los modelos y las mediciones.<\/p>\n<p>Debido a que tiene pares de ganchos, est\u00e1 indicado para levantar cargas con asas en los lados (como chapas, fardos de chapa y estructuras met\u00e1licas) y para el amarre de tipo cesta\/canasta.<\/p>\n<p>Otra caracter\u00edstica fundamental de este tipo de balanc\u00edn es su reducida altura, debido a que los ganchos no est\u00e1n en la parte inferior del haz se vuelve compacto.<\/p>\n<h3>Soluci\u00f3n para:<\/h3>\n<p>Levantamiento y manejo de placas de acero, tubos de acero, fardos de barras de acero, vigas, perfiles en general, entre otros.<\/p>\n<h3>Aspectos de seguridad y construcci\u00f3n del Balancim Travess\u00e3o:<\/h3>\n<ul>\n<li>ABNT NBR 8400, EN 13155 y DIN 15402;<\/li>\n<li>Factor de seguridad 3:1;<\/li>\n<li>Libro de datos t\u00e9cnicos;<\/li>\n<li>ART (Certificado de Responsabilidad T\u00e9cnica) de Dise\u00f1o y\/o Fabricaci\u00f3n\/Instalaci\u00f3n;<\/li>\n<li>Certificado;<\/li>\n<li>Plan de mantenimiento.<\/li>\n<\/ul>\n<h3>Caracter\u00edsticas t\u00e9cnicas:<\/h3>\n<figure id=\"attachment_5537\" aria-describedby=\"caption-attachment-5537\" style=\"width: 800px\" class=\"wp-caption aligncenter\"><img loading=\"lazy\" class=\"size-full wp-image-5537\" src=\"http:\/\/seyconel.com.br\/wp-content\/uploads\/2021\/01\/Balancim-Travessao-A-Dimensional.jpg\" alt=\"Balancim Travess\u00e3o A - Dimensional\" width=\"800\" height=\"600\" \/><figcaption id=\"caption-attachment-5537\" class=\"wp-caption-text\">Brazo separador A &#8211; Dimensi\u00f3n<\/figcaption><\/figure>\n<figure id=\"attachment_5535\" aria-describedby=\"caption-attachment-5535\" style=\"width: 694px\" class=\"wp-caption aligncenter\"><img loading=\"lazy\" class=\"size-full wp-image-5535\" src=\"http:\/\/seyconel.com.br\/wp-content\/uploads\/2021\/01\/Balancim-Travessao-A-Tabela.jpg\" alt=\"Balancim Travess\u00e3o A - Tabela\" width=\"694\" height=\"1123\" \/><figcaption id=\"caption-attachment-5535\" class=\"wp-caption-text\">Figura 2 &#8211; Tabla<\/figcaption><\/figure>\n","protected":false},"excerpt":{"rendered":"<p>El balanc\u00edn es uno de los dispositivos m\u00e1s utilizados para levantar y manipular cargas. Puede ser usado junto con correas, cadenas, cables de acero, agarraderas, elevadores magn\u00e9ticos, entre otros accesorios.<\/p>\n<p>Muy vers\u00e1til, es apto para varios tipos de cargas, ya sean cargas comunes como: fardos de barras de acero, placas, perfiles, tubos, etc. o levantamiento de elementos espec\u00edficos como: estructuras met\u00e1licas, chasis de m\u00e1quinas, etc. proporcionando siempre agilidad y seguridad en el levantamiento.<\/p>\n<p>Seyconel trabaja con dos tipos est\u00e1ndar de \u00e1rboles de swingle (Tipo A y Tipo B, abajo), pero tambi\u00e9n desarrollamos art\u00edculos especiales seg\u00fan las necesidades del cliente.<\/p>\n","protected":false},"featured_media":528,"template":"","meta":[],"product_cat":[165],"product_tag":[87,203,204,205],"_links":{"self":[{"href":"https:\/\/seyconel.com\/es\/wp-json\/wp\/v2\/product\/475"}],"collection":[{"href":"https:\/\/seyconel.com\/es\/wp-json\/wp\/v2\/product"}],"about":[{"href":"https:\/\/seyconel.com\/es\/wp-json\/wp\/v2\/types\/product"}],"version-history":[{"count":5,"href":"https:\/\/seyconel.com\/es\/wp-json\/wp\/v2\/product\/475\/revisions"}],"predecessor-version":[{"id":1311,"href":"https:\/\/seyconel.com\/es\/wp-json\/wp\/v2\/product\/475\/revisions\/1311"}],"wp:featuredmedia":[{"embeddable":true,"href":"https:\/\/seyconel.com\/es\/wp-json\/wp\/v2\/media\/528"}],"wp:attachment":[{"href":"https:\/\/seyconel.com\/es\/wp-json\/wp\/v2\/media?parent=475"}],"wp:term":[{"taxonomy":"product_cat","embeddable":true,"href":"https:\/\/seyconel.com\/es\/wp-json\/wp\/v2\/product_cat?post=475"},{"taxonomy":"product_tag","embeddable":true,"href":"https:\/\/seyconel.com\/es\/wp-json\/wp\/v2\/product_tag?post=475"}],"curies":[{"name":"wp","href":"https:\/\/api.w.org\/{rel}","templated":true}]}}