{"id":474,"date":"2022-03-03T09:28:34","date_gmt":"2022-03-03T12:28:34","guid":{"rendered":"https:\/\/seyconel.com\/es\/?post_type=product&#038;p=474"},"modified":"2024-09-17T14:11:52","modified_gmt":"2024-09-17T17:11:52","slug":"agarra-bobina-de-alambre-interno","status":"publish","type":"product","link":"https:\/\/seyconel.com\/es\/productos\/agarra-bobina-de-alambre-interno\/","title":{"rendered":"Agarra Bobina de Alambre Interno"},"content":{"rendered":"<h2>Bobina de alambre, \u00bfc\u00f3mo funciona?<\/h2>\n<p>El mango de la bobina de alambre funciona con un mecanismo de tipo tijera en el que el mango se hace con la ayuda del propio peso de la bobina, cuanto m\u00e1s pesado sea el mango mayor ser\u00e1 la fuerza.<\/p>\n<p>Este mecanismo se activa por el levantamiento del conjunto por el ojo superior central.<\/p>\n<table style=\"border-collapse: collapse;width: 100%\">\n<tbody>\n<tr>\n<td style=\"width: 25%;text-align: center\"><img loading=\"lazy\" class=\"alignnone wp-image-4426\" src=\"https:\/\/seyconel.com.br\/wp-content\/uploads\/2020\/11\/2-1-186x300.jpg\" alt=\"\" width=\"218\" height=\"352\" \/><\/td>\n<td style=\"width: 25%;text-align: center\"><img loading=\"lazy\" class=\"wp-image-4429 aligncenter\" src=\"https:\/\/seyconel.com.br\/wp-content\/uploads\/2020\/11\/5-232x300.jpg\" alt=\"\" width=\"214\" height=\"277\" \/><\/td>\n<td style=\"width: 25%;text-align: center\"><img loading=\"lazy\" class=\"alignnone wp-image-4428\" src=\"https:\/\/seyconel.com.br\/wp-content\/uploads\/2020\/11\/4-194x300.jpg\" alt=\"\" width=\"205\" height=\"317\" \/><\/td>\n<td style=\"width: 25%;text-align: center\"><img loading=\"lazy\" class=\"alignnone size-medium wp-image-4427\" src=\"https:\/\/seyconel.com.br\/wp-content\/uploads\/2020\/11\/3-239x300.jpg\" alt=\"\" width=\"239\" height=\"300\" \/><\/td>\n<\/tr>\n<tr>\n<td style=\"width: 25%;text-align: center\">Aproximaci\u00f3n entre el dispositivo y la pieza, en este momento la cerradura est\u00e1 siendo operada<\/td>\n<td style=\"width: 25%;text-align: center\">Colocaci\u00f3n del dispositivo centrado en la pieza hasta que su base descanse. El bloqueo se activa en ese momento, desbloqueando el dispositivo<\/td>\n<td style=\"width: 25%;text-align: center\">Levantando y transportando la bobina, el peso de la bobina ayuda a la elevaci\u00f3n. Ocurre con la cerradura abierta<\/td>\n<td style=\"width: 25%;text-align: center\">Despu\u00e9s del transporte, la bobina es descansada, activando de nuevo el bloqueo con su propio peso, bloqueando el dispositivo en su posici\u00f3n inicial, listo para ser utilizado de nuevo<\/td>\n<\/tr>\n<\/tbody>\n<\/table>\n<h3>El mango de la bobina de alambre es su sistema de bloqueo de empuje<\/h3>\n<p>El innovador sistema de bloqueo por empuje consiste en un bloqueo del dispositivo, activado por su propio peso, que permite el acoplamiento y la liberaci\u00f3n. La cerradura inteligente funciona sin la interferencia del operador trayendo m\u00e1s seguridad y eficiencia al elevador.<\/p>\n<p><img loading=\"lazy\" class=\"aligncenter wp-image-5002 size-full\" src=\"http:\/\/seyconel.com.br\/wp-content\/uploads\/2020\/11\/6.jpg\" alt=\"Pega Bobina de Arame\" width=\"699\" height=\"749\" \/><\/p>\n<p>&nbsp;<\/p>\n<h3>Detalles t\u00e9cnicos<\/h3>\n<ul>\n<li>Di\u00e1metro m\u00ednimo de \u00f8520mm<\/li>\n<li>Di\u00e1metro m\u00e1ximo de \u00f8600mm<\/li>\n<li>Capacidad 3 toneladas<\/li>\n<li>Tara 70 kg<\/li>\n<li>Altura 830mm<\/li>\n<\/ul>\n<p>Para otras medidas, consulte a nuestro personal t\u00e9cnico.<\/p>\n<h3>Dimens\u00f5es<\/h3>\n<table style=\"border-collapse: collapse;width: 100%;height: 388px\">\n<tbody>\n<tr style=\"height: 364px\">\n<td style=\"width: 33.3333%;height: 364px\"><img loading=\"lazy\" class=\"aligncenter wp-image-5003 size-full\" src=\"http:\/\/seyconel.com.br\/wp-content\/uploads\/2020\/11\/7.png\" alt=\"Dimensional - Pega Bobina de Arame\" width=\"519\" height=\"413\" \/><\/td>\n<td style=\"width: 33.3333%;height: 364px\"><img loading=\"lazy\" class=\"aligncenter wp-image-4432\" src=\"https:\/\/seyconel.com.br\/wp-content\/uploads\/2020\/11\/8-300x278.png\" alt=\"Medida Lateral - Mango de la bobina de alambre\" width=\"369\" height=\"342\" \/><\/td>\n<td style=\"width: 33.3333%;height: 364px\"><img loading=\"lazy\" class=\"aligncenter wp-image-4433\" src=\"https:\/\/seyconel.com.br\/wp-content\/uploads\/2020\/11\/9-300x213.png\" alt=\"Medida Frontal - Mango de la bobina de alambre\" width=\"487\" height=\"346\" \/><\/td>\n<\/tr>\n<tr style=\"height: 24px\">\n<td style=\"width: 33.3333%;text-align: center;height: 24px\">Medida Superior<\/td>\n<td style=\"width: 33.3333%;text-align: center;height: 24px\">Medida lateral<\/td>\n<td style=\"width: 33.3333%;text-align: center;height: 24px\">Medida Frontal<\/td>\n<\/tr>\n<\/tbody>\n<\/table>\n<p>&nbsp;<\/p>\n","protected":false},"excerpt":{"rendered":"<h2>\u00bfUna bobina de alambre? \u00a1Tenemos la soluci\u00f3n de elevaci\u00f3n!<\/h2>\n<p>El dispositivo de agarre de bobinas de alambre tiene una funcionalidad similar a la de las pinzas, con un mecanismo similar a las tijeras con tres agarres expansivos que se ha desarrollado a partir de la necesidad de levantar las bobinas a trav\u00e9s del di\u00e1metro interior.<\/p>\n<p>Con un sistema llamado Push Lock, innovador, se encarga de que el bloqueo en posici\u00f3n cerrada haga que el dispositivo sea independiente de las interacciones del operador durante su uso.<\/p>\n<p><strong>100% de desarrollo de Seyconel.<\/strong><\/p>\n","protected":false},"featured_media":524,"template":"","meta":[],"product_cat":[165],"product_tag":[199,202,200,201,91],"_links":{"self":[{"href":"https:\/\/seyconel.com\/es\/wp-json\/wp\/v2\/product\/474"}],"collection":[{"href":"https:\/\/seyconel.com\/es\/wp-json\/wp\/v2\/product"}],"about":[{"href":"https:\/\/seyconel.com\/es\/wp-json\/wp\/v2\/types\/product"}],"version-history":[{"count":4,"href":"https:\/\/seyconel.com\/es\/wp-json\/wp\/v2\/product\/474\/revisions"}],"predecessor-version":[{"id":1310,"href":"https:\/\/seyconel.com\/es\/wp-json\/wp\/v2\/product\/474\/revisions\/1310"}],"wp:featuredmedia":[{"embeddable":true,"href":"https:\/\/seyconel.com\/es\/wp-json\/wp\/v2\/media\/524"}],"wp:attachment":[{"href":"https:\/\/seyconel.com\/es\/wp-json\/wp\/v2\/media?parent=474"}],"wp:term":[{"taxonomy":"product_cat","embeddable":true,"href":"https:\/\/seyconel.com\/es\/wp-json\/wp\/v2\/product_cat?post=474"},{"taxonomy":"product_tag","embeddable":true,"href":"https:\/\/seyconel.com\/es\/wp-json\/wp\/v2\/product_tag?post=474"}],"curies":[{"name":"wp","href":"https:\/\/api.w.org\/{rel}","templated":true}]}}