{"id":473,"date":"2022-03-03T09:28:34","date_gmt":"2022-03-03T12:28:34","guid":{"rendered":"https:\/\/seyconel.com\/es\/?post_type=product&#038;p=473"},"modified":"2024-09-17T14:20:10","modified_gmt":"2024-09-17T17:20:10","slug":"proyector-de-luz-de-seguridad","status":"publish","type":"product","link":"https:\/\/seyconel.com\/es\/productos\/proyector-de-luz-de-seguridad\/","title":{"rendered":"Proyector de Luz de Seguridad"},"content":{"rendered":"<p style=\"text-align: justify;\">El Proyector Luminoso de Seguridad para Gr\u00faas fue dise\u00f1ado y concebido para alertar a los operadores y a los peatones de la presencia de carga suspendida en la v\u00eda de la gr\u00faa, la gr\u00faa de p\u00f3rtico y los polipastos.<\/p>\n<p style=\"text-align: justify;\">As\u00ed que esta nueva tecnolog\u00eda crea im\u00e1genes usando un proyector de luz en sus pisos, m\u00e1quinas o paredes. El uso de cintas y se\u00f1ales virtuales en lugar de materiales f\u00edsicos no s\u00f3lo tiene un aspecto superior, sino que es m\u00e1s seguro y, al no requerir reparaciones, m\u00e1s econ\u00f3mico.<\/p>\n<p style=\"text-align: justify;\">\u00bfC\u00f3mo funciona?<\/p>\n<p style=\"text-align: justify;\">El proyector de luz de seguridad de la gr\u00faa se utiliza para mostrar l\u00edneas brillantes que, a su vez, pueden utilizarse para la se\u00f1alizaci\u00f3n y el marcado del suelo de peatones o veh\u00edculos. Adem\u00e1s, es una gran herramienta para definir caminos, corredores, intersecciones e incluso plataformas y rampas para grandes m\u00e1quinas o camiones. Tambi\u00e9n es una excelente manera de alertar a los empleados sobre el peligro (se\u00f1alando las \u00e1reas a las que no deben acercarse).<\/p>\n<h2>Aplicaci\u00f3n del proyector de luz<\/h2>\n<p><img loading=\"lazy\" class=\"wp-image-4976 size-full aligncenter\" src=\"http:\/\/seyconel.com.br\/wp-content\/uploads\/2020\/02\/Ilustracao-Projetor.jpg\" alt=\"Ilustra\u00e7\u00e3o Projetor\" width=\"800\" height=\"600\" \/><\/p>\n<h2 style=\"text-align: justify;\">Ventajas del proyector de luz<\/h2>\n<ol style=\"text-align: justify;\">\n<li>Seguridad garantizada;<\/li>\n<li>No es necesario invertir en capital humano;<\/li>\n<li>No hay p\u00e9rdida de productividad;<\/li>\n<li>(Apagando la instalaci\u00f3n o preparando la superficie);<\/li>\n<li>Una vida m\u00e1s larga.<\/li>\n<li>No se requiere mantenimiento adicional.<\/li>\n<\/ol>\n<h2>Modelos de proyecci\u00f3n<\/h2>\n<p><img loading=\"lazy\" class=\"aligncenter size-full wp-image-5808\" src=\"http:\/\/seyconel.com.br\/wp-content\/uploads\/2020\/02\/Design-sem-nome.png\" alt=\"Faixa de Pedestre - Projetor de Luz\" width=\"465\" height=\"194\" \/> <img loading=\"lazy\" class=\"aligncenter size-full wp-image-5809\" src=\"http:\/\/seyconel.com.br\/wp-content\/uploads\/2020\/02\/PAre.png\" alt=\"Pare - Projetor de Luz\" width=\"239\" height=\"239\" \/><\/p>\n<p>Los modelos se pueden personalizar, p\u00f3ngase en contacto con uno de nuestros asesores y obtenga m\u00e1s informaci\u00f3n.<\/p>\n<h2 style=\"text-align: justify;\">C\u00e1lculo del di\u00e1metro de proyecci\u00f3n<\/h2>\n<p>Bas\u00e1ndonos en la lente obtenemos el c\u00e1lculo del di\u00e1metro de proyecci\u00f3n. Vea los valores bajos y c\u00f3mo realizar el c\u00e1lculo:<\/p>\n<table style=\"border-collapse: collapse; width: 100%;\">\n<tbody>\n<tr>\n<td style=\"width: 50%; text-align: center;\">Lentes de proyector de 20W a 150W<\/td>\n<td style=\"width: 50%; text-align: center;\">Lentes de proyector de 200 a 320 W<\/td>\n<\/tr>\n<tr>\n<td style=\"width: 50%; text-align: left;\">\n<ul>\n<li>Lente = Valor de la lente<\/li>\n<li>13\u00ba = 0,2<\/li>\n<li>20\u00ba = 0,35<\/li>\n<li>25\u00ba = 0,45<\/li>\n<li>45\u00ba = 0,9 ~ 1,3<\/li>\n<\/ul>\n<\/td>\n<td style=\"width: 50%; text-align: left;\">\n<ul>\n<li>Lente = Valor de la lente<\/li>\n<li>5\u00ba = 0,1<\/li>\n<li>13\u00ba = 0,23<\/li>\n<li>20\u00ba = 0,32<\/li>\n<li>25\u00ba = 0,42<\/li>\n<li>30\u00ba = 0,63<\/li>\n<li>45\u00ba = 0,87<\/li>\n<\/ul>\n<\/td>\n<\/tr>\n<\/tbody>\n<\/table>\n<ul>\n<li>D &#8211; Di\u00e1metro de proyecci\u00f3n<\/li>\n<li>L &#8211; Valor de la lente<\/li>\n<li>A &#8211; Altura de proyecci\u00f3n (valores en cm)<\/li>\n<li>D=A*L<\/li>\n<li>Ejemplo: uso de un proyector de 20 a 150W con lente de 13\u00b0.<\/li>\n<li>D=200*0,2 = 40<\/li>\n<li>D=(200+100)*0,2 = 60<\/li>\n<li>D=(200+100+100)*0,2 = 80<\/li>\n<li>D=(200+100+100+100)*0,2 = 100<\/li>\n<\/ul>\n<p><img loading=\"lazy\" class=\"aligncenter wp-image-4978 size-full\" src=\"http:\/\/seyconel.com.br\/wp-content\/uploads\/2020\/02\/projecao.jpg\" alt=\"Calculo de proje\u00e7\u00e3o\" width=\"512\" height=\"360\" \/><\/p>\n<p>&nbsp;<\/p>\n","protected":false},"excerpt":{"rendered":"<p>El Proyector Luminoso de Seguridad para Gr\u00faas fue dise\u00f1ado y concebido para alertar a los operadores y a los peatones de la presencia de carga suspendida en la v\u00eda de la gr\u00faa, la gr\u00faa de p\u00f3rtico y los polipastos. As\u00ed que esta nueva tecnolog\u00eda crea im\u00e1genes usando un proyector de luz en sus pisos, m\u00e1quinas [&hellip;]<\/p>\n","protected":false},"featured_media":519,"template":"","meta":[],"product_cat":[147,153],"product_tag":[198,197],"_links":{"self":[{"href":"https:\/\/seyconel.com\/es\/wp-json\/wp\/v2\/product\/473"}],"collection":[{"href":"https:\/\/seyconel.com\/es\/wp-json\/wp\/v2\/product"}],"about":[{"href":"https:\/\/seyconel.com\/es\/wp-json\/wp\/v2\/types\/product"}],"version-history":[{"count":6,"href":"https:\/\/seyconel.com\/es\/wp-json\/wp\/v2\/product\/473\/revisions"}],"predecessor-version":[{"id":1315,"href":"https:\/\/seyconel.com\/es\/wp-json\/wp\/v2\/product\/473\/revisions\/1315"}],"wp:featuredmedia":[{"embeddable":true,"href":"https:\/\/seyconel.com\/es\/wp-json\/wp\/v2\/media\/519"}],"wp:attachment":[{"href":"https:\/\/seyconel.com\/es\/wp-json\/wp\/v2\/media?parent=473"}],"wp:term":[{"taxonomy":"product_cat","embeddable":true,"href":"https:\/\/seyconel.com\/es\/wp-json\/wp\/v2\/product_cat?post=473"},{"taxonomy":"product_tag","embeddable":true,"href":"https:\/\/seyconel.com\/es\/wp-json\/wp\/v2\/product_tag?post=473"}],"curies":[{"name":"wp","href":"https:\/\/api.w.org\/{rel}","templated":true}]}}