{"id":472,"date":"2022-03-03T09:28:34","date_gmt":"2022-03-03T12:28:34","guid":{"rendered":"https:\/\/seyconel.com\/es\/?post_type=product&#038;p=472"},"modified":"2024-09-17T13:16:47","modified_gmt":"2024-09-17T16:16:47","slug":"inclinometro","status":"publish","type":"product","link":"https:\/\/seyconel.com\/es\/productos\/inclinometro\/","title":{"rendered":"Inclin\u00f3metro"},"content":{"rendered":"<h2>El Inclin\u00f3metro, el seguro que falta en su gr\u00faa.<\/h2>\n<p>A diferencia de los sensores de \u00e1ngulo convencionales que detectan los \u00e1ngulos X e Y por separado (vertical y horizontal), detecta un \u00e1rea de 360\u00b0 alrededor de cualquier eje.<\/p>\n<p>El nuevo y exclusivo inclin\u00f3metro para gr\u00faas de Seyconel (SEY-INC-24D220A) es un sensor especialmente dise\u00f1ado para prevenir y evitar las inclinaciones que se pueden producir en los equipos de elevaci\u00f3n de carga como gr\u00faas, gr\u00faas de p\u00f3rtico, montacargas, elevadores y equipos de manipulaci\u00f3n de carga como montacargas, cargadores de ruedas, balancines, entre otros. Tiene dos tipos de salidas, siendo 01 salida de rel\u00e9 y 01 salida de CANbus.<\/p>\n<p>Con nuestro inclin\u00f3metro, reducir\u00e1 los costes con gr\u00faas paradas y mantenimiento prematuro debido a un \u00e1ngulo incorrecto de elevaci\u00f3n. Posicionar la carga completamente vertical es una regla, y siempre es la forma m\u00e1s segura para las operaciones de levantamiento de la gr\u00faa.<\/p>\n<p>Cont\u00e1ctenos ahora y solicite un presupuesto con uno de nuestros vendedores, o si lo prefiere, use el bot\u00f3n de presupuesto que est\u00e1 arriba.<\/p>\n<h2>Soluci\u00f3n para:<\/h2>\n<ul>\n<li>Movimiento de carga suspendido;<\/li>\n<li>Gr\u00faa a\u00e9rea;<\/li>\n<li>Gr\u00faas de p\u00f3rtico;<\/li>\n<li>Polipastos el\u00e9ctricos;<\/li>\n<li>Gr\u00faas;<\/li>\n<li>Ascensores;<\/li>\n<\/ul>\n<h3>Vea una demostraci\u00f3n del Inclin\u00f3metro<\/h3>\n<p><iframe loading=\"lazy\" title=\"Inclin\u00f4metro para Ponte Rolante (SEY-INC-24D220A)\" width=\"800\" height=\"450\" src=\"https:\/\/www.youtube.com\/embed\/JhADDQTt4lk?feature=oembed\" frameborder=\"0\" allow=\"accelerometer; autoplay; clipboard-write; encrypted-media; gyroscope; picture-in-picture\" allowfullscreen><\/iframe><\/p>\n","protected":false},"excerpt":{"rendered":"<p>El Inclin\u00f3metro, el seguro que falta en su gr\u00faa. A diferencia de los sensores de \u00e1ngulo convencionales que detectan los \u00e1ngulos X e Y por separado (vertical y horizontal), detecta un \u00e1rea de 360\u00b0 alrededor de cualquier eje. El nuevo y exclusivo inclin\u00f3metro para gr\u00faas de Seyconel (SEY-INC-24D220A) es un sensor especialmente dise\u00f1ado para prevenir [&hellip;]<\/p>\n","protected":false},"featured_media":517,"template":"","meta":[],"product_cat":[147,154],"product_tag":[213,214,98],"_links":{"self":[{"href":"https:\/\/seyconel.com\/es\/wp-json\/wp\/v2\/product\/472"}],"collection":[{"href":"https:\/\/seyconel.com\/es\/wp-json\/wp\/v2\/product"}],"about":[{"href":"https:\/\/seyconel.com\/es\/wp-json\/wp\/v2\/types\/product"}],"version-history":[{"count":4,"href":"https:\/\/seyconel.com\/es\/wp-json\/wp\/v2\/product\/472\/revisions"}],"predecessor-version":[{"id":1320,"href":"https:\/\/seyconel.com\/es\/wp-json\/wp\/v2\/product\/472\/revisions\/1320"}],"wp:featuredmedia":[{"embeddable":true,"href":"https:\/\/seyconel.com\/es\/wp-json\/wp\/v2\/media\/517"}],"wp:attachment":[{"href":"https:\/\/seyconel.com\/es\/wp-json\/wp\/v2\/media?parent=472"}],"wp:term":[{"taxonomy":"product_cat","embeddable":true,"href":"https:\/\/seyconel.com\/es\/wp-json\/wp\/v2\/product_cat?post=472"},{"taxonomy":"product_tag","embeddable":true,"href":"https:\/\/seyconel.com\/es\/wp-json\/wp\/v2\/product_tag?post=472"}],"curies":[{"name":"wp","href":"https:\/\/api.w.org\/{rel}","templated":true}]}}