{"id":422,"date":"2022-03-03T09:28:13","date_gmt":"2022-03-03T12:28:13","guid":{"rendered":"https:\/\/seyconel.com\/es\/?post_type=product&#038;p=422"},"modified":"2024-09-17T16:20:33","modified_gmt":"2024-09-17T19:20:33","slug":"controle-remoto-industrial-ezb68","status":"publish","type":"product","link":"https:\/\/seyconel.com\/es\/productos\/controle-remoto-industrial-ezb68\/","title":{"rendered":"Control Remoto Industrial EZB68"},"content":{"rendered":"<p>El Control Remoto Industrial EZB68 viene equipado con 2 gomas anti-impacto, instaladas en la parte superior e inferior, por lo tanto, aumenta significativamente la vida \u00fatil del equipo, adem\u00e1s de dejarlo con un dise\u00f1o moderno y actualizado.<\/p>\n<h2>\u00bfPor qu\u00e9 utilizar el mando a distancia EZB68?<\/h2>\n<p>Porque est\u00e1 homologado por ANATEL y por lo tanto funciona con la frecuencia de 433Mhz, adem\u00e1s de tener 68 canales.<\/p>\n<p>Tiene la programaci\u00f3n a trav\u00e9s del software y el programador conectado a la entrada USB del ordenador\/port\u00e1til, por lo que es posible cambiar de canal de forma r\u00e1pida, eficiente y completamente segura.<\/p>\n<h2>EZB68 Caracter\u00edsticas<\/h2>\n<h3>Ligero y compacto<\/h3>\n<p>Su dise\u00f1o \u00fanico lo hace hasta un 50% m\u00e1s ligero y m\u00e1s peque\u00f1o que los competidores.<\/p>\n<h3>Econ\u00f3mico<\/h3>\n<p>El avanzado circuito de ahorro de energ\u00eda permite trabajar de forma continua hasta 6 d\u00edas (con 10h de trabajo al d\u00eda), con un solo juego de pilas.<\/p>\n<h3>Disponible en las siguientes variaciones:<\/h3>\n<ol>\n<li>EZB68 \u2192 (6) botones de 1 etapa + 2 auxiliares + de emergencia<\/li>\n<\/ol>\n<p><img loading=\"lazy\" class=\"alignnone wp-image-1369\" src=\"https:\/\/seyconel.com\/es\/wp-content\/uploads\/2022\/03\/Tabela-Alpha-EZB-300x169.jpg\" alt=\"\" width=\"769\" height=\"433\" srcset=\"https:\/\/seyconel.com\/es\/wp-content\/uploads\/2022\/03\/Tabela-Alpha-EZB-300x169.jpg 300w, https:\/\/seyconel.com\/es\/wp-content\/uploads\/2022\/03\/Tabela-Alpha-EZB-1024x576.jpg 1024w, https:\/\/seyconel.com\/es\/wp-content\/uploads\/2022\/03\/Tabela-Alpha-EZB-768x432.jpg 768w, https:\/\/seyconel.com\/es\/wp-content\/uploads\/2022\/03\/Tabela-Alpha-EZB-1536x864.jpg 1536w, https:\/\/seyconel.com\/es\/wp-content\/uploads\/2022\/03\/Tabela-Alpha-EZB-600x338.jpg 600w, https:\/\/seyconel.com\/es\/wp-content\/uploads\/2022\/03\/Tabela-Alpha-EZB.jpg 1920w\" sizes=\"(max-width: 769px) 100vw, 769px\" \/><\/p>\n<p>&nbsp;<\/p>\n","protected":false},"excerpt":{"rendered":"<h2>\u00bfPensaste en la econom\u00eda? El mando a distancia industrial EZB68 es la soluci\u00f3n.<\/h2>\n<p>La L\u00ednea econ\u00f3mica EZB68 de Control Remoto Industrial, tiene varios modelos, entre ellos, presentamos el modelo con 12 botones de velocidad simple para las m\u00e1s diversas aplicaciones en m\u00e1quinas y equipos industriales del mercado, por lo tanto el modelo m\u00e1s econ\u00f3mico.<\/p>\n<p>El Control Remoto Industrial EZB68, cuenta con la indicaci\u00f3n por LED del estado del transmisor, que se\u00f1ala al operador si el transmisor est\u00e1 encendido, apagado o con la carga de la bater\u00eda baja, precisamente porque esto evita paradas inesperadas en medio de la operaci\u00f3n o proceso con el Puente Gr\u00faa.<\/p>\n","protected":false},"featured_media":512,"template":"","meta":[],"product_cat":[148,151],"product_tag":[181,223,182,38,94,40,228,196,183],"_links":{"self":[{"href":"https:\/\/seyconel.com\/es\/wp-json\/wp\/v2\/product\/422"}],"collection":[{"href":"https:\/\/seyconel.com\/es\/wp-json\/wp\/v2\/product"}],"about":[{"href":"https:\/\/seyconel.com\/es\/wp-json\/wp\/v2\/types\/product"}],"version-history":[{"count":7,"href":"https:\/\/seyconel.com\/es\/wp-json\/wp\/v2\/product\/422\/revisions"}],"predecessor-version":[{"id":1374,"href":"https:\/\/seyconel.com\/es\/wp-json\/wp\/v2\/product\/422\/revisions\/1374"}],"wp:featuredmedia":[{"embeddable":true,"href":"https:\/\/seyconel.com\/es\/wp-json\/wp\/v2\/media\/512"}],"wp:attachment":[{"href":"https:\/\/seyconel.com\/es\/wp-json\/wp\/v2\/media?parent=422"}],"wp:term":[{"taxonomy":"product_cat","embeddable":true,"href":"https:\/\/seyconel.com\/es\/wp-json\/wp\/v2\/product_cat?post=422"},{"taxonomy":"product_tag","embeddable":true,"href":"https:\/\/seyconel.com\/es\/wp-json\/wp\/v2\/product_tag?post=422"}],"curies":[{"name":"wp","href":"https:\/\/api.w.org\/{rel}","templated":true}]}}