{"id":421,"date":"2022-03-03T09:28:13","date_gmt":"2022-03-03T12:28:13","guid":{"rendered":"https:\/\/seyconel.com\/es\/?post_type=product&#038;p=421"},"modified":"2024-09-17T15:58:52","modified_gmt":"2024-09-17T18:58:52","slug":"controle-remoto-industrial-alpha-4012","status":"publish","type":"product","link":"https:\/\/seyconel.com\/es\/productos\/controle-remoto-industrial-alpha-4012\/","title":{"rendered":"Control remoto industrial Alpha 4012"},"content":{"rendered":"<p style=\"text-align: justify;\">El mando a distancia industrial Alpha 4012 se caracteriza por su gran durabilidad, fiabilidad y seguridad. Las vers\u00e1tiles caracter\u00edsticas de la l\u00ednea Alpha 4012 permiten el uso de diferentes aplicaciones de control remoto industrial.<\/p>\n<p style=\"text-align: justify;\">El sistema incorpora numerosos circuitos de seguridad que garantizan la m\u00e1xima protecci\u00f3n y aseguran que el sistema est\u00e9 libre de interferencias externas.<\/p>\n<h2>Caracter\u00edsticas del mando a distancia industrial Alpha 4012<\/h2>\n<h3>Sistema de modo Pitch y Catch<\/h3>\n<p>Ideal para equipos operados por dos operadores, en los que s\u00f3lo uno de ellos puede trabajar y no sufrir interferencias del transmisor que sostiene el segundo operador.<\/p>\n<h3>Modo de acceso aleatorio<\/h3>\n<p>Se utiliza cuando es necesario que un operador seleccione hasta 8 equipos diferentes.<\/p>\n<h3>Modo t\u00e1ndem<\/h3>\n<p>Se aplica cuando la necesidad de operar dos gr\u00faas al mismo tiempo por un operador.<\/p>\n<h3>Modo de protecci\u00f3n 1R2T<\/h3>\n<p>Se aplica cuando dos personas necesitan operar el mismo equipo, pero sin la opci\u00f3n de habilitar el segundo transmisor.<\/p>\n<h3>Disponible en las siguientes variaciones:<\/h3>\n<ol>\n<li>Alpha 4012-1 \u2192(10) pulsadores de 1 etapa, (2) botones auxiliares + de emergencia<\/li>\n<li>Alpha 4012-1S \u2192 (10) pulsadores de 1 etapa, (1) bot\u00f3n auxiliar, (1) selector + bot\u00f3n de emergencia<\/li>\n<li>Alpha 4012-2 \u2192 (6) pulsadores de 2 etapas, (6) botones auxiliares + de emergencia<\/li>\n<li>Alpha 4012-2S \u2192 (6) pulsadores de 2 pasos, (5) botones auxiliares, (1) selector + bot\u00f3n de emergencia<\/li>\n<li>Alpha 4012-3 \u2192 (8) pulsadores de 2 etapas, (4) botones auxiliares + de emergencia<\/li>\n<li>Alpha 4012-3S \u2192 (8) pulsadores de 2 pasos, (3) botones auxiliares, (1) selector + bot\u00f3n de emergencia<\/li>\n<li>Alpha 4012-4 \u2192 (10) pulsadores de 2 etapas, (2) botones auxiliares + de emergencia<\/li>\n<li>Alpha 4012-5 \u2192 (12) 2 etapas + bot\u00f3n de emergencia<\/li>\n<\/ol>\n<p>Consulte otras variantes: \u00a0<a href=\"https:\/\/seyconel.com.br\/categoria\/controle-remoto-industrial\/linha-alpha-4000\/\">L\u00ednea Alpha 4000<\/a><\/p>\n<p><img loading=\"lazy\" class=\"alignnone  wp-image-1367\" src=\"https:\/\/seyconel.com\/es\/wp-content\/uploads\/2022\/03\/Tabela-Alpha-4000-300x169.jpg\" alt=\"\" width=\"820\" height=\"462\" srcset=\"https:\/\/seyconel.com\/es\/wp-content\/uploads\/2022\/03\/Tabela-Alpha-4000-300x169.jpg 300w, https:\/\/seyconel.com\/es\/wp-content\/uploads\/2022\/03\/Tabela-Alpha-4000-1024x576.jpg 1024w, https:\/\/seyconel.com\/es\/wp-content\/uploads\/2022\/03\/Tabela-Alpha-4000-768x432.jpg 768w, https:\/\/seyconel.com\/es\/wp-content\/uploads\/2022\/03\/Tabela-Alpha-4000-1536x864.jpg 1536w, https:\/\/seyconel.com\/es\/wp-content\/uploads\/2022\/03\/Tabela-Alpha-4000-600x338.jpg 600w, https:\/\/seyconel.com\/es\/wp-content\/uploads\/2022\/03\/Tabela-Alpha-4000.jpg 1920w\" sizes=\"(max-width: 820px) 100vw, 820px\" \/><\/p>\n<p>&nbsp;<\/p>\n<h3 style=\"text-align: justify;\">Descargar<\/h3>\n<p><a href=\"https:\/\/seyconel.com.br\/download\/programador-alpha-4000\/\" target=\"_blank\" rel=\"noopener\">Programador\u00a0<\/a><\/p>\n","protected":false},"excerpt":{"rendered":"<p><strong>Soluci\u00f3n para:<\/strong> Gr\u00faas industriales, monorra\u00edles, gr\u00faas, equipos de miner\u00eda, equipos de construcci\u00f3n, sistemas de control autom\u00e1tico y muchos otros.<\/p>\n","protected":false},"featured_media":510,"template":"","meta":[],"product_cat":[148,150],"product_tag":[31,32,33,35],"_links":{"self":[{"href":"https:\/\/seyconel.com\/es\/wp-json\/wp\/v2\/product\/421"}],"collection":[{"href":"https:\/\/seyconel.com\/es\/wp-json\/wp\/v2\/product"}],"about":[{"href":"https:\/\/seyconel.com\/es\/wp-json\/wp\/v2\/types\/product"}],"version-history":[{"count":6,"href":"https:\/\/seyconel.com\/es\/wp-json\/wp\/v2\/product\/421\/revisions"}],"predecessor-version":[{"id":1364,"href":"https:\/\/seyconel.com\/es\/wp-json\/wp\/v2\/product\/421\/revisions\/1364"}],"wp:featuredmedia":[{"embeddable":true,"href":"https:\/\/seyconel.com\/es\/wp-json\/wp\/v2\/media\/510"}],"wp:attachment":[{"href":"https:\/\/seyconel.com\/es\/wp-json\/wp\/v2\/media?parent=421"}],"wp:term":[{"taxonomy":"product_cat","embeddable":true,"href":"https:\/\/seyconel.com\/es\/wp-json\/wp\/v2\/product_cat?post=421"},{"taxonomy":"product_tag","embeddable":true,"href":"https:\/\/seyconel.com\/es\/wp-json\/wp\/v2\/product_tag?post=421"}],"curies":[{"name":"wp","href":"https:\/\/api.w.org\/{rel}","templated":true}]}}