{"id":419,"date":"2022-03-03T09:28:13","date_gmt":"2022-03-03T12:28:13","guid":{"rendered":"https:\/\/seyconel.com\/es\/?post_type=product&#038;p=419"},"modified":"2024-09-17T14:21:19","modified_gmt":"2024-09-17T17:21:19","slug":"controle-remoto-industrial-alpha-604xs","status":"publish","type":"product","link":"https:\/\/seyconel.com\/es\/productos\/controle-remoto-industrial-alpha-604xs\/","title":{"rendered":"Control Remoto Industrial Alpha 604XS"},"content":{"rendered":"<h2>Caracter\u00edsticas<\/h2>\n<h3>Funci\u00f3n de hombre muerto<\/h3>\n<p>Esta funci\u00f3n acompa\u00f1a a un bot\u00f3n en la parte trasera, siendo necesario que el operador lo mantenga siempre pulsado para enviar las se\u00f1ales de los otros botones al receptor, si el operador no lo pulsa, el transmisor deja de enviar la se\u00f1al.<\/p>\n<h3>Software avanzado<\/h3>\n<p>Software de \u00faltima generaci\u00f3n 100% LIBRE DE ERRORES gracias a la comprobaci\u00f3n c\u00edclica redundante (CRD) y a los c\u00f3digos Hamming (correcci\u00f3n de errores).<\/p>\n<h3>Producto conforme<\/h3>\n<p>Los controles Alpha 604XS est\u00e1n dise\u00f1ados y fabricados de acuerdo con las normas FCC Parte 15, las directivas europeas (CE\/CB), las especificaciones de Industry Canada (IC) y las normas ISO 9001 y EN SO 13849-1:2008<\/p>\n<h3>Disponible en las siguientes variaciones:<\/h3>\n<ol>\n<li>Alpha 604AS \u2192 (4) botones con una etapa<\/li>\n<li>Alpha 604BS \u2192 (4) botones con doble puesta en escena<\/li>\n<\/ol>\n<table style=\"margin: auto;height: 157px;border-collapse: collapse;border-color: #aaaaaa;border-spacing: 0px;width: 50%\" border=\"1px solid rgb(255, 255, 255)\" width=\"80%\" cellspacing=\"0px\" cellpadding=\"10px 5px\">\n<thead>\n<tr style=\"height: 21px\">\n<th style=\"background-color: #ffc702;color: #ffffff;font-family: Arial, sans-serif;font-size: 14px;font-weight: normal;overflow: hidden;padding: 10px 5px;vertical-align: top;border: 1px solid #ffffff;height: 21px;text-align: center\" colspan=\"2\">Transmisor<\/th>\n<\/tr>\n<\/thead>\n<tbody>\n<tr style=\"height: 21px\">\n<td style=\"background-color: #efefef;color: #333333;font-family: Arial, sans-serif;font-size: 14px;overflow: hidden;padding: 10px 5px;vertical-align: top;border: 1px solid #ffffff;height: 10px;text-align: left\">Dimensiones<\/td>\n<td style=\"background-color: #efefef;color: #333333;font-family: Arial, sans-serif;font-size: 14px;overflow: hidden;padding: 10px 5px;vertical-align: top;border: 1px solid #ffffff;height: 10px;text-align: center\">140x68x30mm<\/td>\n<\/tr>\n<tr style=\"height: 21px\">\n<td style=\"background-color: #efefef;color: #333333;font-family: Arial, sans-serif;font-size: 14px;overflow: hidden;padding: 10px 5px;vertical-align: top;border: 1px solid #ffffff;height: 10px;text-align: left\">Grado de protecci\u00f3n<\/td>\n<td style=\"background-color: #efefef;color: #333333;font-family: Arial, sans-serif;font-size: 14px;overflow: hidden;padding: 10px 5px;vertical-align: top;border: 1px solid #ffffff;height: 10px;text-align: center\">IP65<\/td>\n<\/tr>\n<tr style=\"height: 21px\">\n<td style=\"background-color: #efefef;color: #333333;font-family: Arial, sans-serif;font-size: 14px;overflow: hidden;padding: 10px 5px;vertical-align: top;border: 1px solid #ffffff;height: 10px;text-align: left\">Temperatura de funcionamiento<\/td>\n<td style=\"background-color: #efefef;color: #333333;font-family: Arial, sans-serif;font-size: 14px;overflow: hidden;padding: 10px 5px;vertical-align: top;border: 1px solid #ffffff;height: 10px;text-align: center\">-10\u00ba~ +70\u2103<\/td>\n<\/tr>\n<tr style=\"height: 21px\">\n<td style=\"background-color: #efefef;color: #333333;font-family: Arial, sans-serif;font-size: 14px;overflow: hidden;padding: 10px 5px;vertical-align: top;border: 1px solid #ffffff;height: 10px;text-align: left\">Consumo de energ\u00eda<\/td>\n<td style=\"background-color: #efefef;color: #333333;font-family: Arial, sans-serif;font-size: 14px;overflow: hidden;padding: 10px 5px;vertical-align: top;border: 1px solid #ffffff;height: 10px;text-align: center\">&lt; 30mA @ 3.0V<\/td>\n<\/tr>\n<\/tbody>\n<\/table>\n<table style=\"margin: auto;height: 157px;border-collapse: collapse;border-color: #aaaaaa;border-spacing: 0px;width: 50%\" border=\"1px solid rgb(255, 255, 255)\" width=\"80%\" cellspacing=\"0px\" cellpadding=\"10px 5px\">\n<thead>\n<tr style=\"height: 21px\">\n<th style=\"background-color: #ffc702;color: #ffffff;font-family: Arial, sans-serif;font-size: 14px;font-weight: normal;overflow: hidden;padding: 10px 5px;vertical-align: top;border: 1px solid #ffffff;height: 21px;text-align: center\" colspan=\"2\"><strong>Receptor<\/strong><\/th>\n<\/tr>\n<\/thead>\n<tbody>\n<tr style=\"height: 21px\">\n<td style=\"background-color: #efefef;color: #333333;font-family: Arial, sans-serif;font-size: 14px;overflow: hidden;padding: 10px 5px;vertical-align: top;border: 1px solid #ffffff;height: 10px;text-align: left\">Dimensiones<\/td>\n<td style=\"background-color: #efefef;color: #333333;font-family: Arial, sans-serif;font-size: 14px;overflow: hidden;padding: 10px 5px;vertical-align: top;border: 1px solid #ffffff;height: 10px;text-align: center\">310x134x72mm<\/td>\n<\/tr>\n<tr style=\"height: 21px\">\n<td style=\"background-color: #efefef;color: #333333;font-family: Arial, sans-serif;font-size: 14px;overflow: hidden;padding: 10px 5px;vertical-align: top;border: 1px solid #ffffff;height: 10px;text-align: left\">Grado de protecci\u00f3n<\/td>\n<td style=\"background-color: #efefef;color: #333333;font-family: Arial, sans-serif;font-size: 14px;overflow: hidden;padding: 10px 5px;vertical-align: top;border: 1px solid #ffffff;height: 10px;text-align: center\">IP65<\/td>\n<\/tr>\n<tr style=\"height: 21px\">\n<td style=\"background-color: #efefef;color: #333333;font-family: Arial, sans-serif;font-size: 14px;overflow: hidden;padding: 10px 5px;vertical-align: top;border: 1px solid #ffffff;height: 10px;text-align: left\">Temperatura de funcionamiento<\/td>\n<td style=\"background-color: #efefef;color: #333333;font-family: Arial, sans-serif;font-size: 14px;overflow: hidden;padding: 10px 5px;vertical-align: top;border: 1px solid #ffffff;height: 10px;text-align: center\">-10\u00ba~ +70\u2103<\/td>\n<\/tr>\n<tr style=\"height: 21px\">\n<td style=\"background-color: #efefef;color: #333333;font-family: Arial, sans-serif;font-size: 14px;overflow: hidden;padding: 10px 5px;vertical-align: top;border: 1px solid #ffffff;height: 10px;text-align: left\">Opciones de tensi\u00f3n<\/td>\n<td style=\"background-color: #efefef;color: #333333;font-family: Arial, sans-serif;font-size: 14px;overflow: hidden;padding: 10px 5px;vertical-align: top;border: 1px solid #ffffff;height: 10px;text-align: center\">12\/24Vcc 24\/48\/100~220\/380\/440Vac<\/td>\n<\/tr>\n<\/tbody>\n<\/table>\n<h3>Descargas<\/h3>\n<ul>\n<li><a href=\"http:\/\/seyconel.com.br\/download\/programador-alpha-600xs\/\">Programador<\/a> (ZIP)<\/li>\n<li><a href=\"http:\/\/seyconel.com.br\/download\/manual-alpha-600xs\/\">Manual<\/a> (PDF)<\/li>\n<\/ul>\n","protected":false},"excerpt":{"rendered":"<p>Soluci\u00f3n para: Gr\u00faas a\u00e9reas, monorra\u00edles, gr\u00faas m\u00faltiples, miner\u00eda, construcci\u00f3n<\/p>\n<p>La l\u00ednea de control remoto industrial Alpha 604XS tiene una alta durabilidad, fiabilidad y seguridad del sistema de control remoto industrial. Las vers\u00e1tiles caracter\u00edsticas de la serie Alpha 604XS permiten el uso de diferentes aplicaciones de control remoto. El sistema puede utilizarse en gr\u00faas de f\u00e1brica, monorra\u00edles, gr\u00faas m\u00faltiples, equipos de miner\u00eda, equipos de construcci\u00f3n, sistemas de control autom\u00e1tico y muchos otros.<\/p>\n<p>El conjunto consta de 1 receptor y 2 transmisores. El transmisor est\u00e1 compuesto dentro de una placa electr\u00f3nica que tiene la funci\u00f3n de enviar comandos al receptor a trav\u00e9s de ondas de radiofrecuencia. El receptor de radio de control remoto industrial alfa 608xs est\u00e1 compuesto, en su interior, por dos placas electr\u00f3nicas, una que recibe la se\u00f1al de comando del transmisor y la otra que convierte la se\u00f1al en pulsos el\u00e9ctricos para la activaci\u00f3n de sus rel\u00e9s.<\/p>\n","protected":false},"featured_media":506,"template":"","meta":[],"product_cat":[148,149],"product_tag":[222,181,223,182,196,183],"_links":{"self":[{"href":"https:\/\/seyconel.com\/es\/wp-json\/wp\/v2\/product\/419"}],"collection":[{"href":"https:\/\/seyconel.com\/es\/wp-json\/wp\/v2\/product"}],"about":[{"href":"https:\/\/seyconel.com\/es\/wp-json\/wp\/v2\/types\/product"}],"version-history":[{"count":6,"href":"https:\/\/seyconel.com\/es\/wp-json\/wp\/v2\/product\/419\/revisions"}],"predecessor-version":[{"id":1328,"href":"https:\/\/seyconel.com\/es\/wp-json\/wp\/v2\/product\/419\/revisions\/1328"}],"wp:featuredmedia":[{"embeddable":true,"href":"https:\/\/seyconel.com\/es\/wp-json\/wp\/v2\/media\/506"}],"wp:attachment":[{"href":"https:\/\/seyconel.com\/es\/wp-json\/wp\/v2\/media?parent=419"}],"wp:term":[{"taxonomy":"product_cat","embeddable":true,"href":"https:\/\/seyconel.com\/es\/wp-json\/wp\/v2\/product_cat?post=419"},{"taxonomy":"product_tag","embeddable":true,"href":"https:\/\/seyconel.com\/es\/wp-json\/wp\/v2\/product_tag?post=419"}],"curies":[{"name":"wp","href":"https:\/\/api.w.org\/{rel}","templated":true}]}}