{"id":418,"date":"2022-03-03T09:28:13","date_gmt":"2022-03-03T12:28:13","guid":{"rendered":"https:\/\/seyconel.com\/es\/?post_type=product&#038;p=418"},"modified":"2024-09-17T14:21:27","modified_gmt":"2024-09-17T17:21:27","slug":"tenaza-eletromecanica","status":"publish","type":"product","link":"https:\/\/seyconel.com\/es\/productos\/tenaza-eletromecanica\/","title":{"rendered":"Tenaza Eletromec\u00e1nica"},"content":{"rendered":"<p>Veja nosso artigo sobre <a href=\"https:\/\/seyconel.com.br\/artigos\/movimentacao-de-cargas-tenaz-eletromecanica\/\" target=\"_blank\" rel=\"noopener noreferrer\">Movimenta\u00e7\u00e3o de cargas: Tenaz Eletromec\u00e2nica<\/a><\/p>\n<h2 style=\"text-align: left\">Aspectos de seguridad y construcci\u00f3n de las pinzas electromec\u00e1nicas:<\/h2>\n<ul style=\"text-align: left\">\n<li>ABNT NBR 8400, EN 13155 y DIN 15402.<\/li>\n<li>Factor de seguridad 3:1.<\/li>\n<li>Libro de datos t\u00e9cnicos.<\/li>\n<li>ART (Notaci\u00f3n de Responsabilidad T\u00e9cnica) de Dise\u00f1o y\/o Fabricaci\u00f3n\/Instalaci\u00f3n.<\/li>\n<\/ul>\n<h3 style=\"text-align: left\">Soluci\u00f3n para:<\/h3>\n<ul style=\"text-align: left\">\n<li style=\"text-align: justify\">Bobinas de acero<\/li>\n<li>Bobinas miscel\u00e1neas<\/li>\n<\/ul>\n<h3>Caracter\u00edsticas t\u00e9cnicas<\/h3>\n<figure id=\"attachment_5011\" aria-describedby=\"caption-attachment-5011\" style=\"width: 680px\" class=\"wp-caption aligncenter\"><img loading=\"lazy\" class=\"wp-image-5011 size-full\" src=\"http:\/\/seyconel.com.br\/wp-content\/uploads\/2020\/01\/Tenaz-dimensional.jpg\" alt=\"Tenaz Eletromec\u00e2nica - Dimensional\" width=\"680\" height=\"567\" \/><figcaption id=\"caption-attachment-5011\" class=\"wp-caption-text\">Figura 1 &#8211; Dimensi\u00f3n<\/figcaption><\/figure>\n<p>&nbsp;<\/p>\n<figure id=\"attachment_5518\" aria-describedby=\"caption-attachment-5518\" style=\"width: 734px\" class=\"wp-caption aligncenter\"><img loading=\"lazy\" class=\"wp-image-5518 size-full\" src=\"http:\/\/seyconel.com.br\/wp-content\/uploads\/2020\/01\/Tenaz-Eletromecanica-Tabela.jpg\" alt=\"Tenaz Eletromec\u00e2nica - Tabela\" width=\"734\" height=\"213\" \/><figcaption id=\"caption-attachment-5518\" class=\"wp-caption-text\">Figura 2 &#8211; Tabla<\/figcaption><\/figure>\n<p>&nbsp;<\/p>\n<p style=\"text-align: center\"><span class=\"VIiyi\" lang=\"es\"><span class=\"JLqJ4b ChMk0b\" data-language-for-alternatives=\"es\" data-language-to-translate-into=\"pt\" data-phrase-index=\"0\" data-number-of-phrases=\"1\">Las dimensiones pueden variar seg\u00fan los requisitos del cliente.<\/span><\/span><\/p>\n<p style=\"text-align: left\">\n","protected":false},"excerpt":{"rendered":"<h2 style=\"text-align: left\">\u00bfLevantamiento de bobinas? \u00a1Una pinza electromec\u00e1nica, por supuesto!<\/h2>\n<p style=\"text-align: left\">La pinza electromec\u00e1nica de Seyconel es una m\u00e1quina totalmente adecuada para el NR 12, dise\u00f1ada para satisfacer sus necesidades en el levantamiento de varias bobinas. Un equipo 100% nacional, con garant\u00eda y asistencia t\u00e9cnica en todo Brasil.<\/p>\n<p style=\"text-align: left\">Con una construcci\u00f3n din\u00e1mica, se puede utilizar en acer\u00edas, f\u00e1bricas de acero, distribuidores de acero, fabricantes de autom\u00f3viles, entre otros, y se puede personalizar seg\u00fan sus necesidades. Las pinzas electromec\u00e1nicas de Seyconel pueden dise\u00f1arse y fabricarse con las siguientes capacidades: 20, 30 y 40 toneladas (otras capacidades a petici\u00f3n).<\/p>\n<p style=\"text-align: left\">Accionamiento electromec\u00e1nico, con rotaci\u00f3n de 360\u00b0, adem\u00e1s de varios sensores de detecci\u00f3n de bobinas, control remoto aprobado, accionamiento PLC, inversor de frecuencia y reductores de motor. Pronto podr\u00e1 recibir una versi\u00f3n de software para Industria 4.0. La rotaci\u00f3n de 360\u00b0 permite ganar espacio en el almacenamiento de las bobinas, reduciendo los espacios vac\u00edos y aumentando la cantidad de bobinas almacenadas.<\/p>\n<p>&nbsp;<\/p>\n","protected":false},"featured_media":503,"template":"","meta":[],"product_cat":[165],"product_tag":[221,224,226,225,227,91],"_links":{"self":[{"href":"https:\/\/seyconel.com\/es\/wp-json\/wp\/v2\/product\/418"}],"collection":[{"href":"https:\/\/seyconel.com\/es\/wp-json\/wp\/v2\/product"}],"about":[{"href":"https:\/\/seyconel.com\/es\/wp-json\/wp\/v2\/types\/product"}],"version-history":[{"count":4,"href":"https:\/\/seyconel.com\/es\/wp-json\/wp\/v2\/product\/418\/revisions"}],"predecessor-version":[{"id":1327,"href":"https:\/\/seyconel.com\/es\/wp-json\/wp\/v2\/product\/418\/revisions\/1327"}],"wp:featuredmedia":[{"embeddable":true,"href":"https:\/\/seyconel.com\/es\/wp-json\/wp\/v2\/media\/503"}],"wp:attachment":[{"href":"https:\/\/seyconel.com\/es\/wp-json\/wp\/v2\/media?parent=418"}],"wp:term":[{"taxonomy":"product_cat","embeddable":true,"href":"https:\/\/seyconel.com\/es\/wp-json\/wp\/v2\/product_cat?post=418"},{"taxonomy":"product_tag","embeddable":true,"href":"https:\/\/seyconel.com\/es\/wp-json\/wp\/v2\/product_tag?post=418"}],"curies":[{"name":"wp","href":"https:\/\/api.w.org\/{rel}","templated":true}]}}