{"id":417,"date":"2022-03-03T09:28:13","date_gmt":"2022-03-03T12:28:13","guid":{"rendered":"https:\/\/seyconel.com\/es\/?post_type=product&#038;p=417"},"modified":"2022-03-03T09:28:39","modified_gmt":"2022-03-03T12:28:39","slug":"balancim-cruzado-big-bag","status":"publish","type":"product","link":"https:\/\/seyconel.com\/es\/productos\/balancim-cruzado-big-bag\/","title":{"rendered":"Balancim Cruzado Big Bag"},"content":{"rendered":"<p>O balancim cruzado big bag \u00e9 um dispositivo para i\u00e7amento e movimenta\u00e7\u00e3o de cargas que cont\u00e9m 4 ganchos soldados em suas extremidades, formando um X. \u00c9 ideal para a movimenta\u00e7\u00e3o de big-bags, mas tamb\u00e9m podendo ser utilizado para todo tipo de i\u00e7amento que necessita de 4 pontos de \u201cpega\u201d.<\/p>\n<p>O balancim cruzado big bag tamb\u00e9m conhecido como balancim X ou balancim cruzeta, pode ser fabricado de diversas formas para atender da melhor maneira as necessidades de movimenta\u00e7\u00e3o, com ganchos soldados nas laterais, em baixo ou com eleva\u00e7\u00e3o nas pontas da estrutura para aumentar a altura \u00fatil durante o transporte. Tamb\u00e9m pode ser usado em conjunto com outros dispositivos, para o i\u00e7amento de mais de um big bag por vez.<\/p>\n<h2>Aspectos de seguran\u00e7a e constru\u00e7\u00e3o do Balancim Cruzado Big Bag:<\/h2>\n<ul>\n<li>ABNT NBR 8400, EN 13155 e DIN 15402;<\/li>\n<li>Fator de seguran\u00e7a 3:1;<\/li>\n<li>Databook t\u00e9cnico;<\/li>\n<li>ART (Atestado de responsabilidade t\u00e9cnica) de Projeto e ou Fabrica\u00e7\u00e3o\/Instala\u00e7\u00e3o;<\/li>\n<li>Certificado;<\/li>\n<li>Plano de manuten\u00e7\u00e3o.<\/li>\n<\/ul>\n<h3>Caracter\u00edsticas T\u00e9cnicas:<\/h3>\n<h3><img loading=\"lazy\" class=\"aligncenter\" style=\"color: var( --e-global-color-text ); font-family: var( --e-global-typography-text-font-family ), Sans-Serif; font-size: 1rem;\" src=\"https:\/\/seyconel.com.br\/wp-content\/uploads\/2021\/01\/MEDIDAS-BALANCIM-CRUZ-3.png\" alt=\"\" width=\"935\" height=\"320\" \/><\/h3>\n<table style=\"margin: auto; height: 42px; border-collapse: collapse; border-color: #aaaaaa; border-spacing: 0px; width: 80%;\" border=\"1px solid rgb(255, 255, 255)\" width=\"80%\" cellspacing=\"0px\" cellpadding=\"10px 5px\">\n<thead>\n<tr style=\"height: 21px;\">\n<th style=\"background-color: #ffc702; color: #ffffff; font-family: Arial, sans-serif; font-size: 14px; font-weight: normal; overflow: hidden; padding: 10px 5px; text-align: left; vertical-align: top; word-break: normal; border: 1px solid #ffffff; height: 21px;\">C\u00f3digo<\/th>\n<th style=\"background-color: #ffc702; color: #ffffff; font-family: Arial, sans-serif; font-size: 14px; font-weight: normal; overflow: hidden; padding: 10px 5px; text-align: left; vertical-align: top; word-break: normal; border: 1px solid #ffffff; height: 21px;\">Capacidade (ton)<\/th>\n<th style=\"background-color: #ffc702; color: #ffffff; font-family: Arial, sans-serif; font-size: 14px; font-weight: normal; overflow: hidden; padding: 10px 5px; vertical-align: top; word-break: normal; border: 1px solid #ffffff; height: 21px; text-align: center;\">A<\/th>\n<th style=\"background-color: #ffc702; color: #ffffff; font-family: Arial, sans-serif; font-size: 14px; font-weight: normal; overflow: hidden; padding: 10px 5px; vertical-align: top; word-break: normal; border: 1px solid #ffffff; height: 21px; text-align: center;\">E<\/th>\n<th style=\"background-color: #ffc702; color: #ffffff; font-family: Arial, sans-serif; font-size: 14px; font-weight: normal; overflow: hidden; padding: 10px 5px; vertical-align: top; word-break: normal; border: 1px solid #ffffff; height: 21px; text-align: center;\">D1<\/th>\n<th style=\"background-color: #ffc702; color: #ffffff; font-family: Arial, sans-serif; font-size: 14px; font-weight: normal; overflow: hidden; padding: 10px 5px; vertical-align: top; word-break: normal; border: 1px solid #ffffff; height: 21px; text-align: center;\">H<\/th>\n<\/tr>\n<\/thead>\n<tbody>\n<tr style=\"height: 21px;\">\n<td style=\"background-color: #efefef; color: #333333; font-family: Arial, sans-serif; font-size: 14px; overflow: hidden; padding: 10px 5px; text-align: left; vertical-align: top; word-break: normal; border: 1px solid #ffffff; height: 21px;\">\u00a0EBL284BM01<\/td>\n<td style=\"background-color: #efefef; color: #333333; font-family: Arial, sans-serif; font-size: 14px; overflow: hidden; padding: 10px 5px; vertical-align: top; word-break: normal; border: 1px solid #ffffff; height: 21px; text-align: center;\">1,6<\/td>\n<td style=\"background-color: #efefef; color: #333333; font-family: Arial, sans-serif; font-size: 14px; overflow: hidden; padding: 10px 5px; vertical-align: top; word-break: normal; border: 1px solid #ffffff; height: 21px; text-align: center;\">60<\/td>\n<td style=\"background-color: #efefef; color: #333333; font-family: Arial, sans-serif; font-size: 14px; overflow: hidden; padding: 10px 5px; vertical-align: top; word-break: normal; border: 1px solid #ffffff; height: 21px; text-align: center;\">950<\/td>\n<td style=\"background-color: #efefef; color: #333333; font-family: Arial, sans-serif; font-size: 14px; overflow: hidden; padding: 10px 5px; vertical-align: top; word-break: normal; border: 1px solid #ffffff; height: 21px; text-align: center;\">850<\/td>\n<td style=\"background-color: #efefef; color: #333333; font-family: Arial, sans-serif; font-size: 14px; overflow: hidden; padding: 10px 5px; vertical-align: top; word-break: normal; border: 1px solid #ffffff; height: 21px; text-align: center;\">205<\/td>\n<\/tr>\n<tr style=\"height: 21px;\">\n<td style=\"background-color: #efefef; color: #333333; font-family: Arial, sans-serif; font-size: 14px; overflow: hidden; padding: 10px 5px; text-align: left; vertical-align: top; word-break: normal; border: 1px solid #ffffff; height: 21px;\">\u00a0EBL207AM00<\/td>\n<td style=\"background-color: #efefef; color: #333333; font-family: Arial, sans-serif; font-size: 14px; overflow: hidden; padding: 10px 5px; vertical-align: top; word-break: normal; border: 1px solid #ffffff; height: 21px; text-align: center;\">2<\/td>\n<td style=\"background-color: #efefef; color: #333333; font-family: Arial, sans-serif; font-size: 14px; overflow: hidden; padding: 10px 5px; vertical-align: top; word-break: normal; border: 1px solid #ffffff; height: 21px; text-align: center;\">90<\/td>\n<td style=\"background-color: #efefef; color: #333333; font-family: Arial, sans-serif; font-size: 14px; overflow: hidden; padding: 10px 5px; vertical-align: top; word-break: normal; border: 1px solid #ffffff; height: 21px; text-align: center;\">1350<\/td>\n<td style=\"background-color: #efefef; color: #333333; font-family: Arial, sans-serif; font-size: 14px; overflow: hidden; padding: 10px 5px; vertical-align: top; word-break: normal; border: 1px solid #ffffff; height: 21px; text-align: center;\">1250<\/td>\n<td style=\"background-color: #efefef; color: #333333; font-family: Arial, sans-serif; font-size: 14px; overflow: hidden; padding: 10px 5px; vertical-align: top; word-break: normal; border: 1px solid #ffffff; height: 21px; text-align: center;\">280<\/td>\n<\/tr>\n<\/tbody>\n<\/table>\n<p><img loading=\"lazy\" class=\"aligncenter\" src=\"https:\/\/seyconel.com.br\/wp-content\/uploads\/2021\/01\/MEDIDAS-BALANCIM-CRUZ-1.png\" alt=\"\" width=\"752\" height=\"305\" \/> Balancim Cruzado Big Bag<\/p>\n<table style=\"margin: auto; height: 42px; border-collapse: collapse; border-color: #aaaaaa; border-spacing: 0px; width: 80%;\" border=\"1px solid rgb(255, 255, 255)\" width=\"80%\" cellspacing=\"0px\" cellpadding=\"10px 5px\">\n<thead>\n<tr style=\"height: 21px;\">\n<th style=\"background-color: #ffc702; color: #ffffff; font-family: Arial, sans-serif; font-size: 14px; font-weight: normal; overflow: hidden; padding: 10px 5px; text-align: left; vertical-align: top; word-break: normal; border: 1px solid #ffffff; height: 21px;\">C\u00f3digo<\/th>\n<th style=\"background-color: #ffc702; color: #ffffff; font-family: Arial, sans-serif; font-size: 14px; font-weight: normal; overflow: hidden; padding: 10px 5px; text-align: left; vertical-align: top; word-break: normal; border: 1px solid #ffffff; height: 21px;\">Capacidade (ton)<\/th>\n<th style=\"background-color: #ffc702; color: #ffffff; font-family: Arial, sans-serif; font-size: 14px; font-weight: normal; overflow: hidden; padding: 10px 5px; vertical-align: top; word-break: normal; border: 1px solid #ffffff; height: 21px; text-align: center;\">A<\/th>\n<th style=\"background-color: #ffc702; color: #ffffff; font-family: Arial, sans-serif; font-size: 14px; font-weight: normal; overflow: hidden; padding: 10px 5px; vertical-align: top; word-break: normal; border: 1px solid #ffffff; height: 21px; text-align: center;\">E<\/th>\n<th style=\"background-color: #ffc702; color: #ffffff; font-family: Arial, sans-serif; font-size: 14px; font-weight: normal; overflow: hidden; padding: 10px 5px; vertical-align: top; word-break: normal; border: 1px solid #ffffff; height: 21px; text-align: center;\">D1<\/th>\n<th style=\"background-color: #ffc702; color: #ffffff; font-family: Arial, sans-serif; font-size: 14px; font-weight: normal; overflow: hidden; padding: 10px 5px; vertical-align: top; word-break: normal; border: 1px solid #ffffff; height: 21px; text-align: center;\">H<\/th>\n<\/tr>\n<\/thead>\n<tbody>\n<tr style=\"height: 21px;\">\n<td style=\"background-color: #efefef; color: #333333; font-family: Arial, sans-serif; font-size: 14px; overflow: hidden; padding: 10px 5px; text-align: left; vertical-align: top; word-break: normal; border: 1px solid #ffffff; height: 21px;\">\u00a0EBL178AM00<\/td>\n<td style=\"background-color: #efefef; color: #333333; font-family: Arial, sans-serif; font-size: 14px; overflow: hidden; padding: 10px 5px; vertical-align: top; word-break: normal; border: 1px solid #ffffff; height: 21px; text-align: center;\">2<\/td>\n<td style=\"background-color: #efefef; color: #333333; font-family: Arial, sans-serif; font-size: 14px; overflow: hidden; padding: 10px 5px; vertical-align: top; word-break: normal; border: 1px solid #ffffff; height: 21px; text-align: center;\">60<\/td>\n<td style=\"background-color: #efefef; color: #333333; font-family: Arial, sans-serif; font-size: 14px; overflow: hidden; padding: 10px 5px; vertical-align: top; word-break: normal; border: 1px solid #ffffff; height: 21px; text-align: center;\">1050<\/td>\n<td style=\"background-color: #efefef; color: #333333; font-family: Arial, sans-serif; font-size: 14px; overflow: hidden; padding: 10px 5px; vertical-align: top; word-break: normal; border: 1px solid #ffffff; height: 21px; text-align: center;\">950<\/td>\n<td style=\"background-color: #efefef; color: #333333; font-family: Arial, sans-serif; font-size: 14px; overflow: hidden; padding: 10px 5px; vertical-align: top; word-break: normal; border: 1px solid #ffffff; height: 21px; text-align: center;\">250<\/td>\n<\/tr>\n<\/tbody>\n<\/table>\n<p><img loading=\"lazy\" class=\"aligncenter\" src=\"https:\/\/seyconel.com.br\/wp-content\/uploads\/2021\/01\/MEDIDAS-BALANCIM-CRUZ-2.png\" alt=\"\" width=\"669\" height=\"351\" \/><\/p>\n<table style=\"margin: auto; height: 42px; border-collapse: collapse; border-color: #aaaaaa; border-spacing: 0px; width: 80%;\" border=\"1px solid rgb(255, 255, 255)\" width=\"80%\" cellspacing=\"0px\" cellpadding=\"10px 5px\">\n<thead>\n<tr style=\"height: 21px;\">\n<th style=\"background-color: #ffc702; color: #ffffff; font-family: Arial, sans-serif; font-size: 14px; font-weight: normal; overflow: hidden; padding: 10px 5px; text-align: left; vertical-align: top; word-break: normal; border: 1px solid #ffffff; height: 21px; width: 28.9308%;\">C\u00f3digo<\/th>\n<th style=\"background-color: #ffc702; color: #ffffff; font-family: Arial, sans-serif; font-size: 14px; font-weight: normal; overflow: hidden; padding: 10px 5px; text-align: left; vertical-align: top; word-break: normal; border: 1px solid #ffffff; height: 21px; width: 29.8742%;\">Capacidade (ton)<\/th>\n<th style=\"background-color: #ffc702; color: #ffffff; font-family: Arial, sans-serif; font-size: 14px; font-weight: normal; overflow: hidden; padding: 10px 5px; vertical-align: top; word-break: normal; border: 1px solid #ffffff; height: 21px; text-align: center; width: 8.1761%;\">A<\/th>\n<th style=\"background-color: #ffc702; color: #ffffff; font-family: Arial, sans-serif; font-size: 14px; font-weight: normal; overflow: hidden; padding: 10px 5px; vertical-align: top; word-break: normal; border: 1px solid #ffffff; height: 21px; text-align: center; width: 10.6918%;\">E<\/th>\n<th style=\"background-color: #ffc702; color: #ffffff; font-family: Arial, sans-serif; font-size: 14px; font-weight: normal; overflow: hidden; padding: 10px 5px; vertical-align: top; word-break: normal; border: 1px solid #ffffff; height: 21px; text-align: center; width: 11.0063%;\">D1<\/th>\n<th style=\"background-color: #ffc702; color: #ffffff; font-family: Arial, sans-serif; font-size: 14px; font-weight: normal; overflow: hidden; padding: 10px 5px; vertical-align: top; word-break: normal; border: 1px solid #ffffff; height: 21px; text-align: center; width: 10.6918%;\">H<\/th>\n<\/tr>\n<\/thead>\n<tbody>\n<tr style=\"height: 21px;\">\n<td style=\"background-color: #efefef; color: #333333; font-family: Arial, sans-serif; font-size: 14px; overflow: hidden; padding: 10px 5px; text-align: left; vertical-align: top; word-break: normal; border: 1px solid #ffffff; height: 21px; width: 28.9308%;\">EBL183AM00<\/td>\n<td style=\"background-color: #efefef; color: #333333; font-family: Arial, sans-serif; font-size: 14px; overflow: hidden; padding: 10px 5px; vertical-align: top; word-break: normal; border: 1px solid #ffffff; height: 21px; text-align: center; width: 29.8742%;\">2<\/td>\n<td style=\"background-color: #efefef; color: #333333; font-family: Arial, sans-serif; font-size: 14px; overflow: hidden; padding: 10px 5px; vertical-align: top; word-break: normal; border: 1px solid #ffffff; height: 21px; text-align: center; width: 8.1761%;\">60<\/td>\n<td style=\"background-color: #efefef; color: #333333; font-family: Arial, sans-serif; font-size: 14px; overflow: hidden; padding: 10px 5px; vertical-align: top; word-break: normal; border: 1px solid #ffffff; height: 21px; text-align: center; width: 10.6918%;\">920<\/td>\n<td style=\"background-color: #efefef; color: #333333; font-family: Arial, sans-serif; font-size: 14px; overflow: hidden; padding: 10px 5px; vertical-align: top; word-break: normal; border: 1px solid #ffffff; height: 21px; text-align: center; width: 11.0063%;\">850<\/td>\n<td style=\"background-color: #efefef; color: #333333; font-family: Arial, sans-serif; font-size: 14px; overflow: hidden; padding: 10px 5px; vertical-align: top; word-break: normal; border: 1px solid #ffffff; height: 21px; text-align: center; width: 10.6918%;\">370<\/td>\n<\/tr>\n<\/tbody>\n<\/table>\n","protected":false},"excerpt":{"rendered":"<p>Valores referente a ICMS de 12%<br \/>\nPara outros ICMS entre em contato com nossos consultores t\u00e9cnicos e solicite um or\u00e7amento.<\/p>\n","protected":false},"featured_media":499,"template":"","meta":[],"product_cat":[165],"product_tag":[81,82,83,84,85,86,87,88],"_links":{"self":[{"href":"https:\/\/seyconel.com\/es\/wp-json\/wp\/v2\/product\/417"}],"collection":[{"href":"https:\/\/seyconel.com\/es\/wp-json\/wp\/v2\/product"}],"about":[{"href":"https:\/\/seyconel.com\/es\/wp-json\/wp\/v2\/types\/product"}],"version-history":[{"count":1,"href":"https:\/\/seyconel.com\/es\/wp-json\/wp\/v2\/product\/417\/revisions"}],"predecessor-version":[{"id":502,"href":"https:\/\/seyconel.com\/es\/wp-json\/wp\/v2\/product\/417\/revisions\/502"}],"wp:featuredmedia":[{"embeddable":true,"href":"https:\/\/seyconel.com\/es\/wp-json\/wp\/v2\/media\/499"}],"wp:attachment":[{"href":"https:\/\/seyconel.com\/es\/wp-json\/wp\/v2\/media?parent=417"}],"wp:term":[{"taxonomy":"product_cat","embeddable":true,"href":"https:\/\/seyconel.com\/es\/wp-json\/wp\/v2\/product_cat?post=417"},{"taxonomy":"product_tag","embeddable":true,"href":"https:\/\/seyconel.com\/es\/wp-json\/wp\/v2\/product_tag?post=417"}],"curies":[{"name":"wp","href":"https:\/\/api.w.org\/{rel}","templated":true}]}}