{"id":416,"date":"2022-03-03T09:28:13","date_gmt":"2022-03-03T12:28:13","guid":{"rendered":"https:\/\/seyconel.com\/es\/?post_type=product&#038;p=416"},"modified":"2024-09-17T14:21:13","modified_gmt":"2024-09-17T17:21:13","slug":"gancho-c-giratorio","status":"publish","type":"product","link":"https:\/\/seyconel.com\/es\/productos\/gancho-c-giratorio\/","title":{"rendered":"Gancho C Giratorio"},"content":{"rendered":"<h2>Gancho en C convencional<\/h2>\n<p>El gancho en C est\u00e1 dise\u00f1ado para adaptarse a muchos tama\u00f1os de bobina est\u00e1ndar, pero puede dise\u00f1arse y fabricarse a medida para piezas y situaciones \u00fanicas, como bobinas no est\u00e1ndar, componentes espec\u00edficos y piezas generales que puedan levantarse a trav\u00e9s de un orificio central.<\/p>\n<p>Compruebe nuestro <a href=\"https:\/\/seyconel.com.br\/produtos\/gancho-c-eletromecanico\/\" target=\"_blank\" rel=\"noopener\">\u00a0Gancho C Eletromec\u00e2nico<\/a><\/p>\n<h3>Fabricaci\u00f3n y desarrollo<\/h3>\n<p>De acuerdo con las normas vigentes, el dispositivo est\u00e1 fabricado en acero estructural (ASTM A36\/A572) y sus accesorios son de acero forjado, pudiendo disponerse de soportes de PU para los puntos de contacto con la bobina para evitar que se da\u00f1en las bobinas (se utiliza principalmente para levantar bobinas finas de acero y aluminio). Las soldaduras realizadas cumplen con los procedimientos de la norma AWS D1.1:2015 y se someten a inspecci\u00f3n visual y a pruebas no destructivas (NDT) mediante l\u00edquidos penetrantes (LP), la pintura est\u00e1ndar se realiza con pintura epoxi de seguridad amarilla RAL 1003, pero podemos ofrecer en otros colores y procesos de pintura si es necesario (consultar con el sector de ventas). Dispone de placas de informaci\u00f3n de capacidad fabricadas en acero y soldadas a la estructura y de una placa de trazabilidad fabricada en aluminio, cumpliendo las normas ABNT NBR 8400, EN 13155, DIN 15402 y NR11.<\/p>\n<h3>Aspectos de seguridad y construcci\u00f3n:<\/h3>\n<ul>\n<li>ABNT NBR 8400, EN 13155 y DIN 15402;<\/li>\n<li>Factor de seguridad 3:1;<\/li>\n<li>Libro de datos t\u00e9cnicos;<\/li>\n<li>ART (Certificado de Responsabilidad T\u00e9cnica) de Dise\u00f1o y\/o Fabricaci\u00f3n\/Instalaci\u00f3n;<\/li>\n<li>Certificado;<\/li>\n<li>Plan de mantenimiento.<\/li>\n<\/ul>\n<h3>Caracter\u00edsticas t\u00e9cnicas:<\/h3>\n<figure style=\"width: 800px\" class=\"wp-caption aligncenter\"><img loading=\"lazy\" class=\"wp-image-5520 size-full\" src=\"http:\/\/seyconel.com.br\/wp-content\/uploads\/2020\/01\/Dimensional-Gancho-C.jpg\" alt=\"Gancho C - Dimensional\" width=\"800\" height=\"600\" \/><figcaption class=\"wp-caption-text\">Figura 1 &#8211; Dimensi\u00f3n<\/figcaption><\/figure>\n<figure id=\"attachment_6059\" aria-describedby=\"caption-attachment-6059\" style=\"width: 553px\" class=\"wp-caption aligncenter\"><img loading=\"lazy\" class=\"size-full wp-image-6059\" src=\"https:\/\/seyconel.com.br\/wp-content\/uploads\/2020\/01\/Gancho-C-Tabela2.jpg\" alt=\"\" width=\"553\" height=\"216\" \/><figcaption id=\"caption-attachment-6059\" class=\"wp-caption-text\">Figura 2 &#8211; Tabla<\/figcaption><\/figure>\n","protected":false},"excerpt":{"rendered":"<h1>\u00bfLevantamiento de bobinas? El gancho en C es la soluci\u00f3n.<\/h1>\n<p>El gancho en C est\u00e1 dise\u00f1ado y fabricado de forma robusta, permite una elevaci\u00f3n y manipulaci\u00f3n segura y \u00e1gil, proporcionando un mayor poder de almacenamiento de las bobinas en el almac\u00e9n.<\/p>\n<p>En la mayor\u00eda de los casos es suspendido por una gr\u00faa, acoplado por un punto de elevaci\u00f3n superior (ojo) alineado con el centro de gravedad del dispositivo, as\u00ed dise\u00f1ado el gancho en C Seyconel permanece sin inclinaciones indeseables durante la operaci\u00f3n, proporcionando la seguridad deseada durante el proceso de movimiento de bobinas y vac\u00edos. Tambi\u00e9n puede utilizarse con carretillas elevadoras, gr\u00faas y otros equipos de elevaci\u00f3n de cargas.<\/p>\n","protected":false},"featured_media":497,"template":"","meta":[],"product_cat":[165],"product_tag":[221,77,219,220],"_links":{"self":[{"href":"https:\/\/seyconel.com\/es\/wp-json\/wp\/v2\/product\/416"}],"collection":[{"href":"https:\/\/seyconel.com\/es\/wp-json\/wp\/v2\/product"}],"about":[{"href":"https:\/\/seyconel.com\/es\/wp-json\/wp\/v2\/types\/product"}],"version-history":[{"count":4,"href":"https:\/\/seyconel.com\/es\/wp-json\/wp\/v2\/product\/416\/revisions"}],"predecessor-version":[{"id":1326,"href":"https:\/\/seyconel.com\/es\/wp-json\/wp\/v2\/product\/416\/revisions\/1326"}],"wp:featuredmedia":[{"embeddable":true,"href":"https:\/\/seyconel.com\/es\/wp-json\/wp\/v2\/media\/497"}],"wp:attachment":[{"href":"https:\/\/seyconel.com\/es\/wp-json\/wp\/v2\/media?parent=416"}],"wp:term":[{"taxonomy":"product_cat","embeddable":true,"href":"https:\/\/seyconel.com\/es\/wp-json\/wp\/v2\/product_cat?post=416"},{"taxonomy":"product_tag","embeddable":true,"href":"https:\/\/seyconel.com\/es\/wp-json\/wp\/v2\/product_tag?post=416"}],"curies":[{"name":"wp","href":"https:\/\/api.w.org\/{rel}","templated":true}]}}