{"id":415,"date":"2022-03-03T09:28:13","date_gmt":"2022-03-03T12:28:13","guid":{"rendered":"https:\/\/seyconel.com\/es\/?post_type=product&#038;p=415"},"modified":"2022-03-09T15:33:22","modified_gmt":"2022-03-09T18:33:22","slug":"manilha-ancora","status":"publish","type":"product","link":"https:\/\/seyconel.com\/es\/productos\/manilha-ancora\/","title":{"rendered":"Manilha \u00c2ncora"},"content":{"rendered":"<p>Existem dois tipos de Manilha \u00e2ncora, com pino rosc\u00e1vel e pino com porca e contra pino. A manilha com pino rosc\u00e1vel tem a facilidade de remo\u00e7\u00e3o, ou seja, e utilizada quando precisa ficar trocando os pontos de fixa\u00e7\u00e3o. A manilha de pino com porca e contra pino, \u00e9 utilizada quando n\u00e3o precisa remover do ponto de fixa\u00e7\u00e3o e quando a manilha sofre muita vibra\u00e7\u00e3o em sua utiliza\u00e7\u00e3o, assim evitando que a porca ou o pino rosc\u00e1vel posso soltar com a vibra\u00e7\u00e3o.<\/p>\n<h2>Orienta\u00e7\u00f5es para uso correto da manilha \u00e2ncora<\/h2>\n<ul>\n<li>Sempre verifique, antes de utiliza-la, se as marca\u00e7\u00f5es da manilha e pino estejam leg\u00edveis e em conformidade com Certificado de Teste.<\/li>\n<li>Confira ainda se os produtos n\u00e3o est\u00e3o deformados ou gastos. Se n\u00e3o possuem corros\u00e3o, cortes, rachaduras ou entalhes. Em caso de existir qualquer um destes problemas, n\u00e3o utilize a manilha.<\/li>\n<li>Jamais tente, em qualquer hip\u00f3tese, remodelar ou reparar sua manilha por meio de soldagem, curvatura ou aquecimento.<\/li>\n<\/ul>\n<p>&nbsp;<\/p>\n","protected":false},"excerpt":{"rendered":"<p>\u00c9 utilizada como acess\u00f3rio de fixa\u00e7\u00e3o em <a href=\"https:\/\/seyconel.com.br\/cat\/elevacao-e-amarracao\/cintas-de-elevacao\/\" target=\"_blank\" rel=\"noopener\">cintas de eleva\u00e7\u00e3o<\/a>, lingas de cabos de a\u00e7o e correntes em suas extremidades ou la\u00e7os.<\/p>\n<p>O corpo \u00e9 forjado em a\u00e7o 1045 e o pino em A\u00e7o Alloy. A marca\u00e7\u00e3o em alto relevo no corpo da manilha cont\u00e9m identifica\u00e7\u00f5es de medidas que correspondem a sua carga de trabalho (polegada e tonelada) e esta n\u00e3o prejudica as propriedades mec\u00e2nicas da manilha \u00e2ncora e n\u00e3o compromete sua opera\u00e7\u00e3o na movimenta\u00e7\u00e3o de cargas.<\/p>\n<blockquote><p><strong><em>A identifica\u00e7\u00e3o corresponde ao di\u00e2metro do pino que a referencia para a carga de trabalho a ser utilizada na opera\u00e7\u00e3o de carga.<\/em><\/strong><\/p><\/blockquote>\n","protected":false},"featured_media":494,"template":"","meta":[],"product_cat":[155,158],"product_tag":[],"_links":{"self":[{"href":"https:\/\/seyconel.com\/es\/wp-json\/wp\/v2\/product\/415"}],"collection":[{"href":"https:\/\/seyconel.com\/es\/wp-json\/wp\/v2\/product"}],"about":[{"href":"https:\/\/seyconel.com\/es\/wp-json\/wp\/v2\/types\/product"}],"version-history":[{"count":2,"href":"https:\/\/seyconel.com\/es\/wp-json\/wp\/v2\/product\/415\/revisions"}],"predecessor-version":[{"id":1179,"href":"https:\/\/seyconel.com\/es\/wp-json\/wp\/v2\/product\/415\/revisions\/1179"}],"wp:featuredmedia":[{"embeddable":true,"href":"https:\/\/seyconel.com\/es\/wp-json\/wp\/v2\/media\/494"}],"wp:attachment":[{"href":"https:\/\/seyconel.com\/es\/wp-json\/wp\/v2\/media?parent=415"}],"wp:term":[{"taxonomy":"product_cat","embeddable":true,"href":"https:\/\/seyconel.com\/es\/wp-json\/wp\/v2\/product_cat?post=415"},{"taxonomy":"product_tag","embeddable":true,"href":"https:\/\/seyconel.com\/es\/wp-json\/wp\/v2\/product_tag?post=415"}],"curies":[{"name":"wp","href":"https:\/\/api.w.org\/{rel}","templated":true}]}}