{"id":414,"date":"2022-03-03T09:28:13","date_gmt":"2022-03-03T12:28:13","guid":{"rendered":"https:\/\/seyconel.com\/es\/?post_type=product&#038;p=414"},"modified":"2022-03-09T15:32:07","modified_gmt":"2022-03-09T18:32:07","slug":"levantador-magnetico-pml","status":"publish","type":"product","link":"https:\/\/seyconel.com\/es\/productos\/levantador-magnetico-pml\/","title":{"rendered":"Levantador Magn\u00e9tico PML"},"content":{"rendered":"<p align=\"justify\"><span class=\"VIiyi\" lang=\"es\"><span class=\"JLqJ4b ChMk0b\" data-language-for-alternatives=\"es\" data-language-to-translate-into=\"pt\" data-phrase-index=\"0\" data-number-of-phrases=\"2\">El elevador magn\u00e9tico Seyconel PML es un dispositivo que utiliza la fuerza magn\u00e9tica para levantar pesos, adem\u00e1s de ser \u00fatil en el proceso de movimiento de materiales met\u00e1licos.<\/span> <span class=\"JLqJ4b ChMk0b\" data-language-for-alternatives=\"es\" data-language-to-translate-into=\"pt\" data-phrase-index=\"1\" data-number-of-phrases=\"2\">El elevador que utiliza magnetismo, PLM de 100 kg a 5000 kg.<\/span><\/span><\/p>\n<p class=\"small\" align=\"justify\"><b>Caracter\u00edsticas:<\/b><\/p>\n<ul>\n<li>Luz;<\/li>\n<li>Compacto;<\/li>\n<li>R\u00e1pido;<\/li>\n<li>Totalmente mec\u00e1nico;<\/li>\n<li><span class=\"VIiyi\" lang=\"es\"><span class=\"JLqJ4b ChMk0b\" data-language-for-alternatives=\"es\" data-language-to-translate-into=\"pt\" data-phrase-index=\"0\" data-number-of-phrases=\"1\">Seguro (Permanente y FS 3:1);<\/span><\/span><\/li>\n<li><span class=\"VIiyi\" lang=\"es\"><span class=\"JLqJ4b ChMk0b\" data-language-for-alternatives=\"es\" data-language-to-translate-into=\"pt\" data-phrase-index=\"0\" data-number-of-phrases=\"1\">Bajo mantenimiento;<\/span><\/span><\/li>\n<li>Bajo costo.<\/li>\n<\/ul>\n","protected":false},"excerpt":{"rendered":"<p class=\"small\" align=\"justify\"><span class=\"VIiyi\" lang=\"es\"><span class=\"JLqJ4b ChMk0b\" data-language-for-alternatives=\"es\" data-language-to-translate-into=\"pt\" data-phrase-index=\"0\" data-number-of-phrases=\"4\">\u00a1Uno de los mejores y m\u00e1s eficientes sistemas de elevaci\u00f3n de cargas y con tecnolog\u00eda de tierras raras!<\/span> <span class=\"JLqJ4b ChMk0b\" data-language-for-alternatives=\"es\" data-language-to-translate-into=\"pt\" data-phrase-index=\"1\" data-number-of-phrases=\"4\">\u00a1Presentamos el elevador magn\u00e9tico Seyconel PML!<\/span> <\/span><\/p>\n<p class=\"small\" align=\"justify\"><span class=\"VIiyi\" lang=\"es\"><span class=\"JLqJ4b ChMk0b\" data-language-for-alternatives=\"es\" data-language-to-translate-into=\"pt\" data-phrase-index=\"3\" data-number-of-phrases=\"4\">Si necesita realizar el izaje y transporte horizontal de l\u00e1minas de acero, troqueles, barras, cilindros, tubos, lingotes y palanquillas y otras geometr\u00edas, \u00a1tenemos la soluci\u00f3n para ayudarlo!<\/span><\/span><\/p>\n<p align=\"justify\">\n","protected":false},"featured_media":492,"template":"","meta":[],"product_cat":[155,164],"product_tag":[76],"_links":{"self":[{"href":"https:\/\/seyconel.com\/es\/wp-json\/wp\/v2\/product\/414"}],"collection":[{"href":"https:\/\/seyconel.com\/es\/wp-json\/wp\/v2\/product"}],"about":[{"href":"https:\/\/seyconel.com\/es\/wp-json\/wp\/v2\/types\/product"}],"version-history":[{"count":4,"href":"https:\/\/seyconel.com\/es\/wp-json\/wp\/v2\/product\/414\/revisions"}],"predecessor-version":[{"id":1178,"href":"https:\/\/seyconel.com\/es\/wp-json\/wp\/v2\/product\/414\/revisions\/1178"}],"wp:featuredmedia":[{"embeddable":true,"href":"https:\/\/seyconel.com\/es\/wp-json\/wp\/v2\/media\/492"}],"wp:attachment":[{"href":"https:\/\/seyconel.com\/es\/wp-json\/wp\/v2\/media?parent=414"}],"wp:term":[{"taxonomy":"product_cat","embeddable":true,"href":"https:\/\/seyconel.com\/es\/wp-json\/wp\/v2\/product_cat?post=414"},{"taxonomy":"product_tag","embeddable":true,"href":"https:\/\/seyconel.com\/es\/wp-json\/wp\/v2\/product_tag?post=414"}],"curies":[{"name":"wp","href":"https:\/\/api.w.org\/{rel}","templated":true}]}}