{"id":413,"date":"2022-03-03T09:28:13","date_gmt":"2022-03-03T12:28:13","guid":{"rendered":"https:\/\/seyconel.com\/es\/?post_type=product&#038;p=413"},"modified":"2024-09-17T14:22:05","modified_gmt":"2024-09-17T17:22:05","slug":"agarra-tambor-tvk","status":"publish","type":"product","link":"https:\/\/seyconel.com\/es\/productos\/agarra-tambor-tvk\/","title":{"rendered":"Agarra Tambor TVK"},"content":{"rendered":"<h3>Aplicaci\u00f3n<\/h3>\n<ul>\n<li>Dise\u00f1ado para la elevaci\u00f3n, manejo y transporte seguro de tambores de acero (petr\u00f3leo)<\/li>\n<li>Aplicaci\u00f3n del mango de un solo tambor en tambores sellados vac\u00edos o llenos<\/li>\n<li>Los tambores completamente abiertos deben ser levantados usando tambores de dos manijas con un eslab\u00f3n de cadena de dos patas;<\/li>\n<li>Apertura de la garra disponible de: 0 a 17 mm;<\/li>\n<li>L\u00edmite de carga de trabajo (WLL) 500kg<\/li>\n<\/ul>\n<h3>Caracter\u00edsticas y beneficios<\/h3>\n<ul>\n<li>Con un mecanismo de cierre autom\u00e1tico<\/li>\n<li>Dise\u00f1o ligero para un f\u00e1cil manejo<\/li>\n<li>Cuerpo de la c\u00e1scara soldada de alta calidad y resistente<\/li>\n<li>F\u00e1cil mantenimiento, f\u00e1cil intercambio de piezas que est\u00e1n disponibles a petici\u00f3n<\/li>\n<\/ul>\n<figure id=\"attachment_5405\" aria-describedby=\"caption-attachment-5405\" style=\"width: 793px\" class=\"wp-caption aligncenter\"><img loading=\"lazy\" class=\"size-full wp-image-5405\" src=\"http:\/\/seyconel.com.br\/wp-content\/uploads\/2020\/01\/Pega-Tambor-TVK-Dimensional.jpg\" alt=\"Pega Tambor TVK - Dimensional\" width=\"793\" height=\"372\" \/><figcaption id=\"caption-attachment-5405\" class=\"wp-caption-text\">Figura 1 &#8211; Dimensi\u00f3n<\/figcaption><\/figure>\n<figure id=\"attachment_5407\" aria-describedby=\"caption-attachment-5407\" style=\"width: 771px\" class=\"wp-caption aligncenter\"><img loading=\"lazy\" class=\"size-full wp-image-5407\" src=\"http:\/\/seyconel.com.br\/wp-content\/uploads\/2020\/01\/Pega-Tambor-TVK-Tabela.jpg\" alt=\"Pega Tambor TVK - Tabela\" width=\"771\" height=\"84\" \/><figcaption id=\"caption-attachment-5407\" class=\"wp-caption-text\">Figura 2 &#8211; Tabla<\/figcaption><\/figure>\n<h3>Descargar el cat\u00e1logo<\/h3>\n<p><a href=\"https:\/\/seyconel.com.br\/download\/5339\/\" target=\"_blank\" rel=\"noopener\"><img loading=\"lazy\" class=\"alignnone wp-image-4983\" src=\"https:\/\/seyconel.com.br\/wp-content\/uploads\/2019\/12\/img-site49.png\" alt=\"Seyconel - Download\" width=\"75\" height=\"100\" \/><\/a><\/p>\n","protected":false},"excerpt":{"rendered":"<p>La innovadora y eficaz pinza para bidones TVKH ha sido desarrollada y fabricada en acero para la elevaci\u00f3n y el transporte de bidones met\u00e1licos vac\u00edos o con productos. Fabricado para condiciones normales de funcionamiento a temperaturas de -40\u00baC a 100\u00baC.<\/p>\n","protected":false},"featured_media":469,"template":"","meta":[],"product_cat":[155,159,163],"product_tag":[217],"_links":{"self":[{"href":"https:\/\/seyconel.com\/es\/wp-json\/wp\/v2\/product\/413"}],"collection":[{"href":"https:\/\/seyconel.com\/es\/wp-json\/wp\/v2\/product"}],"about":[{"href":"https:\/\/seyconel.com\/es\/wp-json\/wp\/v2\/types\/product"}],"version-history":[{"count":6,"href":"https:\/\/seyconel.com\/es\/wp-json\/wp\/v2\/product\/413\/revisions"}],"predecessor-version":[{"id":1324,"href":"https:\/\/seyconel.com\/es\/wp-json\/wp\/v2\/product\/413\/revisions\/1324"}],"wp:featuredmedia":[{"embeddable":true,"href":"https:\/\/seyconel.com\/es\/wp-json\/wp\/v2\/media\/469"}],"wp:attachment":[{"href":"https:\/\/seyconel.com\/es\/wp-json\/wp\/v2\/media?parent=413"}],"wp:term":[{"taxonomy":"product_cat","embeddable":true,"href":"https:\/\/seyconel.com\/es\/wp-json\/wp\/v2\/product_cat?post=413"},{"taxonomy":"product_tag","embeddable":true,"href":"https:\/\/seyconel.com\/es\/wp-json\/wp\/v2\/product_tag?post=413"}],"curies":[{"name":"wp","href":"https:\/\/api.w.org\/{rel}","templated":true}]}}