{"id":412,"date":"2022-03-03T09:28:13","date_gmt":"2022-03-03T12:28:13","guid":{"rendered":"https:\/\/seyconel.com\/es\/?post_type=product&#038;p=412"},"modified":"2024-09-17T14:20:54","modified_gmt":"2024-09-17T17:20:54","slug":"agarra-tambor-tvkh","status":"publish","type":"product","link":"https:\/\/seyconel.com\/es\/productos\/agarra-tambor-tvkh\/","title":{"rendered":"Agarra Tambor TVKH"},"content":{"rendered":"<h3>Aplicaciones de la pinza para bidones TVKH<\/h3>\n<ul>\n<li>Dise\u00f1ado para levantar, manipular y transportar tambores (de aceite), donde los tambores deben permanecer en posici\u00f3n vertical<\/li>\n<li>Aplicaci\u00f3n de una sola pinza en tambores vac\u00edos o llenos<\/li>\n<li>Durante la elevaci\u00f3n y el transporte, el centro de gravedad del tambor est\u00e1 siempre por debajo del punto de elevaci\u00f3n<\/li>\n<li>Aperturas de la pinza disponibles de: 0 a 25 mm<\/li>\n<li>L\u00edmite de carga de trabajo (WLL) 600kg<\/li>\n<\/ul>\n<h3>Caracter\u00edsticas y beneficios<\/h3>\n<ul>\n<li>Dise\u00f1o ligero para un f\u00e1cil manejo en espacios reducidos entre otros tambores<\/li>\n<li>Cuerpo de la c\u00e1scara soldada de alta calidad y resistente<\/li>\n<li>Equipado con un mecanismo de bloqueo manual de seguridad para que la pinza se bloquee en la posici\u00f3n abierta<\/li>\n<li>F\u00e1cil mantenimiento, f\u00e1cil intercambio de piezas que est\u00e1n disponibles a petici\u00f3n<\/li>\n<\/ul>\n<figure id=\"attachment_5411\" aria-describedby=\"caption-attachment-5411\" style=\"width: 842px\" class=\"wp-caption aligncenter\"><img loading=\"lazy\" class=\"size-full wp-image-5411\" src=\"http:\/\/seyconel.com.br\/wp-content\/uploads\/2020\/01\/Pega-Tambor-TVKH-Dimensional.jpg\" alt=\"Pega Tambor TVKH - Dimensional\" width=\"842\" height=\"427\" \/><figcaption id=\"caption-attachment-5411\" class=\"wp-caption-text\">Figura 1 &#8211; Dimensi\u00f3n<\/figcaption><\/figure>\n<figure id=\"attachment_5413\" aria-describedby=\"caption-attachment-5413\" style=\"width: 830px\" class=\"wp-caption aligncenter\"><img loading=\"lazy\" class=\"size-full wp-image-5413\" src=\"http:\/\/seyconel.com.br\/wp-content\/uploads\/2020\/01\/Pega-Tambor-TVKH-Tabela.jpg\" alt=\"Pega Tambor TVKH - Tabela\" width=\"830\" height=\"84\" \/><figcaption id=\"caption-attachment-5413\" class=\"wp-caption-text\">Figura 2 &#8211; Tabla<\/figcaption><\/figure>\n<h3>Descargar el cat\u00e1logo<\/h3>\n<p><a href=\"https:\/\/seyconel.com.br\/download\/5339\/\" target=\"_blank\" rel=\"noopener\"><img loading=\"lazy\" class=\"alignnone wp-image-4983\" src=\"https:\/\/seyconel.com.br\/wp-content\/uploads\/2019\/12\/img-site49.png\" alt=\"Seyconel - Download\" width=\"75\" height=\"100\" \/><\/a><\/p>\n","protected":false},"excerpt":{"rendered":"<p>La innovadora y eficaz pinza para bidones TVKH ha sido desarrollada y fabricada en acero para la elevaci\u00f3n y el transporte de bidones met\u00e1licos vac\u00edos o con productos. Fabricado para condiciones normales de funcionamiento a temperaturas de -40\u00baC a 100\u00baC.<\/p>\n","protected":false},"featured_media":466,"template":"","meta":[],"product_cat":[159,163],"product_tag":[216],"_links":{"self":[{"href":"https:\/\/seyconel.com\/es\/wp-json\/wp\/v2\/product\/412"}],"collection":[{"href":"https:\/\/seyconel.com\/es\/wp-json\/wp\/v2\/product"}],"about":[{"href":"https:\/\/seyconel.com\/es\/wp-json\/wp\/v2\/types\/product"}],"version-history":[{"count":6,"href":"https:\/\/seyconel.com\/es\/wp-json\/wp\/v2\/product\/412\/revisions"}],"predecessor-version":[{"id":1322,"href":"https:\/\/seyconel.com\/es\/wp-json\/wp\/v2\/product\/412\/revisions\/1322"}],"wp:featuredmedia":[{"embeddable":true,"href":"https:\/\/seyconel.com\/es\/wp-json\/wp\/v2\/media\/466"}],"wp:attachment":[{"href":"https:\/\/seyconel.com\/es\/wp-json\/wp\/v2\/media?parent=412"}],"wp:term":[{"taxonomy":"product_cat","embeddable":true,"href":"https:\/\/seyconel.com\/es\/wp-json\/wp\/v2\/product_cat?post=412"},{"taxonomy":"product_tag","embeddable":true,"href":"https:\/\/seyconel.com\/es\/wp-json\/wp\/v2\/product_tag?post=412"}],"curies":[{"name":"wp","href":"https:\/\/api.w.org\/{rel}","templated":true}]}}