{"id":411,"date":"2022-03-03T09:28:13","date_gmt":"2022-03-03T12:28:13","guid":{"rendered":"https:\/\/seyconel.com\/es\/?post_type=product&#038;p=411"},"modified":"2024-09-17T14:20:48","modified_gmt":"2024-09-17T17:20:48","slug":"agarra-viga","status":"publish","type":"product","link":"https:\/\/seyconel.com\/es\/productos\/agarra-viga\/","title":{"rendered":"Agarra Viga"},"content":{"rendered":"<h3>Aplicaci\u00f3n de agarre de la viga FSV<\/h3>\n<ul>\n<li>Para levantar y transportar horizontalmente vigas, perfiles y estructuras de acero (H);<\/li>\n<li>Puede ser usado como un punto de elevaci\u00f3n (temporal) conectado al rev\u00e9s;<\/li>\n<li>Aberturas para las empu\u00f1aduras de FSV disponibles: 75 a 450 mm;<\/li>\n<li>S\u00f3lo los tipos FSVS \/ FSVSU se suministran con una apertura de pinza extendida: de 75 a 560 mm;<\/li>\n<li>FSV L\u00edmite de carga de trabajo (WLL) 1000 &#8211; 10000kg. (Un WLL m\u00e1s grande disponible a petici\u00f3n);<\/li>\n<li>FSVS \/ FSVSU L\u00edmite de carga de trabajo (WLL) hasta 5000 kg;<\/li>\n<\/ul>\n<h3>Caracter\u00edsticas y beneficios<\/h3>\n<ul>\n<li>Un dise\u00f1o m\u00e1s especial permite levantar vigas y estructuras de acero (H)<\/li>\n<li>Apertura y cierre igual de ambas garras para un montaje simple y r\u00e1pido<\/li>\n<li>Placas de garras soldadas para un mejor posicionamiento y menos da\u00f1o de la carga<\/li>\n<li>Los tipos FSVSU se suministran con cuerpo reforzado y grillete de elevaci\u00f3n con bisagra<\/li>\n<li>Cuerpo ligero, f\u00e1cil de mantener y resistente<\/li>\n<\/ul>\n<figure id=\"attachment_5417\" aria-describedby=\"caption-attachment-5417\" style=\"width: 1008px\" class=\"wp-caption aligncenter\"><img loading=\"lazy\" class=\"size-full wp-image-5417\" src=\"http:\/\/seyconel.com.br\/wp-content\/uploads\/2020\/01\/Pega-Viga-FSV-Dimensional.jpg\" alt=\"Pega Viga FSV - Dimensional\" width=\"1008\" height=\"501\" \/><figcaption id=\"caption-attachment-5417\" class=\"wp-caption-text\">Figura 1 &#8211; Dimensi\u00f3n<\/figcaption><\/figure>\n<figure id=\"attachment_5419\" aria-describedby=\"caption-attachment-5419\" style=\"width: 830px\" class=\"wp-caption aligncenter\"><img loading=\"lazy\" class=\"size-full wp-image-5419\" src=\"http:\/\/seyconel.com.br\/wp-content\/uploads\/2020\/01\/Pega-Viga-FSV-Tabela.jpg\" alt=\"Pega Viga FSV - Tabela\" width=\"830\" height=\"504\" \/><figcaption id=\"caption-attachment-5419\" class=\"wp-caption-text\">Figura 2 &#8211; Tabla<\/figcaption><\/figure>\n<h3>Descargar el cat\u00e1logo<\/h3>\n<p><a href=\"https:\/\/seyconel.com.br\/download\/5339\/\" target=\"_blank\" rel=\"noopener\"><img loading=\"lazy\" class=\"alignnone wp-image-4983\" src=\"https:\/\/seyconel.com.br\/wp-content\/uploads\/2019\/12\/img-site49.png\" alt=\"Seyconel - Download\" width=\"75\" height=\"100\" \/><\/a><\/p>\n","protected":false},"excerpt":{"rendered":"<p>Vers\u00e1til y f\u00e1cil de manejar, el recogedor de vigas FSV es el mejor equipo de elevaci\u00f3n de vigas del mercado y sirve perfectamente para cualquier segmento de la construcci\u00f3n industrial y civil.<\/p>\n","protected":false},"featured_media":463,"template":"","meta":[],"product_cat":[159,162],"product_tag":[215],"_links":{"self":[{"href":"https:\/\/seyconel.com\/es\/wp-json\/wp\/v2\/product\/411"}],"collection":[{"href":"https:\/\/seyconel.com\/es\/wp-json\/wp\/v2\/product"}],"about":[{"href":"https:\/\/seyconel.com\/es\/wp-json\/wp\/v2\/types\/product"}],"version-history":[{"count":6,"href":"https:\/\/seyconel.com\/es\/wp-json\/wp\/v2\/product\/411\/revisions"}],"predecessor-version":[{"id":1321,"href":"https:\/\/seyconel.com\/es\/wp-json\/wp\/v2\/product\/411\/revisions\/1321"}],"wp:featuredmedia":[{"embeddable":true,"href":"https:\/\/seyconel.com\/es\/wp-json\/wp\/v2\/media\/463"}],"wp:attachment":[{"href":"https:\/\/seyconel.com\/es\/wp-json\/wp\/v2\/media?parent=411"}],"wp:term":[{"taxonomy":"product_cat","embeddable":true,"href":"https:\/\/seyconel.com\/es\/wp-json\/wp\/v2\/product_cat?post=411"},{"taxonomy":"product_tag","embeddable":true,"href":"https:\/\/seyconel.com\/es\/wp-json\/wp\/v2\/product_tag?post=411"}],"curies":[{"name":"wp","href":"https:\/\/api.w.org\/{rel}","templated":true}]}}