{"id":410,"date":"2022-03-03T09:28:13","date_gmt":"2022-03-03T12:28:13","guid":{"rendered":"https:\/\/seyconel.com\/es\/?post_type=product&#038;p=410"},"modified":"2024-09-17T14:20:43","modified_gmt":"2024-09-17T17:20:43","slug":"agarra-vigas-fbk","status":"publish","type":"product","link":"https:\/\/seyconel.com\/es\/productos\/agarra-vigas-fbk\/","title":{"rendered":"Agarra Vigas FBK"},"content":{"rendered":"<h3>Aplicaci\u00f3n de sujeci\u00f3n de la viga FBK<\/h3>\n<ul>\n<li>El asa de viga FBK suministrada por Seyconel se utiliza para la elevaci\u00f3n vertical, el transporte y el apilamiento de vigas de acero (H, I o U), perfiles y estructuras donde la carga debe permanecer perfectamente en posici\u00f3n<\/li>\n<li>Especialmente recomendado para transportar y apilar vigas de acero (H, I o U) (por ejemplo, para la fabricaci\u00f3n o en construcciones de acero)<\/li>\n<li>Las aberturas del FBK Seyconel est\u00e1n disponibles de: 0 a 25 mm<\/li>\n<li>El equipo tiene un l\u00edmite de carga de trabajo (WLL) de 1000 &#8211; 3000 kg. El m\u00ednimo de WLL es el 10% del m\u00e1ximo. WLL<\/li>\n<\/ul>\n<h3>Caracter\u00edsticas y beneficios<\/h3>\n<ul>\n<li>La forma especial de la argolla de levantamiento que coloca el centro de gravedad de la viga o la carga directamente debajo de la argolla de levantamiento<\/li>\n<li>Al levantar, se mantiene el equilibrio de la viga porque mantiene las bridas verticales y as\u00ed la viga puede ser f\u00e1cilmente apilada o posicionada.<\/li>\n<li>Siempre equipado con un mecanismo de seguridad, asegurando que los rayos no se deslicen cuando se aplica la fuerza de elevaci\u00f3n y cuando se reduce la carga<\/li>\n<li>La palanca se bloquea en posici\u00f3n cerrada o abierta<\/li>\n<li>Dise\u00f1o ligero para un f\u00e1cil manejo<\/li>\n<li>El cuerpo del mango de la placa soldada de alta calidad y robusto<\/li>\n<li>F\u00e1cil mantenimiento, las piezas de repuesto est\u00e1n disponibles a petici\u00f3n<\/li>\n<\/ul>\n<figure id=\"attachment_5423\" aria-describedby=\"caption-attachment-5423\" style=\"width: 800px\" class=\"wp-caption aligncenter\"><img loading=\"lazy\" class=\"size-full wp-image-5423\" src=\"http:\/\/seyconel.com.br\/wp-content\/uploads\/2020\/01\/Pega-Viga-FBK-Dimensional.jpg\" alt=\"Pega Viga FBK - Dimensional\" width=\"800\" height=\"697\" \/><figcaption id=\"caption-attachment-5423\" class=\"wp-caption-text\">Figura 1 &#8211; Dimensi\u00f3n<\/figcaption><\/figure>\n<figure id=\"attachment_5425\" aria-describedby=\"caption-attachment-5425\" style=\"width: 978px\" class=\"wp-caption aligncenter\"><img loading=\"lazy\" class=\"size-full wp-image-5425\" src=\"http:\/\/seyconel.com.br\/wp-content\/uploads\/2020\/01\/Pega-Viga-FBK-Tabela.jpg\" alt=\"Pega Viga FBK - Tabela\" width=\"978\" height=\"154\" \/><figcaption id=\"caption-attachment-5425\" class=\"wp-caption-text\">Figura 2 &#8211; Tabla<\/figcaption><\/figure>\n<h3>Descargar el cat\u00e1logo<\/h3>\n<p><a href=\"https:\/\/seyconel.com.br\/download\/5339\/\" target=\"_blank\" rel=\"noopener\"><img loading=\"lazy\" class=\"alignnone wp-image-4983\" src=\"https:\/\/seyconel.com.br\/wp-content\/uploads\/2019\/12\/img-site49.png\" alt=\"Seyconel - Download\" width=\"75\" height=\"100\" \/><\/a><\/p>\n","protected":false},"excerpt":{"rendered":"<p>El recogedor de vigas FBK es su mejor opci\u00f3n para levantar y mover vigas de acero estructural, porque fue desarrollado para levantar vigas de acero con perfil H, I o U con total seguridad, por lo tanto, es ampliamente utilizado en la industria en general y en la construcci\u00f3n civil.<\/p>\n<blockquote><p>Nota: la superficie de la placa de material debe tener una dureza m\u00e1xima de HrC 37\/345 Hb<\/p><\/blockquote>\n","protected":false},"featured_media":460,"template":"","meta":[],"product_cat":[159,162],"product_tag":[215],"_links":{"self":[{"href":"https:\/\/seyconel.com\/es\/wp-json\/wp\/v2\/product\/410"}],"collection":[{"href":"https:\/\/seyconel.com\/es\/wp-json\/wp\/v2\/product"}],"about":[{"href":"https:\/\/seyconel.com\/es\/wp-json\/wp\/v2\/types\/product"}],"version-history":[{"count":6,"href":"https:\/\/seyconel.com\/es\/wp-json\/wp\/v2\/product\/410\/revisions"}],"predecessor-version":[{"id":1325,"href":"https:\/\/seyconel.com\/es\/wp-json\/wp\/v2\/product\/410\/revisions\/1325"}],"wp:featuredmedia":[{"embeddable":true,"href":"https:\/\/seyconel.com\/es\/wp-json\/wp\/v2\/media\/460"}],"wp:attachment":[{"href":"https:\/\/seyconel.com\/es\/wp-json\/wp\/v2\/media?parent=410"}],"wp:term":[{"taxonomy":"product_cat","embeddable":true,"href":"https:\/\/seyconel.com\/es\/wp-json\/wp\/v2\/product_cat?post=410"},{"taxonomy":"product_tag","embeddable":true,"href":"https:\/\/seyconel.com\/es\/wp-json\/wp\/v2\/product_tag?post=410"}],"curies":[{"name":"wp","href":"https:\/\/api.w.org\/{rel}","templated":true}]}}