{"id":409,"date":"2022-03-03T09:28:13","date_gmt":"2022-03-03T12:28:13","guid":{"rendered":"https:\/\/seyconel.com\/es\/?post_type=product&#038;p=409"},"modified":"2024-09-17T14:21:07","modified_gmt":"2024-09-17T17:21:07","slug":"agarra-chapa-horizontal-tdh","status":"publish","type":"product","link":"https:\/\/seyconel.com\/es\/productos\/agarra-chapa-horizontal-tdh\/","title":{"rendered":"Agarra Chapa Horizontal TDH"},"content":{"rendered":"<div class=\"paragraph\">\n<div class=\"paragraph\">\n<div class=\"paragraph\">\n<h2>Caracter\u00edsticas y beneficios<\/h2>\n<ul>\n<li>Las asas TDH deben utilizarse siempre por parejas o con varios pares;<\/li>\n<li>Dise\u00f1o compacto y gran capacidad de elevaci\u00f3n;<\/li>\n<li>Dise\u00f1o ligero para un f\u00e1cil manejo;<\/li>\n<li>El proceso de soldadura del cuerpo\/carcasa garantiza una alta calidad y una mayor resistencia.<\/li>\n<\/ul>\n<figure id=\"attachment_5327\" aria-describedby=\"caption-attachment-5327\" style=\"width: 672px\" class=\"wp-caption aligncenter\"><img loading=\"lazy\" class=\"wp-image-5327 size-full\" src=\"http:\/\/seyconel.com.br\/wp-content\/uploads\/2020\/01\/Pega-Chapas-TDH-Dimensional.jpg\" alt=\"Pega Chapas TDH - Dimensional\" width=\"672\" height=\"281\" \/><figcaption id=\"caption-attachment-5327\" class=\"wp-caption-text\">Figura 1 &#8211; Dimensi\u00f3n<\/figcaption><\/figure>\n<figure id=\"attachment_5328\" aria-describedby=\"caption-attachment-5328\" style=\"width: 1002px\" class=\"wp-caption aligncenter\"><img loading=\"lazy\" class=\"wp-image-5328 size-full\" src=\"http:\/\/seyconel.com.br\/wp-content\/uploads\/2020\/01\/Pega-Chapas-TDH-Tabela.jpg\" alt=\"Pega Chapas TDH - Tabela\" width=\"1002\" height=\"189\" \/><figcaption id=\"caption-attachment-5328\" class=\"wp-caption-text\">Figura 2 &#8211; Tabla<\/figcaption><\/figure>\n<h3>Descargar el cat\u00e1logo<\/h3>\n<p><a href=\"http:\/\/seyconel.com.br\/download\/5339\/\" target=\"_blank\" rel=\"noopener\"><img loading=\"lazy\" class=\"alignnone wp-image-4983\" src=\"http:\/\/seyconel.com.br\/wp-content\/uploads\/2019\/12\/img-site49.png\" alt=\"Seyconel - Download\" width=\"75\" height=\"100\" \/><\/a><\/p>\n<\/div>\n<\/div>\n<\/div>\n<p>&nbsp;<\/p>\n","protected":false},"excerpt":{"rendered":"<p>Idealizado y dise\u00f1ado para levantar placas de acero delgadas en posici\u00f3n horizontal, pero tambi\u00e9n para reducir o eliminar la acci\u00f3n generada por el momento flector sobre un elemento estructural, en este caso la placa delgada, porque tiende a doblarla.<\/p>\n<p>Su versatilidad para chapas finas, el modelo TDH es tambi\u00e9n compacto, ligero, con cuerpo soldado de alta resistencia y con gran capacidad de elevaci\u00f3n, ya que tenemos disponible en capacidades de 1t a 6t (capacidad del par) y apertura de mand\u00edbula de 0mm a 50mm.<\/p>\n<blockquote><p>Nota: la superficie de la hoja tendr\u00e1 un nivel de dureza de m\u00e1ximo HrC 37\/345 Hb<\/p><\/blockquote>\n","protected":false},"featured_media":457,"template":"","meta":[],"product_cat":[159,161],"product_tag":[73,218],"_links":{"self":[{"href":"https:\/\/seyconel.com\/es\/wp-json\/wp\/v2\/product\/409"}],"collection":[{"href":"https:\/\/seyconel.com\/es\/wp-json\/wp\/v2\/product"}],"about":[{"href":"https:\/\/seyconel.com\/es\/wp-json\/wp\/v2\/types\/product"}],"version-history":[{"count":6,"href":"https:\/\/seyconel.com\/es\/wp-json\/wp\/v2\/product\/409\/revisions"}],"predecessor-version":[{"id":1323,"href":"https:\/\/seyconel.com\/es\/wp-json\/wp\/v2\/product\/409\/revisions\/1323"}],"wp:featuredmedia":[{"embeddable":true,"href":"https:\/\/seyconel.com\/es\/wp-json\/wp\/v2\/media\/457"}],"wp:attachment":[{"href":"https:\/\/seyconel.com\/es\/wp-json\/wp\/v2\/media?parent=409"}],"wp:term":[{"taxonomy":"product_cat","embeddable":true,"href":"https:\/\/seyconel.com\/es\/wp-json\/wp\/v2\/product_cat?post=409"},{"taxonomy":"product_tag","embeddable":true,"href":"https:\/\/seyconel.com\/es\/wp-json\/wp\/v2\/product_tag?post=409"}],"curies":[{"name":"wp","href":"https:\/\/api.w.org\/{rel}","templated":true}]}}