{"id":407,"date":"2022-03-03T09:28:12","date_gmt":"2022-03-03T12:28:12","guid":{"rendered":"https:\/\/seyconel.com\/es\/?post_type=product&#038;p=407"},"modified":"2024-09-17T13:25:59","modified_gmt":"2024-09-17T16:25:59","slug":"agarra-chapa-tsmp-tsemp-stsmp","status":"publish","type":"product","link":"https:\/\/seyconel.com\/es\/productos\/agarra-chapa-tsmp-tsemp-stsmp\/","title":{"rendered":"Agarra Chapa TSMP \/ TSEMP \/ STSMP"},"content":{"rendered":"<div class=\"paragraph\">\n<div class=\"paragraph\">\n<div class=\"paragraph\">\n<h3>Aplicaci\u00f3n<\/h3>\n<div class=\"field-items\">\n<div class=\"field-item even\">\n<div class=\"item-list\">\n<ul>\n<li class=\"first\">Para el levantamiento vertical, el transporte y el giro de todas las placas y estructuras de acero<\/li>\n<li>Aperturas de la pinza disponibles de: 0 a 100 mm<\/li>\n<li>Los tipos TSEMP \/ STSMP se suministran con una apertura de pinza extendida<\/li>\n<li>L\u00edmite de carga de trabajo (WLL) 750 &#8211; 9000 kg (el WLL m\u00e1s alto disponible a petici\u00f3n)<\/li>\n<li>El m\u00ednimo de WLL es el 10% del m\u00e1ximo. WLL<\/li>\n<\/ul>\n<p><strong>Caracter\u00edsticas y beneficios<\/strong><\/p>\n<\/div>\n<\/div>\n<\/div>\n<\/div>\n<div class=\"paragraph\">\n<div class=\"field-items\">\n<div class=\"field-item even\">\n<div class=\"item-list\">\n<ul>\n<li>Disfruta de todos los beneficios de las pinzas TS con un alcance extra y flexibilidad de elevaci\u00f3n<\/li>\n<li>Cuando se conecta a un brazo de carga fijo (por ejemplo, una barra espaciadora), la pinza mantiene su flexibilidad y no se necesita corriente<\/li>\n<li>Debido a la longitud de la disposici\u00f3n de tres v\u00edas, la pinza puede bajarse a\u00fan m\u00e1s entre las placas o estructuras<\/li>\n<li>Siempre equipado con un mecanismo de seguridad, asegurando que la pinza no se deslice cuando se aplica la fuerza de elevaci\u00f3n y cuando se reduce la carga<\/li>\n<li>La pinza est\u00e1 bloqueada en la posici\u00f3n cerrada y abierta<\/li>\n<li>Dise\u00f1o ligero para un f\u00e1cil manejo<\/li>\n<li>Cuerpo de la c\u00e1scara soldada de alta calidad y resistente<\/li>\n<li class=\"last\">F\u00e1cil mantenimiento, f\u00e1cil intercambio de piezas que est\u00e1n disponibles a petici\u00f3n<\/li>\n<\/ul>\n<figure id=\"attachment_5398\" aria-describedby=\"caption-attachment-5398\" style=\"width: 775px\" class=\"wp-caption aligncenter\"><img loading=\"lazy\" class=\"size-full wp-image-5398\" src=\"http:\/\/seyconel.com.br\/wp-content\/uploads\/2019\/12\/Pega-Chapas-TSMP-Dimensional.jpg\" alt=\"Pega Chapas TSMP - Dimensional\" width=\"775\" height=\"464\" \/><figcaption id=\"caption-attachment-5398\" class=\"wp-caption-text\">Figura 1 &#8211; Dimensi\u00f3n<\/figcaption><\/figure>\n<figure id=\"attachment_5400\" aria-describedby=\"caption-attachment-5400\" style=\"width: 925px\" class=\"wp-caption aligncenter\"><img loading=\"lazy\" class=\"size-full wp-image-5400\" src=\"http:\/\/seyconel.com.br\/wp-content\/uploads\/2019\/12\/Pega-Chapas-TSMP-Tabela.jpg\" alt=\"Pega Chapas TSMP - Tabela\" width=\"925\" height=\"504\" \/><figcaption id=\"caption-attachment-5400\" class=\"wp-caption-text\">Figura 2 &#8211; Tabla<\/figcaption><\/figure>\n<\/div>\n<\/div>\n<\/div>\n<\/div>\n<\/div>\n<\/div>\n<h3>Descargar el cat\u00e1logo<\/h3>\n<p><a href=\"https:\/\/seyconel.com.br\/download\/5339\/\" target=\"_blank\" rel=\"noopener\"><img loading=\"lazy\" class=\"alignnone wp-image-4983\" src=\"https:\/\/seyconel.com.br\/wp-content\/uploads\/2019\/12\/img-site49.png\" alt=\"Seyconel - Download\" width=\"75\" height=\"100\" \/><\/a><\/p>\n","protected":false},"excerpt":{"rendered":"<div class=\"paragraph\">\n<div class=\"paragraph\">\n<div class=\"paragraph\">\n<div class=\"paragraph\">\n<div class=\"paragraph\">\n<div class=\"paragraph\">\n<p>Dise\u00f1ado y fabricado para la elevaci\u00f3n y el transporte vertical de chapas y estructuras de acero que requieren articulaci\u00f3n y flexibilidad, donde es posible colocar la pinza para chapas en un punto de contacto plano. El grillete contiene una disposici\u00f3n de articulaci\u00f3n de tres v\u00edas para una mayor flexibilidad en la elevaci\u00f3n y el desplazamiento de cargas.<\/p>\n<blockquote><p><strong>Nota: la superficie de la placa de material debe tener una dureza m\u00e1xima de HrC 37\/345 Hb<\/strong><\/p><\/blockquote>\n<\/div>\n<\/div>\n<\/div>\n<\/div>\n<\/div>\n<\/div>\n","protected":false},"featured_media":451,"template":"","meta":[],"product_cat":[159,160],"product_tag":[229,72],"_links":{"self":[{"href":"https:\/\/seyconel.com\/es\/wp-json\/wp\/v2\/product\/407"}],"collection":[{"href":"https:\/\/seyconel.com\/es\/wp-json\/wp\/v2\/product"}],"about":[{"href":"https:\/\/seyconel.com\/es\/wp-json\/wp\/v2\/types\/product"}],"version-history":[{"count":6,"href":"https:\/\/seyconel.com\/es\/wp-json\/wp\/v2\/product\/407\/revisions"}],"predecessor-version":[{"id":1333,"href":"https:\/\/seyconel.com\/es\/wp-json\/wp\/v2\/product\/407\/revisions\/1333"}],"wp:featuredmedia":[{"embeddable":true,"href":"https:\/\/seyconel.com\/es\/wp-json\/wp\/v2\/media\/451"}],"wp:attachment":[{"href":"https:\/\/seyconel.com\/es\/wp-json\/wp\/v2\/media?parent=407"}],"wp:term":[{"taxonomy":"product_cat","embeddable":true,"href":"https:\/\/seyconel.com\/es\/wp-json\/wp\/v2\/product_cat?post=407"},{"taxonomy":"product_tag","embeddable":true,"href":"https:\/\/seyconel.com\/es\/wp-json\/wp\/v2\/product_tag?post=407"}],"curies":[{"name":"wp","href":"https:\/\/api.w.org\/{rel}","templated":true}]}}