{"id":406,"date":"2022-03-03T09:28:12","date_gmt":"2022-03-03T12:28:12","guid":{"rendered":"https:\/\/seyconel.com\/es\/?post_type=product&#038;p=406"},"modified":"2024-09-17T13:25:39","modified_gmt":"2024-09-17T16:25:39","slug":"agarra-chapa-tsu-tseu-stsu","status":"publish","type":"product","link":"https:\/\/seyconel.com\/es\/productos\/agarra-chapa-tsu-tseu-stsu\/","title":{"rendered":"Agarra Chapa TSU \/ TSEU \/ STSU"},"content":{"rendered":"<div class=\"paragraph\">\n<div class=\"paragraph\">\n<h3>Aplicaci\u00f3n<\/h3>\n<ul>\n<li>Para el levantamiento vertical, el transporte y el giro de todas las placas y estructuras de acero de todas las posiciones<\/li>\n<li>Aperturas de la pinza disponibles de: 0 a 150 mm<\/li>\n<li>Los tipos TSEU \/ STSU se suministran con una mayor apertura de la mand\u00edbula<\/li>\n<li>L\u00edmite de carga de trabajo (WLL) 750 &#8211; 30000kg (el WLL m\u00e1s alto disponible a petici\u00f3n)<\/li>\n<li>El m\u00ednimo de WLL es el 10% del m\u00e1ximo. WLL<\/li>\n<li>nota: la superficie de la placa de material debe tener una dureza m\u00e1xima de HrC 37\/345 Hb<\/li>\n<\/ul>\n<\/div>\n<div class=\"paragraph\">\n<h3>Caracter\u00edsticas y beneficios<\/h3>\n<ul>\n<li>El grillete de levantamiento con bisagra garantiza la presi\u00f3n en todas las posiciones, incluso cuando la carga lateral es de hasta 90 grados. Observe una menor capacidad de carga al levantar en un \u00e1ngulo mayor de 45 grados. Compruebe la reducci\u00f3n del WLL a continuaci\u00f3n<\/li>\n<li>Las placas m\u00e1s largas pueden ser levantadas sin usar una viga de extensi\u00f3n usando dos abrazaderas en una correa de cadena de dos patas<\/li>\n<li>Siempre equipado con un mecanismo de seguridad, asegurando que la pinza no se deslice cuando se aplica la fuerza de elevaci\u00f3n VertiCal y cuando se reduce la carga<\/li>\n<li>La pinza est\u00e1 bloqueada en la posici\u00f3n cerrada y abierta<\/li>\n<li>Cuerpo ligero, f\u00e1cil de mantener y resistente<\/li>\n<\/ul>\n<figure id=\"attachment_5390\" aria-describedby=\"caption-attachment-5390\" style=\"width: 825px\" class=\"wp-caption aligncenter\"><img loading=\"lazy\" class=\"size-full wp-image-5390\" src=\"http:\/\/seyconel.com.br\/wp-content\/uploads\/2019\/12\/Pega-Chapas-TSU-Dimensional.jpg\" alt=\"Pega Chapas TSU - Dimensional\" width=\"825\" height=\"279\" \/><figcaption id=\"caption-attachment-5390\" class=\"wp-caption-text\">Figura 1 &#8211; Dimensi\u00f3n<\/figcaption><\/figure>\n<figure id=\"attachment_5392\" aria-describedby=\"caption-attachment-5392\" style=\"width: 925px\" class=\"wp-caption aligncenter\"><img loading=\"lazy\" class=\"size-full wp-image-5392\" src=\"http:\/\/seyconel.com.br\/wp-content\/uploads\/2019\/12\/Pega-Chapas-TSU-Tabela.jpg\" alt=\"Pega Chapas TSU - Tabela\" width=\"925\" height=\"924\" \/><figcaption id=\"caption-attachment-5392\" class=\"wp-caption-text\">Figura 2 &#8211; Tabla<\/figcaption><\/figure>\n<h3>Descargar el cat\u00e1logo<\/h3>\n<p><a href=\"https:\/\/seyconel.com.br\/download\/5339\/\" target=\"_blank\" rel=\"noopener\"><img loading=\"lazy\" class=\"alignnone wp-image-4983\" src=\"https:\/\/seyconel.com.br\/wp-content\/uploads\/2019\/12\/img-site49.png\" alt=\"Seyconel - Download\" width=\"75\" height=\"100\" \/><\/a><\/p>\n<\/div>\n<\/div>\n<p>&nbsp;<\/p>\n","protected":false},"excerpt":{"rendered":"<div class=\"paragraph\">\n<div class=\"paragraph\">\n<div class=\"paragraph\">\n<p>Concebido y dise\u00f1ado para la elevaci\u00f3n y el transporte vertical de chapas y estructuras de acero que requieren articulaci\u00f3n y flexibilidad, donde es posible colocar el recogedor de chapas en un punto de contacto plano.<\/p>\n<blockquote><p><strong>Nota: la superficie de la placa de material debe tener una dureza m\u00e1xima de HrC 37\/345 Hb<\/strong><\/p><\/blockquote>\n<\/div>\n<\/div>\n<\/div>\n","protected":false},"featured_media":448,"template":"","meta":[],"product_cat":[159,160],"product_tag":[229,72],"_links":{"self":[{"href":"https:\/\/seyconel.com\/es\/wp-json\/wp\/v2\/product\/406"}],"collection":[{"href":"https:\/\/seyconel.com\/es\/wp-json\/wp\/v2\/product"}],"about":[{"href":"https:\/\/seyconel.com\/es\/wp-json\/wp\/v2\/types\/product"}],"version-history":[{"count":6,"href":"https:\/\/seyconel.com\/es\/wp-json\/wp\/v2\/product\/406\/revisions"}],"predecessor-version":[{"id":1332,"href":"https:\/\/seyconel.com\/es\/wp-json\/wp\/v2\/product\/406\/revisions\/1332"}],"wp:featuredmedia":[{"embeddable":true,"href":"https:\/\/seyconel.com\/es\/wp-json\/wp\/v2\/media\/448"}],"wp:attachment":[{"href":"https:\/\/seyconel.com\/es\/wp-json\/wp\/v2\/media?parent=406"}],"wp:term":[{"taxonomy":"product_cat","embeddable":true,"href":"https:\/\/seyconel.com\/es\/wp-json\/wp\/v2\/product_cat?post=406"},{"taxonomy":"product_tag","embeddable":true,"href":"https:\/\/seyconel.com\/es\/wp-json\/wp\/v2\/product_tag?post=406"}],"curies":[{"name":"wp","href":"https:\/\/api.w.org\/{rel}","templated":true}]}}