{"id":405,"date":"2022-03-03T09:28:12","date_gmt":"2022-03-03T12:28:12","guid":{"rendered":"https:\/\/seyconel.com\/es\/?post_type=product&#038;p=405"},"modified":"2024-09-17T13:24:02","modified_gmt":"2024-09-17T16:24:02","slug":"agarra-chapa-vertical-ts-sts","status":"publish","type":"product","link":"https:\/\/seyconel.com\/es\/productos\/agarra-chapa-vertical-ts-sts\/","title":{"rendered":"Agarra Chapa Vertical TS\/STS"},"content":{"rendered":"<div class=\"paragraph\">\n<h2>Hoja de toma de aplicaciones TS &#8211; TSE &#8211; STS<\/h2>\n<ul>\n<li>Para el levantamiento vertical, el transporte y el giro de todas las placas y estructuras de acero.<\/li>\n<li>Aperturas de la pinza disponibles de: 0 a 150 mm.<\/li>\n<li>Los tipos TSE \/ STS se suministran con una apertura de pinza extendida.<\/li>\n<li>L\u00edmite de carga de trabajo (WLL) 750 &#8211; 30000kg (el WLL m\u00e1s alto disponible a petici\u00f3n).<\/li>\n<\/ul>\n<\/div>\n<div class=\"paragraph\">\n<h3>Caracter\u00edsticas y beneficios<\/h3>\n<ul>\n<li>Dise\u00f1o ligero para un f\u00e1cil manejo.<\/li>\n<li>Cuerpo de la c\u00e1scara soldada de alta calidad y resistente.<\/li>\n<li>Siempre equipado con un mecanismo de seguridad, asegurando que la pinza no se deslice cuando se aplica la fuerza de elevaci\u00f3n y cuando se reduce la carga.<\/li>\n<li>La pinza est\u00e1 bloqueada en la posici\u00f3n cerrada y abierta.<\/li>\n<li>F\u00e1cil mantenimiento, f\u00e1cil intercambio de piezas que est\u00e1n disponibles a petici\u00f3n.<\/li>\n<\/ul>\n<figure id=\"attachment_5384\" aria-describedby=\"caption-attachment-5384\" style=\"width: 945px\" class=\"wp-caption aligncenter\"><img loading=\"lazy\" class=\"size-full wp-image-5384\" src=\"http:\/\/seyconel.com.br\/wp-content\/uploads\/2019\/12\/Pega-Chapas-ST-Dimensional.jpg\" alt=\"Pega Chapas ST - Dimensional\" width=\"945\" height=\"393\" \/><figcaption id=\"caption-attachment-5384\" class=\"wp-caption-text\">Figura 1 &#8211; Dimensi\u00f3n<\/figcaption><\/figure>\n<\/div>\n<figure id=\"attachment_5386\" aria-describedby=\"caption-attachment-5386\" style=\"width: 925px\" class=\"wp-caption aligncenter\"><img loading=\"lazy\" class=\"size-full wp-image-5386\" src=\"http:\/\/seyconel.com.br\/wp-content\/uploads\/2019\/12\/Pega-Chapas-TS-Tabela.jpg\" alt=\"Pega Chapas TS - Tabela\" width=\"925\" height=\"924\" \/><figcaption id=\"caption-attachment-5386\" class=\"wp-caption-text\">Figura 2 &#8211; Tabla<\/figcaption><\/figure>\n<h3>Descargar el cat\u00e1logo<\/h3>\n<p><a href=\"https:\/\/seyconel.com.br\/download\/5339\/\" target=\"_blank\" rel=\"noopener\"><img loading=\"lazy\" class=\"alignnone wp-image-4983\" src=\"https:\/\/seyconel.com.br\/wp-content\/uploads\/2019\/12\/img-site49.png\" alt=\"Seyconel - Download\" width=\"75\" height=\"100\" \/><\/a><\/p>\n","protected":false},"excerpt":{"rendered":"<p>Concebido y dise\u00f1ado para la elevaci\u00f3n y el transporte vertical de chapas y estructuras de acero en las que es posible colocar el recogedor de chapas en un punto de contacto plano.<\/p>\n<blockquote><p><strong>Nota: la superficie de la placa de material debe tener una dureza m\u00e1xima de HrC 37\/345 Hb<\/strong><\/p><\/blockquote>\n","protected":false},"featured_media":445,"template":"","meta":[],"product_cat":[159,160],"product_tag":[229,72],"_links":{"self":[{"href":"https:\/\/seyconel.com\/es\/wp-json\/wp\/v2\/product\/405"}],"collection":[{"href":"https:\/\/seyconel.com\/es\/wp-json\/wp\/v2\/product"}],"about":[{"href":"https:\/\/seyconel.com\/es\/wp-json\/wp\/v2\/types\/product"}],"version-history":[{"count":6,"href":"https:\/\/seyconel.com\/es\/wp-json\/wp\/v2\/product\/405\/revisions"}],"predecessor-version":[{"id":1331,"href":"https:\/\/seyconel.com\/es\/wp-json\/wp\/v2\/product\/405\/revisions\/1331"}],"wp:featuredmedia":[{"embeddable":true,"href":"https:\/\/seyconel.com\/es\/wp-json\/wp\/v2\/media\/445"}],"wp:attachment":[{"href":"https:\/\/seyconel.com\/es\/wp-json\/wp\/v2\/media?parent=405"}],"wp:term":[{"taxonomy":"product_cat","embeddable":true,"href":"https:\/\/seyconel.com\/es\/wp-json\/wp\/v2\/product_cat?post=405"},{"taxonomy":"product_tag","embeddable":true,"href":"https:\/\/seyconel.com\/es\/wp-json\/wp\/v2\/product_tag?post=405"}],"curies":[{"name":"wp","href":"https:\/\/api.w.org\/{rel}","templated":true}]}}