{"id":404,"date":"2022-03-03T09:28:12","date_gmt":"2022-03-03T12:28:12","guid":{"rendered":"https:\/\/seyconel.com\/es\/?post_type=product&#038;p=404"},"modified":"2024-09-17T14:23:23","modified_gmt":"2024-09-17T17:23:23","slug":"gancho-de-ojo-de-fundicion","status":"publish","type":"product","link":"https:\/\/seyconel.com\/es\/productos\/gancho-de-ojo-de-fundicion\/","title":{"rendered":"Gancho de ojo de fundici\u00f3n"},"content":{"rendered":"<p>Acabado: pintado epoxi en amarillo<\/p>\n<p>El factor de seguridad del gancho de ojo de lanzamiento es de 4:1.<\/p>\n<h3>Caracter\u00edsticas que deben estar contenidas en el gancho:<\/h3>\n<ul>\n<li>Carga de trabajo<\/li>\n<li>Fabricante<\/li>\n<li>Dimensi\u00f3n<\/li>\n<li>Grado de acero utilizado<\/li>\n<li>Rastreabilidad \/ Lote de fabricaci\u00f3n<\/li>\n<\/ul>\n<figure id=\"attachment_5378\" aria-describedby=\"caption-attachment-5378\" style=\"width: 800px\" class=\"wp-caption aligncenter\"><img loading=\"lazy\" class=\"size-full wp-image-5378\" src=\"http:\/\/seyconel.com.br\/wp-content\/uploads\/2019\/12\/Gancho-Olhal-Fundicao-Dimensional.jpg\" alt=\"Gancho Olhal Fundi\u00e7\u00e3o - Dimensional\" width=\"800\" height=\"600\" \/><figcaption id=\"caption-attachment-5378\" class=\"wp-caption-text\">Figura 1 &#8211; Dimensi\u00f3n<\/figcaption><\/figure>\n<figure id=\"attachment_5379\" aria-describedby=\"caption-attachment-5379\" style=\"width: 1197px\" class=\"wp-caption aligncenter\"><img loading=\"lazy\" class=\"size-full wp-image-5379\" src=\"http:\/\/seyconel.com.br\/wp-content\/uploads\/2019\/12\/Gancho-Olhal-Fundicao-Tabela.jpg\" alt=\"Gancho Olhal Fundi\u00e7\u00e3o - Tabela\" width=\"1197\" height=\"251\" \/><figcaption id=\"caption-attachment-5379\" class=\"wp-caption-text\">Figura 2 &#8211; Tabla<\/figcaption><\/figure>\n","protected":false},"excerpt":{"rendered":"<p>Es adecuado para su uso en eslingas de cadena, lazos y eslingas de cable de acero o eslingas de poli\u00e9ster y eslingas de cincha.<\/p>\n<p>Su formato diferenciado permite una mejor acomodaci\u00f3n de las piezas de gran di\u00e1metro, como los ojos de olla o los crisoles, utilizados en las fundiciones y acer\u00edas.<\/p>\n<p>Este modelo de gancho no tiene cierre de seguridad porque el gancho de colada permite que la carga se libere m\u00e1s f\u00e1cilmente y evita el contacto del operador con el dispositivo.<\/p>\n<p>Siempre recomendamos el uso de ganchos con el cierre de seguridad, pero en cargas con grandes c\u00e1ncamos, el gancho de colada est\u00e1 perfectamente indicado.<\/p>\n","protected":false},"featured_media":443,"template":"","meta":[],"product_cat":[158],"product_tag":[],"_links":{"self":[{"href":"https:\/\/seyconel.com\/es\/wp-json\/wp\/v2\/product\/404"}],"collection":[{"href":"https:\/\/seyconel.com\/es\/wp-json\/wp\/v2\/product"}],"about":[{"href":"https:\/\/seyconel.com\/es\/wp-json\/wp\/v2\/types\/product"}],"version-history":[{"count":3,"href":"https:\/\/seyconel.com\/es\/wp-json\/wp\/v2\/product\/404\/revisions"}],"predecessor-version":[{"id":1048,"href":"https:\/\/seyconel.com\/es\/wp-json\/wp\/v2\/product\/404\/revisions\/1048"}],"wp:featuredmedia":[{"embeddable":true,"href":"https:\/\/seyconel.com\/es\/wp-json\/wp\/v2\/media\/443"}],"wp:attachment":[{"href":"https:\/\/seyconel.com\/es\/wp-json\/wp\/v2\/media?parent=404"}],"wp:term":[{"taxonomy":"product_cat","embeddable":true,"href":"https:\/\/seyconel.com\/es\/wp-json\/wp\/v2\/product_cat?post=404"},{"taxonomy":"product_tag","embeddable":true,"href":"https:\/\/seyconel.com\/es\/wp-json\/wp\/v2\/product_tag?post=404"}],"curies":[{"name":"wp","href":"https:\/\/api.w.org\/{rel}","templated":true}]}}