{"id":359,"date":"2022-03-03T09:27:42","date_gmt":"2022-03-03T12:27:42","guid":{"rendered":"https:\/\/seyconel.com\/es\/?post_type=product&#038;p=359"},"modified":"2024-09-17T13:50:58","modified_gmt":"2024-09-17T16:50:58","slug":"gancho-de-ojo-con-traba","status":"publish","type":"product","link":"https:\/\/seyconel.com\/es\/productos\/gancho-de-ojo-con-traba\/","title":{"rendered":"Gancho de Ojo con Traba"},"content":{"rendered":"<h3>Caracter\u00edsticas que debe incluir el gancho de ojo:<\/h3>\n<ul>\n<li>Carga de trabajo<\/li>\n<li>Fabricante<\/li>\n<li>Dimensi\u00f3n<\/li>\n<li>Grado de acero utilizado<\/li>\n<li>Rastreabilidad \/ Lote de fabricaci\u00f3n<\/li>\n<\/ul>\n<figure id=\"attachment_5358\" aria-describedby=\"caption-attachment-5358\" style=\"width: 800px\" class=\"wp-caption aligncenter\"><img loading=\"lazy\" class=\"size-full wp-image-5358\" src=\"http:\/\/seyconel.com.br\/wp-content\/uploads\/2019\/12\/Gancho-Olhal-Trava-Dimensional.jpg\" alt=\"Gancho Olhal Trava -Dimensional\" width=\"800\" height=\"600\" \/><figcaption id=\"caption-attachment-5358\" class=\"wp-caption-text\">Figura 1 &#8211; Dimensi\u00f3n<\/figcaption><\/figure>\n<figure id=\"attachment_5357\" aria-describedby=\"caption-attachment-5357\" style=\"width: 921px\" class=\"wp-caption aligncenter\"><img loading=\"lazy\" class=\"size-full wp-image-5357\" src=\"http:\/\/seyconel.com.br\/wp-content\/uploads\/2019\/12\/Gancho-Olhal-Trava-Tabela.jpg\" alt=\"Gancho Olhal Trava - Tabela\" width=\"921\" height=\"286\" \/><figcaption id=\"caption-attachment-5357\" class=\"wp-caption-text\">Figura 2 &#8211; Tabla<\/figcaption><\/figure>\n<p>&nbsp;<\/p>\n<p>&nbsp;<\/p>\n<p>&nbsp;<\/p>\n","protected":false},"excerpt":{"rendered":"<p>Es un accesorio de fijaci\u00f3n utilizado como terminales de eslingas de cadena, bridas de acero, eslingas de poli\u00e9ster, en los trabajos de elevaci\u00f3n y de elevaci\u00f3n y porque necesitan una alta resistencia en las m\u00e1s diversas aplicaciones del mercado.<\/p>\n<p>Tiene una carga de trabajo de alto relieve en el cuerpo y est\u00e1 forjado en acero de aleaci\u00f3n de grado 8.<\/p>\n<p>El factor de seguridad del gancho de ojo con cerradura es de 4:1.<\/p>\n<p>Acabado: pintado epoxi en amarillo.<\/p>\n","protected":false},"featured_media":441,"template":"","meta":[],"product_cat":[158],"product_tag":[],"_links":{"self":[{"href":"https:\/\/seyconel.com\/es\/wp-json\/wp\/v2\/product\/359"}],"collection":[{"href":"https:\/\/seyconel.com\/es\/wp-json\/wp\/v2\/product"}],"about":[{"href":"https:\/\/seyconel.com\/es\/wp-json\/wp\/v2\/types\/product"}],"version-history":[{"count":5,"href":"https:\/\/seyconel.com\/es\/wp-json\/wp\/v2\/product\/359\/revisions"}],"predecessor-version":[{"id":1342,"href":"https:\/\/seyconel.com\/es\/wp-json\/wp\/v2\/product\/359\/revisions\/1342"}],"wp:featuredmedia":[{"embeddable":true,"href":"https:\/\/seyconel.com\/es\/wp-json\/wp\/v2\/media\/441"}],"wp:attachment":[{"href":"https:\/\/seyconel.com\/es\/wp-json\/wp\/v2\/media?parent=359"}],"wp:term":[{"taxonomy":"product_cat","embeddable":true,"href":"https:\/\/seyconel.com\/es\/wp-json\/wp\/v2\/product_cat?post=359"},{"taxonomy":"product_tag","embeddable":true,"href":"https:\/\/seyconel.com\/es\/wp-json\/wp\/v2\/product_tag?post=359"}],"curies":[{"name":"wp","href":"https:\/\/api.w.org\/{rel}","templated":true}]}}