{"id":358,"date":"2022-03-03T09:27:42","date_gmt":"2022-03-03T12:27:42","guid":{"rendered":"https:\/\/seyconel.com\/es\/?post_type=product&#038;p=358"},"modified":"2024-09-17T13:41:37","modified_gmt":"2024-09-17T16:41:37","slug":"gancho-clevis-con-traba","status":"publish","type":"product","link":"https:\/\/seyconel.com\/es\/productos\/gancho-clevis-con-traba\/","title":{"rendered":"Gancho Clevis con Traba"},"content":{"rendered":"<p>Tiene la carga de trabajo marcada en alto relieve en la pieza y est\u00e1 forjada en acero especial, tratada t\u00e9rmicamente, desarrollada para un m\u00e1ximo rendimiento en los ambientes m\u00e1s agresivos.<\/p>\n<p>Tiene un factor de seguridad &#8211; FS = 4:1.<\/p>\n<p>La ganancia del ojal tiene un acabado de pintura epoxi amarilla.<\/p>\n<h3>Caracter\u00edsticas que debe contener el gancho de cl\u00e9vis:<\/h3>\n<ul>\n<li>Carga de trabajo<\/li>\n<li>Fabricante<\/li>\n<li>Dimensi\u00f3n<\/li>\n<li>Grado de acero utilizado<\/li>\n<li>Rastreabilidad \/ Lote de fabricaci\u00f3n<\/li>\n<\/ul>\n<figure id=\"attachment_5373\" aria-describedby=\"caption-attachment-5373\" style=\"width: 800px\" class=\"wp-caption aligncenter\"><img loading=\"lazy\" class=\"size-full wp-image-5373\" src=\"http:\/\/seyconel.com.br\/wp-content\/uploads\/2019\/12\/Gancho-Clevis-Trava-Dimensional.jpg\" alt=\"Gancho Clevis Trava - Dimensional\" width=\"800\" height=\"600\" \/><figcaption id=\"caption-attachment-5373\" class=\"wp-caption-text\">Figura 1 &#8211; Dimensi\u00f3n<\/figcaption><\/figure>\n<figure id=\"attachment_5374\" aria-describedby=\"caption-attachment-5374\" style=\"width: 1013px\" class=\"wp-caption aligncenter\"><img loading=\"lazy\" class=\"size-full wp-image-5374\" src=\"http:\/\/seyconel.com.br\/wp-content\/uploads\/2019\/12\/Gancho-Clevis-Trava-Tabela.jpg\" alt=\"Gancho Clevis Trava - Tabela\" width=\"1013\" height=\"286\" \/><figcaption id=\"caption-attachment-5374\" class=\"wp-caption-text\">Figura 2 &#8211; Tabla<\/figcaption><\/figure>\n<p>&nbsp;<\/p>\n","protected":false},"excerpt":{"rendered":"<p>Se utiliza en eslingas de cadena con enganche directo en el eslab\u00f3n de la cadena (conexi\u00f3n tipo Cl\u00e9vis), sin necesidad de utilizar un elemento de conexi\u00f3n (Chain Lock). El sistema de conexi\u00f3n Cl\u00e9vis evita los errores de montaje entre componentes de diferentes capacidades y di\u00e1metros de cadena.<\/p>\n<p>El gancho autoblocante Cl\u00e9vis cuenta con un sistema de gatillo totalmente ergon\u00f3mico que facilita al operario la apertura del pestillo. Al levantar una carga, el bloqueo se cierra autom\u00e1ticamente, evitando as\u00ed el riesgo de accidentes.<\/p>\n<blockquote><p><strong>Todos los elementos individuales de las eslingas de cadena Seyconel corresponden al grado 8 seg\u00fan la norma DIN 5687-8 (EN818-2) y DIN 5691 (EN 1677).<\/strong><\/p><\/blockquote>\n<p>Por lo tanto, cumplen con las normas nacionales equivalentes (ABNTS NBR) y los accesorios cumplen con los criterios de calidad descritos por la norma DIN EN ISO 9001.<\/p>\n<p>&nbsp;<\/p>\n","protected":false},"featured_media":439,"template":"","meta":[],"product_cat":[158],"product_tag":[],"_links":{"self":[{"href":"https:\/\/seyconel.com\/es\/wp-json\/wp\/v2\/product\/358"}],"collection":[{"href":"https:\/\/seyconel.com\/es\/wp-json\/wp\/v2\/product"}],"about":[{"href":"https:\/\/seyconel.com\/es\/wp-json\/wp\/v2\/types\/product"}],"version-history":[{"count":5,"href":"https:\/\/seyconel.com\/es\/wp-json\/wp\/v2\/product\/358\/revisions"}],"predecessor-version":[{"id":1335,"href":"https:\/\/seyconel.com\/es\/wp-json\/wp\/v2\/product\/358\/revisions\/1335"}],"wp:featuredmedia":[{"embeddable":true,"href":"https:\/\/seyconel.com\/es\/wp-json\/wp\/v2\/media\/439"}],"wp:attachment":[{"href":"https:\/\/seyconel.com\/es\/wp-json\/wp\/v2\/media?parent=358"}],"wp:term":[{"taxonomy":"product_cat","embeddable":true,"href":"https:\/\/seyconel.com\/es\/wp-json\/wp\/v2\/product_cat?post=358"},{"taxonomy":"product_tag","embeddable":true,"href":"https:\/\/seyconel.com\/es\/wp-json\/wp\/v2\/product_tag?post=358"}],"curies":[{"name":"wp","href":"https:\/\/api.w.org\/{rel}","templated":true}]}}