{"id":356,"date":"2022-03-03T09:27:42","date_gmt":"2022-03-03T12:27:42","guid":{"rendered":"https:\/\/seyconel.com\/es\/?post_type=product&#038;p=356"},"modified":"2024-09-17T13:44:32","modified_gmt":"2024-09-17T16:44:32","slug":"gancho-de-ojo-auto-bloqueante","status":"publish","type":"product","link":"https:\/\/seyconel.com\/es\/productos\/gancho-de-ojo-auto-bloqueante\/","title":{"rendered":"Gancho de Ojo Auto Bloqueante"},"content":{"rendered":"<p>La carga de trabajo est\u00e1 marcada en alto relieve en la pieza y est\u00e1 forjada en acero especial, con tratamiento t\u00e9rmico, desarrollado para un m\u00e1ximo rendimiento en los entornos m\u00e1s agresivos.<\/p>\n<p>Tiene un factor de seguridad &#8211; FS = 4:1.<\/p>\n<p>La ganancia del ojal tiene un acabado de pintura epoxi amarilla.<\/p>\n<h3>Caracter\u00edsticas que debe incluir el gancho de ojo:<\/h3>\n<ul>\n<li>Carga de trabajo<\/li>\n<li>Fabricante<\/li>\n<li>Dimensi\u00f3n<\/li>\n<li>Grado de acero utilizado<\/li>\n<li>Rastreabilidad \/ Lote de fabricaci\u00f3n<\/li>\n<\/ul>\n<figure id=\"attachment_5351\" aria-describedby=\"caption-attachment-5351\" style=\"width: 800px\" class=\"wp-caption aligncenter\"><img loading=\"lazy\" class=\"size-full wp-image-5351\" src=\"http:\/\/seyconel.com.br\/wp-content\/uploads\/2019\/12\/Gancho-Olhal-Autotravante-Dimensional.jpg\" alt=\"Gancho Olhal Autotravante - Dimensional\" width=\"800\" height=\"600\" \/><figcaption id=\"caption-attachment-5351\" class=\"wp-caption-text\">Figura 1 &#8211; Dimensi\u00f3n<\/figcaption><\/figure>\n<figure id=\"attachment_5361\" aria-describedby=\"caption-attachment-5361\" style=\"width: 921px\" class=\"wp-caption aligncenter\"><img loading=\"lazy\" class=\"size-full wp-image-5361\" src=\"http:\/\/seyconel.com.br\/wp-content\/uploads\/2019\/12\/Gancho-Olhal-Autotravante-Tabela.jpg\" alt=\"Gancho Olhal Autotravante - Tabela\" width=\"921\" height=\"286\" \/><figcaption id=\"caption-attachment-5361\" class=\"wp-caption-text\">Figura 2 &#8211; Tabla<\/figcaption><\/figure>\n","protected":false},"excerpt":{"rendered":"<p>Se utiliza como elemento final en eslingas de cadena y de cable o en eslingas de cincha de poli\u00e9ster.<\/p>\n<p>El sistema cuenta con un sistema de gatillo autoblocante totalmente ergon\u00f3mico que facilita la apertura de la cerradura por parte del operario. Al levantar una carga, el bloqueo se cierra autom\u00e1ticamente, evitando as\u00ed el riesgo de accidentes.<\/p>\n<blockquote><p><strong>Todos los elementos individuales de las eslingas de cadena Seyconel corresponden al grado 8 seg\u00fan la norma DIN 5687-8 (EN818-2) y DIN 5691 (EN 1677).<\/strong><\/p><\/blockquote>\n<p>Por lo tanto, cumplen con las normas nacionales equivalentes (ABNTS NBR) y los accesorios cumplen con los criterios de calidad descritos por la norma DIN EN ISO 9001.<\/p>\n","protected":false},"featured_media":435,"template":"","meta":[],"product_cat":[158],"product_tag":[],"_links":{"self":[{"href":"https:\/\/seyconel.com\/es\/wp-json\/wp\/v2\/product\/356"}],"collection":[{"href":"https:\/\/seyconel.com\/es\/wp-json\/wp\/v2\/product"}],"about":[{"href":"https:\/\/seyconel.com\/es\/wp-json\/wp\/v2\/types\/product"}],"version-history":[{"count":5,"href":"https:\/\/seyconel.com\/es\/wp-json\/wp\/v2\/product\/356\/revisions"}],"predecessor-version":[{"id":1339,"href":"https:\/\/seyconel.com\/es\/wp-json\/wp\/v2\/product\/356\/revisions\/1339"}],"wp:featuredmedia":[{"embeddable":true,"href":"https:\/\/seyconel.com\/es\/wp-json\/wp\/v2\/media\/435"}],"wp:attachment":[{"href":"https:\/\/seyconel.com\/es\/wp-json\/wp\/v2\/media?parent=356"}],"wp:term":[{"taxonomy":"product_cat","embeddable":true,"href":"https:\/\/seyconel.com\/es\/wp-json\/wp\/v2\/product_cat?post=356"},{"taxonomy":"product_tag","embeddable":true,"href":"https:\/\/seyconel.com\/es\/wp-json\/wp\/v2\/product_tag?post=356"}],"curies":[{"name":"wp","href":"https:\/\/api.w.org\/{rel}","templated":true}]}}