{"id":354,"date":"2022-03-03T09:27:42","date_gmt":"2022-03-03T12:27:42","guid":{"rendered":"https:\/\/seyconel.com\/es\/?post_type=product&#038;p=354"},"modified":"2024-09-17T13:43:10","modified_gmt":"2024-09-17T16:43:10","slug":"candado-para-cadena","status":"publish","type":"product","link":"https:\/\/seyconel.com\/es\/productos\/candado-para-cadena\/","title":{"rendered":"Candado para Cadena"},"content":{"rendered":"<p>Es un accesorio utilizado como elemento de uni\u00f3n entre las cadenas y sus accesorios en aplicaciones de elevaci\u00f3n, manipulaci\u00f3n y amarre de cargas.<\/p>\n<p>El candado est\u00e1 fabricado y forjado en acero de aleaci\u00f3n de grado 8 &#8211; Norma ASTM A-952 y tiene una carga de trabajo marcada en relieve en la pieza y acabado en pintura epoxi amarilla.<\/p>\n<blockquote><p><strong>Todos los elementos individuales de las eslingas de cadena Seyconel corresponden al grado 8 seg\u00fan la norma DIN 5687-8 (EN818-2) y DIN 5691 (EN 1677).<\/strong><\/p><\/blockquote>\n<p>Por lo tanto, cumplen con las normas nacionales equivalentes (ABNTS NBR) y los accesorios cumplen con los criterios de calidad descritos por la norma DIN EN ISO 9001.<\/p>\n<p>Nuestros candados cuentan con el certificado, la garant\u00eda y la calidad en los accesorios que proporciona Seyconel.<\/p>\n<h2>Caracter\u00edsticas del candado:<\/h2>\n<ul>\n<li>Carga de trabajo &#8211; Marcas en relieve.<\/li>\n<li>Fabricante &#8211; Marcas en relieve.<\/li>\n<li>Dimensi\u00f3n &#8211; Marcas en relieve.<\/li>\n<li>Grado de acero utilizado &#8211; Marcas en relieve.<\/li>\n<li>Trazabilidad \/ Fabricaci\u00f3n por lotes &#8211; Marcas en relieve.<\/li>\n<li>Certificado<\/li>\n<li>Elemento de uni\u00f3n en la construcci\u00f3n de eslingas de cadena<\/li>\n<\/ul>\n<figure id=\"attachment_5301\" aria-describedby=\"caption-attachment-5301\" style=\"width: 800px\" class=\"wp-caption aligncenter\"><img loading=\"lazy\" class=\"wp-image-5301 size-full\" src=\"http:\/\/seyconel.com.br\/wp-content\/uploads\/2019\/12\/cadeado-corrente-dimensional.jpg\" alt=\"Cadeado Corrente Dimensional\" width=\"800\" height=\"600\" \/><figcaption id=\"caption-attachment-5301\" class=\"wp-caption-text\">Figura 1 &#8211; Dimensi\u00f3n<\/figcaption><\/figure>\n<p>&nbsp;<\/p>\n<figure id=\"attachment_5304\" aria-describedby=\"caption-attachment-5304\" style=\"width: 921px\" class=\"wp-caption aligncenter\"><img loading=\"lazy\" class=\"wp-image-5304 size-full\" src=\"http:\/\/seyconel.com.br\/wp-content\/uploads\/2019\/12\/Cadeado-Corrente-Tabela.jpg\" alt=\"Cadeado para Corrente - Tabela\" width=\"921\" height=\"356\" \/><figcaption id=\"caption-attachment-5304\" class=\"wp-caption-text\">Figura 2 &#8211; Tabla de dimensiones\/carga<\/figcaption><\/figure>\n","protected":false},"excerpt":{"rendered":"<p>Es un accesorio utilizado como elemento de uni\u00f3n entre las cadenas y sus accesorios en aplicaciones de elevaci\u00f3n, manipulaci\u00f3n y amarre de cargas. El candado est\u00e1 fabricado y forjado en acero de aleaci\u00f3n de grado 8 &#8211; Norma ASTM A-952 y tiene una carga de trabajo marcada en relieve en la pieza y acabado en [&hellip;]<\/p>\n","protected":false},"featured_media":431,"template":"","meta":[],"product_cat":[155,158],"product_tag":[],"_links":{"self":[{"href":"https:\/\/seyconel.com\/es\/wp-json\/wp\/v2\/product\/354"}],"collection":[{"href":"https:\/\/seyconel.com\/es\/wp-json\/wp\/v2\/product"}],"about":[{"href":"https:\/\/seyconel.com\/es\/wp-json\/wp\/v2\/types\/product"}],"version-history":[{"count":6,"href":"https:\/\/seyconel.com\/es\/wp-json\/wp\/v2\/product\/354\/revisions"}],"predecessor-version":[{"id":1337,"href":"https:\/\/seyconel.com\/es\/wp-json\/wp\/v2\/product\/354\/revisions\/1337"}],"wp:featuredmedia":[{"embeddable":true,"href":"https:\/\/seyconel.com\/es\/wp-json\/wp\/v2\/media\/431"}],"wp:attachment":[{"href":"https:\/\/seyconel.com\/es\/wp-json\/wp\/v2\/media?parent=354"}],"wp:term":[{"taxonomy":"product_cat","embeddable":true,"href":"https:\/\/seyconel.com\/es\/wp-json\/wp\/v2\/product_cat?post=354"},{"taxonomy":"product_tag","embeddable":true,"href":"https:\/\/seyconel.com\/es\/wp-json\/wp\/v2\/product_tag?post=354"}],"curies":[{"name":"wp","href":"https:\/\/api.w.org\/{rel}","templated":true}]}}