{"id":353,"date":"2022-03-03T09:27:42","date_gmt":"2022-03-03T12:27:42","guid":{"rendered":"https:\/\/seyconel.com\/es\/?post_type=product&#038;p=353"},"modified":"2024-09-17T13:48:13","modified_gmt":"2024-09-17T16:48:13","slug":"establon-de-sustentacion-con-sub-establon","status":"publish","type":"product","link":"https:\/\/seyconel.com\/es\/productos\/establon-de-sustentacion-con-sub-establon\/","title":{"rendered":"Establ\u00f3n de Sustentaci\u00f3n con Sub Establ\u00f3n"},"content":{"rendered":"<h2>Apoyo a las funciones de enlace con subenlaces:<\/h2>\n<ul>\n<li>Elemento inicial o elemento final<\/li>\n<li>Factor de seguridad 4:1<\/li>\n<li>Certificado<\/li>\n<li>Eslingas y eslingas de 2 a 4 ramas<\/li>\n<li>Norma: EN1677-4 (Superaedes DIN5688-3)<\/li>\n<\/ul>\n<figure id=\"attachment_5321\" aria-describedby=\"caption-attachment-5321\" style=\"width: 800px\" class=\"wp-caption aligncenter\"><img loading=\"lazy\" class=\"size-full wp-image-5321\" src=\"http:\/\/seyconel.com.br\/wp-content\/uploads\/2019\/12\/Elo-de-Sustentacao-com-Sub-Elos-Dimensional.jpg\" alt=\"Elo de Sustenta\u00e7\u00e3o com Sub-Elos - Dimensional\" width=\"800\" height=\"600\" \/><figcaption id=\"caption-attachment-5321\" class=\"wp-caption-text\">Figura 1 &#8211; Dimensi\u00f3n<\/figcaption><\/figure>\n<figure id=\"attachment_5322\" aria-describedby=\"caption-attachment-5322\" style=\"width: 1013px\" class=\"wp-caption aligncenter\"><img loading=\"lazy\" class=\"size-full wp-image-5322\" src=\"http:\/\/seyconel.com.br\/wp-content\/uploads\/2019\/12\/Elo-de-Sustentacao-com-Sub-Elos-Tabela.jpg\" alt=\"Elo de Sustenta\u00e7\u00e3o com Sub-Elos - Tabela\" width=\"1013\" height=\"356\" \/><figcaption id=\"caption-attachment-5322\" class=\"wp-caption-text\">Figura 2 &#8211; Tabla<\/figcaption><\/figure>\n","protected":false},"excerpt":{"rendered":"<p>Es el accesorio utilizado como elemento inicial en el montaje de eslingas de cadena, eslingas de cable o eslingas de elevaci\u00f3n.<\/p>\n<p>El eslab\u00f3n de sustentaci\u00f3n con sub-elementos es producido y forjado en acero grado 8 &#8211; Norma ASTM A-952 y acabado en pintura epoxi amarilla.<\/p>\n<p>Seg\u00fan la norma EN 1677-4 para uso en eslingas de cadena y cables de acero de 1 o 2 ramales seg\u00fan la norma EN 818-4 \/ NBR 15516 \/ EN 13414-1 \/ NBR 13541 \/ NBR 15798 &#8211; Cables con alma AF\/AACI.<\/p>\n<blockquote><p><strong>Todos los elementos individuales de las eslingas de cadena Seyconel corresponden al grado de calidad 8 seg\u00fan las normas DIN 5687-8 (EN818-2) y DIN 5691 (EN 1677)<\/strong><\/p><\/blockquote>\n<p>Cumplen las normas nacionales equivalentes (ABNTS NBR). Los accesorios cumplen los criterios de calidad descritos en la norma DIN EN ISO 9001.<\/p>\n","protected":false},"featured_media":429,"template":"","meta":[],"product_cat":[158],"product_tag":[],"_links":{"self":[{"href":"https:\/\/seyconel.com\/es\/wp-json\/wp\/v2\/product\/353"}],"collection":[{"href":"https:\/\/seyconel.com\/es\/wp-json\/wp\/v2\/product"}],"about":[{"href":"https:\/\/seyconel.com\/es\/wp-json\/wp\/v2\/types\/product"}],"version-history":[{"count":5,"href":"https:\/\/seyconel.com\/es\/wp-json\/wp\/v2\/product\/353\/revisions"}],"predecessor-version":[{"id":1341,"href":"https:\/\/seyconel.com\/es\/wp-json\/wp\/v2\/product\/353\/revisions\/1341"}],"wp:featuredmedia":[{"embeddable":true,"href":"https:\/\/seyconel.com\/es\/wp-json\/wp\/v2\/media\/429"}],"wp:attachment":[{"href":"https:\/\/seyconel.com\/es\/wp-json\/wp\/v2\/media?parent=353"}],"wp:term":[{"taxonomy":"product_cat","embeddable":true,"href":"https:\/\/seyconel.com\/es\/wp-json\/wp\/v2\/product_cat?post=353"},{"taxonomy":"product_tag","embeddable":true,"href":"https:\/\/seyconel.com\/es\/wp-json\/wp\/v2\/product_tag?post=353"}],"curies":[{"name":"wp","href":"https:\/\/api.w.org\/{rel}","templated":true}]}}