{"id":351,"date":"2022-03-03T09:27:42","date_gmt":"2022-03-03T12:27:42","guid":{"rendered":"https:\/\/seyconel.com\/es\/?post_type=product&#038;p=351"},"modified":"2024-09-17T13:30:26","modified_gmt":"2024-09-17T16:30:26","slug":"linga-de-cadena","status":"publish","type":"product","link":"https:\/\/seyconel.com\/es\/productos\/linga-de-cadena\/","title":{"rendered":"Linga de Cadena"},"content":{"rendered":"<h2>Montaje de las eslingas de cadena<\/h2>\n<p>Montaje de las eslingas de cadena<br \/>\nEn el montaje est\u00e1ndar de las eslingas de cadena, consta de: elemento inicial (eslab\u00f3n y eslab\u00f3n con subeslabones), elemento de uni\u00f3n (candados), cadena y elemento final (ganchos, grilletes). En Seyconel puede personalizar sus eslingas de cadena seg\u00fan sus necesidades. Conozca los accesorios que lo componen, haga <a href=\"https:\/\/seyconel.com.br\/cat\/elevacao-e-amarracao\/acessorios\/\" target=\"_blank\" rel=\"noopener\">cliq aqu\u00ed.<\/a><\/p>\n<figure id=\"attachment_5451\" aria-describedby=\"caption-attachment-5451\" style=\"width: 732px\" class=\"wp-caption aligncenter\"><img loading=\"lazy\" class=\"size-full wp-image-5451\" src=\"http:\/\/seyconel.com.br\/wp-content\/uploads\/2019\/12\/Lingas-de-Corrente-Tabela2.jpg\" alt=\"Lingas de Corrente - Tabela\" width=\"732\" height=\"458\" \/><figcaption id=\"caption-attachment-5451\" class=\"wp-caption-text\">Tabla de figuras<\/figcaption><\/figure>\n<h3>Acortadores<\/h3>\n<p>Puede optar por colocar el acortador de cadena en las ramas para acortar las cadenas de forma independiente, mover la carga cuando se desplaza el centro de gravedad para que algunas ramas se hagan m\u00e1s peque\u00f1as cuando se levantan.<\/p>\n<h3>Atenci\u00f3n<\/h3>\n<ul>\n<li>No suelde ni repare la cadena y sus accesorios;<\/li>\n<li>No pinte ni galvanice la cadena;<\/li>\n<li>No realice movimientos bruscos o levantamientos repentinos;<\/li>\n<li>No retire las piezas de la cadena y no sustituya las piezas originales;<\/li>\n<li>Utiliza el equipo para el fin al que est\u00e1 destinado;<\/li>\n<li>Respete la temperatura de uso especificada;<\/li>\n<li>No utilice \u00e1cidos\/cr\u00edticos y sus vapores con las eslingas de cadena.<\/li>\n<\/ul>\n<h3>Antes de utilizar la eslinga de cadena es importante tener en cuenta:<\/h3>\n<ul>\n<li>El estado de conservaci\u00f3n de la eslinga de cadena;<\/li>\n<li>Si las cadenas no est\u00e1n torcidas;<\/li>\n<li>La carga se ha colocado en el lugar correcto del gancho (exactamente en el centro)<\/li>\n<\/ul>\n<h3>Inspecci\u00f3n de los materiales de manipulaci\u00f3n de la carga<\/h3>\n<p>El trabajo se basa en las principales normas de referencia de fabricaci\u00f3n, uso y mantenimiento de cada material como las NR&#8217;s (normas reglamentarias), NBR&#8217;s (normas t\u00e9cnicas nacionales) y otras normas t\u00e9cnicas internacionales.<\/p>\n<pre>Eslingas de cadena ABNT NBR 15516 1-2 - 12 meses<\/pre>\n<p>El servicio se realiza con la emisi\u00f3n de un libro t\u00e9cnico, presentando un informe de cada material analizado. El presente informe contiene datos relativos al mantenimiento correctivo que se utilizar\u00e1 para cada material, indicando las piezas que se reparar\u00e1n o intercambiar\u00e1n.<\/p>\n<p>Seyconel realiza este servicio, conozca un poco m\u00e1s sobre \u00e9l, <a href=\"https:\/\/conteudo.seyconel.com.br\/inspecao-tecnica\" target=\"_blank\" rel=\"noopener\">pulse aqu\u00ed<\/a>.<\/p>\n","protected":false},"excerpt":{"rendered":"<h2>Eslingas de cadena G8<\/h2>\n<p>Realizado con una, dos, tres o cuatro extensiones. Fabricado con materiales de alta resistencia, seg\u00fan la norma brasile\u00f1a NBR-15516, su factor de seguridad es cuatro veces la capacidad de uso.<\/p>\n<p>Su caracter\u00edstica m\u00e1s destacada es el gancho con bloqueo de seguridad en el extremo, que puede utilizarse como gancho est\u00e1ndar o como gancho autom\u00e1tico opcional para conectar cargas. Tambi\u00e9n se puede pedir como opci\u00f3n que incluya ganchos de acortamiento, que permiten acortarla de forma independiente.<\/p>\n<blockquote><p><strong>Todos los elementos individuales de las eslingas de cadena Seyconel corresponden al grado de calidad 8 seg\u00fan las normas DIN 5687-8 (EN818-2) y DIN 5691 (EN 1677) que cumplen con los est\u00e1ndares nacionales equivalentes (ABNTS NBR). Los accesorios cumplen los criterios de calidad descritos por la norma DIN EN ISO 9001.<\/strong><\/p><\/blockquote>\n","protected":false},"featured_media":425,"template":"","meta":[],"product_cat":[155,158],"product_tag":[230],"_links":{"self":[{"href":"https:\/\/seyconel.com\/es\/wp-json\/wp\/v2\/product\/351"}],"collection":[{"href":"https:\/\/seyconel.com\/es\/wp-json\/wp\/v2\/product"}],"about":[{"href":"https:\/\/seyconel.com\/es\/wp-json\/wp\/v2\/types\/product"}],"version-history":[{"count":4,"href":"https:\/\/seyconel.com\/es\/wp-json\/wp\/v2\/product\/351\/revisions"}],"predecessor-version":[{"id":1334,"href":"https:\/\/seyconel.com\/es\/wp-json\/wp\/v2\/product\/351\/revisions\/1334"}],"wp:featuredmedia":[{"embeddable":true,"href":"https:\/\/seyconel.com\/es\/wp-json\/wp\/v2\/media\/425"}],"wp:attachment":[{"href":"https:\/\/seyconel.com\/es\/wp-json\/wp\/v2\/media?parent=351"}],"wp:term":[{"taxonomy":"product_cat","embeddable":true,"href":"https:\/\/seyconel.com\/es\/wp-json\/wp\/v2\/product_cat?post=351"},{"taxonomy":"product_tag","embeddable":true,"href":"https:\/\/seyconel.com\/es\/wp-json\/wp\/v2\/product_tag?post=351"}],"curies":[{"name":"wp","href":"https:\/\/api.w.org\/{rel}","templated":true}]}}