{"id":349,"date":"2022-03-03T09:27:41","date_gmt":"2022-03-03T12:27:41","guid":{"rendered":"https:\/\/seyconel.com\/es\/?post_type=product&#038;p=349"},"modified":"2024-09-17T14:37:18","modified_gmt":"2024-09-17T17:37:18","slug":"conjunto-de-amarre","status":"publish","type":"product","link":"https:\/\/seyconel.com\/es\/productos\/conjunto-de-amarre\/","title":{"rendered":"Conjunto de Amarre"},"content":{"rendered":"<p><img loading=\"lazy\" class=\"wp-image-5148 size-full aligncenter\" src=\"http:\/\/seyconel.com.br\/wp-content\/uploads\/2019\/12\/images.png\" alt=\"Rede de conten\u00e7\u00e3o\" width=\"468\" height=\"108\" \/><\/p>\n<p><strong>El est\u00e1ndar CONTRAN<\/strong><\/p>\n<ul>\n<li>100 % poli\u00e9ster de alta tenacidad;<\/li>\n<li>Resistente a la acci\u00f3n de la radiaci\u00f3n ultravioleta y de diversos productos qu\u00edmicos;<\/li>\n<li>Certificado de calidad;<\/li>\n<\/ul>\n<blockquote>\n<p class=\"_04xlpA direction-ltr align-center para-style-body\">\n<\/blockquote>\n","protected":false},"excerpt":{"rendered":"<p>Producidas en poli\u00e9ster, las correas de amarre de la carga son ligeras y flexibles, presentando gran fuerza y estabilidad durante el transporte de los materiales. Con sus costuras del mismo material de su manufactura, las correas son lavables, no dependen de la lubricaci\u00f3n para su buen funcionamiento.<\/p>\n<p>Las fibras textiles proporcionan al cintur\u00f3n de amarre de la carga caracter\u00edsticas f\u00edsicas que le confieren inmunidad a la degradaci\u00f3n natural, resistencia a los \u00e1cidos y no a la propagaci\u00f3n de las llamas, anulando as\u00ed las posibilidades de accidentes.<br \/>\nLas correas de amarre pueden utilizarse junto con trinquetes y ganchos donde se fijan a la correa para ayudar a asegurar la carga.<\/p>\n<p>Las correas de amarre est\u00e1n probadas y aprobadas por las normas brasile\u00f1as e internacionales, asegurando la total absorci\u00f3n del esfuerzo y la resistencia a grandes cargas, garantizando as\u00ed la m\u00e1xima seguridad durante su uso.<\/p>\n","protected":false},"featured_media":402,"template":"","meta":[],"product_cat":[155,157],"product_tag":[],"_links":{"self":[{"href":"https:\/\/seyconel.com\/es\/wp-json\/wp\/v2\/product\/349"}],"collection":[{"href":"https:\/\/seyconel.com\/es\/wp-json\/wp\/v2\/product"}],"about":[{"href":"https:\/\/seyconel.com\/es\/wp-json\/wp\/v2\/types\/product"}],"version-history":[{"count":4,"href":"https:\/\/seyconel.com\/es\/wp-json\/wp\/v2\/product\/349\/revisions"}],"predecessor-version":[{"id":1346,"href":"https:\/\/seyconel.com\/es\/wp-json\/wp\/v2\/product\/349\/revisions\/1346"}],"wp:featuredmedia":[{"embeddable":true,"href":"https:\/\/seyconel.com\/es\/wp-json\/wp\/v2\/media\/402"}],"wp:attachment":[{"href":"https:\/\/seyconel.com\/es\/wp-json\/wp\/v2\/media?parent=349"}],"wp:term":[{"taxonomy":"product_cat","embeddable":true,"href":"https:\/\/seyconel.com\/es\/wp-json\/wp\/v2\/product_cat?post=349"},{"taxonomy":"product_tag","embeddable":true,"href":"https:\/\/seyconel.com\/es\/wp-json\/wp\/v2\/product_tag?post=349"}],"curies":[{"name":"wp","href":"https:\/\/api.w.org\/{rel}","templated":true}]}}