{"id":345,"date":"2022-03-03T09:27:41","date_gmt":"2022-03-03T12:27:41","guid":{"rendered":"https:\/\/seyconel.com\/es\/?post_type=product&#038;p=345"},"modified":"2024-09-17T13:58:00","modified_gmt":"2024-09-17T16:58:00","slug":"controlador-carga-integrado","status":"publish","type":"product","link":"https:\/\/seyconel.com\/es\/productos\/controlador-carga-integrado\/","title":{"rendered":"Controlador de carga integrado"},"content":{"rendered":"","protected":false},"excerpt":{"rendered":"<p>Equipo utilizado para controlar la carga izada en equipos que utilizan cable de acero como puente gr\u00faa, polipasto, ascensor, entre otros.<\/p>\n<p>El equipo ya viene con la c\u00e9lula de carga y el controlador integrado donde la c\u00e9lula de carga env\u00eda una se\u00f1al al controlador que la convierte en n\u00fameros que se muestran en la pantalla de 4 d\u00edgitos. Este dispositivo contiene 2 rel\u00e9s programables en los que la aplicaci\u00f3n t\u00edpica es el corte de movimiento para la holgura del cable o la funci\u00f3n de sobrecarga.<\/p>\n<p>El equipo debe estar unido al cable fijo de la gr\u00faa\/carretilla\/elevador.<\/p>\n<p>1Q, 2Q, 3.5Q, 7Q, 15Q o 20Q de capacidad comercializada.<\/p>\n<p>&nbsp;<\/p>\n","protected":false},"featured_media":392,"template":"","meta":[],"product_cat":[154],"product_tag":[54,62],"_links":{"self":[{"href":"https:\/\/seyconel.com\/es\/wp-json\/wp\/v2\/product\/345"}],"collection":[{"href":"https:\/\/seyconel.com\/es\/wp-json\/wp\/v2\/product"}],"about":[{"href":"https:\/\/seyconel.com\/es\/wp-json\/wp\/v2\/types\/product"}],"version-history":[{"count":4,"href":"https:\/\/seyconel.com\/es\/wp-json\/wp\/v2\/product\/345\/revisions"}],"predecessor-version":[{"id":1169,"href":"https:\/\/seyconel.com\/es\/wp-json\/wp\/v2\/product\/345\/revisions\/1169"}],"wp:featuredmedia":[{"embeddable":true,"href":"https:\/\/seyconel.com\/es\/wp-json\/wp\/v2\/media\/392"}],"wp:attachment":[{"href":"https:\/\/seyconel.com\/es\/wp-json\/wp\/v2\/media?parent=345"}],"wp:term":[{"taxonomy":"product_cat","embeddable":true,"href":"https:\/\/seyconel.com\/es\/wp-json\/wp\/v2\/product_cat?post=345"},{"taxonomy":"product_tag","embeddable":true,"href":"https:\/\/seyconel.com\/es\/wp-json\/wp\/v2\/product_tag?post=345"}],"curies":[{"name":"wp","href":"https:\/\/api.w.org\/{rel}","templated":true}]}}