{"id":344,"date":"2022-03-03T09:27:41","date_gmt":"2022-03-03T12:27:41","guid":{"rendered":"https:\/\/seyconel.com\/es\/?post_type=product&#038;p=344"},"modified":"2024-09-17T13:53:51","modified_gmt":"2024-09-17T16:53:51","slug":"controlador-de-carga-vkl-3r","status":"publish","type":"product","link":"https:\/\/seyconel.com\/es\/productos\/controlador-de-carga-vkl-3r\/","title":{"rendered":"Controlador de Carga VKL-3R"},"content":{"rendered":"<div class=\"mceTemp\"><\/div>\n<p>El controlador de carga VKL-3R se utiliza en gr\u00faas a\u00e9reas con una precisi\u00f3n de 0,1% F.E., con 5 opciones de alimentaci\u00f3n. Este equipo dispone de 3 rel\u00e9s seleccionables para el corte de movimiento.<\/p>\n<p>Permite conectar hasta 4 c\u00e9lulas de carga de 350 \u03a9. y su instalaci\u00f3n puede realizarse mediante tornillos o incluso carril DIN.<\/p>\n<h3>Especificaciones t\u00e9cnicas<\/h3>\n<p><img loading=\"lazy\" class=\"aligncenter\" src=\"https:\/\/seyconel.com.br\/wp-content\/uploads\/2021\/02\/Dimensional-VKL-3R.jpg\" alt=\"Dimensional - VKL-3R\" width=\"800\" height=\"389\" \/><\/p>\n<table style=\"margin: auto;height: 42px;border-collapse: collapse;border-color: #aaaaaa;border-spacing: 0px;width: 80%\" border=\"1px solid rgb(255, 255, 255)\" width=\"80%\" cellspacing=\"0px\" cellpadding=\"10px 5px\">\n<thead>\n<tr style=\"height: 21px\">\n<th style=\"background-color: #ffc702;color: #ffffff;font-family: Arial, sans-serif;font-size: 14px;font-weight: normal;overflow: hidden;padding: 10px 5px;vertical-align: top;border: 1px solid #ffffff;height: 21px;text-align: center\" colspan=\"2\">Par\u00e1metros<\/th>\n<th style=\"background-color: #ffc702;color: #ffffff;font-family: Arial, sans-serif;font-size: 14px;font-weight: normal;overflow: hidden;padding: 10px 5px;vertical-align: top;border: 1px solid #ffffff;height: 21px;text-align: center\">Unidades<\/th>\n<th style=\"background-color: #ffc702;color: #ffffff;font-family: Arial, sans-serif;font-size: 14px;font-weight: normal;overflow: hidden;padding: 10px 5px;vertical-align: top;border: 1px solid #ffffff;height: 21px;text-align: center\" colspan=\"5\">Especificaciones<\/th>\n<\/tr>\n<\/thead>\n<tbody>\n<tr style=\"height: 21px\">\n<td style=\"background-color: #efefef;color: #333333;font-family: Arial, sans-serif;font-size: 14px;overflow: hidden;padding: 10px 5px;vertical-align: top;border: 1px solid #ffffff;height: 21px;text-align: center\" colspan=\"2\">Modelo<\/td>\n<td style=\"background-color: #efefef;color: #333333;font-family: Arial, sans-serif;font-size: 14px;overflow: hidden;padding: 10px 5px;vertical-align: top;border: 1px solid #ffffff;height: 21px;text-align: center\">&#8211;<\/td>\n<td style=\"background-color: #efefef;color: #333333;font-family: Arial, sans-serif;font-size: 14px;overflow: hidden;padding: 10px 5px;vertical-align: top;border: 1px solid #ffffff;height: 21px;text-align: center\" colspan=\"5\">VKL-3R<\/td>\n<\/tr>\n<tr style=\"height: 21px\">\n<td style=\"background-color: #efefef;color: #333333;font-family: Arial, sans-serif;font-size: 14px;overflow: hidden;padding: 10px 5px;vertical-align: top;border: 1px solid #ffffff;height: 21px;text-align: center\" colspan=\"2\">Rango de medici\u00f3n de la se\u00f1al<\/td>\n<td style=\"background-color: #efefef;color: #333333;font-family: Arial, sans-serif;font-size: 14px;overflow: hidden;padding: 10px 5px;vertical-align: top;border: 1px solid #ffffff;height: 21px;text-align: center\">mV\/V<\/td>\n<td style=\"background-color: #efefef;color: #333333;font-family: Arial, sans-serif;font-size: 14px;overflow: hidden;padding: 10px 5px;vertical-align: top;border: 1px solid #ffffff;height: 21px;text-align: center\" colspan=\"5\">\u00b1 3,9<\/td>\n<\/tr>\n<tr style=\"height: 21px\">\n<td style=\"background-color: #efefef;color: #333333;font-family: Arial, sans-serif;font-size: 14px;overflow: hidden;padding: 10px 5px;vertical-align: top;border: 1px solid #ffffff;height: 21px;text-align: center\" colspan=\"2\">Precisi\u00f3n<\/td>\n<td style=\"background-color: #efefef;color: #333333;font-family: Arial, sans-serif;font-size: 14px;overflow: hidden;padding: 10px 5px;vertical-align: top;border: 1px solid #ffffff;height: 21px;text-align: center\">&#8211;<\/td>\n<td style=\"background-color: #efefef;color: #333333;font-family: Arial, sans-serif;font-size: 14px;overflow: hidden;padding: 10px 5px;vertical-align: top;border: 1px solid #ffffff;height: 21px;text-align: center\" colspan=\"5\">0,1%<\/td>\n<\/tr>\n<tr style=\"height: 21px\">\n<td style=\"background-color: #efefef;color: #333333;font-family: Arial, sans-serif;font-size: 14px;overflow: hidden;padding: 10px 5px;vertical-align: center;border: 1px solid #ffffff;height: 21px;text-align: center\" colspan=\"2\" rowspan=\"2\">Tensi\u00f3n de alimentaci\u00f3n (220Vca)<\/td>\n<td style=\"background-color: #efefef;color: #333333;font-family: Arial, sans-serif;font-size: 14px;overflow: hidden;padding: 10px 5px;vertical-align: top;border: 1px solid #ffffff;height: 21px;text-align: center\">VAC<\/td>\n<td style=\"background-color: #efefef;color: #333333;font-family: Arial, sans-serif;font-size: 14px;overflow: hidden;padding: 10px 5px;vertical-align: top;border: 1px solid #ffffff;height: 21px;text-align: center\">24<\/td>\n<td style=\"background-color: #efefef;color: #333333;font-family: Arial, sans-serif;font-size: 14px;overflow: hidden;padding: 10px 5px;vertical-align: top;border: 1px solid #ffffff;height: 21px;text-align: center\">48<\/td>\n<td style=\"background-color: #efefef;color: #333333;font-family: Arial, sans-serif;font-size: 14px;overflow: hidden;padding: 10px 5px;vertical-align: top;border: 1px solid #ffffff;height: 21px;text-align: center\">110<\/td>\n<td style=\"background-color: #efefef;color: #333333;font-family: Arial, sans-serif;font-size: 14px;overflow: hidden;padding: 10px 5px;vertical-align: top;border: 1px solid #ffffff;height: 21px;text-align: center\">220<\/td>\n<td style=\"background-color: #efefef;color: #333333;font-family: Arial, sans-serif;font-size: 14px;overflow: hidden;padding: 10px 5px;vertical-align: top;border: 1px solid #ffffff;height: 21px;text-align: center\">380<\/td>\n<\/tr>\n<tr style=\"height: 21px\">\n<td style=\"background-color: #efefef;color: #333333;font-family: Arial, sans-serif;font-size: 14px;overflow: hidden;padding: 10px 5px;vertical-align: top;border: 1px solid #ffffff;height: 21px;text-align: center\">Hz<\/td>\n<td style=\"background-color: #efefef;color: #333333;font-family: Arial, sans-serif;font-size: 14px;overflow: hidden;padding: 10px 5px;vertical-align: top;border: 1px solid #ffffff;height: 21px;text-align: center\" colspan=\"5\">50\/60Hz<\/td>\n<\/tr>\n<tr style=\"height: 21px\">\n<td style=\"background-color: #efefef;color: #333333;font-family: Arial, sans-serif;font-size: 14px;overflow: hidden;padding: 10px 5px;vertical-align: top;border: 1px solid #ffffff;height: 21px;text-align: center\" colspan=\"2\">Consumo<\/td>\n<td style=\"background-color: #efefef;color: #333333;font-family: Arial, sans-serif;font-size: 14px;overflow: hidden;padding: 10px 5px;vertical-align: top;border: 1px solid #ffffff;height: 21px;text-align: center\">W<\/td>\n<td style=\"background-color: #efefef;color: #333333;font-family: Arial, sans-serif;font-size: 14px;overflow: hidden;padding: 10px 5px;vertical-align: top;border: 1px solid #ffffff;height: 21px;text-align: center\" colspan=\"5\">5<\/td>\n<\/tr>\n<tr style=\"height: 21px\">\n<td style=\"background-color: #efefef;color: #333333;font-family: Arial, sans-serif;font-size: 14px;overflow: hidden;padding: 10px 5px;vertical-align: center;border: 1px solid #ffffff;height: 21px;text-align: center\" rowspan=\"2\">Temperatura<\/td>\n<td style=\"background-color: #efefef;color: #333333;font-family: Arial, sans-serif;font-size: 14px;overflow: hidden;padding: 10px 5px;vertical-align: center;border: 1px solid #ffffff;height: 21px;text-align: center\">Trabajo<\/td>\n<td style=\"background-color: #efefef;color: #333333;font-family: Arial, sans-serif;font-size: 14px;overflow: hidden;padding: 10px 5px;vertical-align: center;border: 1px solid #ffffff;height: 21px;text-align: center\" rowspan=\"2\">\u00baC<\/td>\n<td style=\"background-color: #efefef;color: #333333;font-family: Arial, sans-serif;font-size: 14px;overflow: hidden;padding: 10px 5px;vertical-align: top;border: 1px solid #ffffff;height: 21px;text-align: center\" colspan=\"5\">-10 ~ 40<\/td>\n<\/tr>\n<tr style=\"height: 21px\">\n<td style=\"background-color: #efefef;color: #333333;font-family: Arial, sans-serif;font-size: 14px;overflow: hidden;padding: 10px 5px;vertical-align: center;border: 1px solid #ffffff;height: 21px;text-align: center\">Almacenamiento<\/td>\n<td style=\"background-color: #efefef;color: #333333;font-family: Arial, sans-serif;font-size: 14px;overflow: hidden;padding: 10px 5px;vertical-align: top;border: 1px solid #ffffff;height: 21px;text-align: center\" colspan=\"5\">-20 ~ 65<\/td>\n<\/tr>\n<tr style=\"height: 21px\">\n<td style=\"background-color: #efefef;color: #333333;font-family: Arial, sans-serif;font-size: 14px;overflow: hidden;padding: 10px 5px;vertical-align: top;border: 1px solid #ffffff;height: 21px;text-align: center\" colspan=\"2\">N\u00famero de rel\u00e9s<\/td>\n<td style=\"background-color: #efefef;color: #333333;font-family: Arial, sans-serif;font-size: 14px;overflow: hidden;padding: 10px 5px;vertical-align: top;border: 1px solid #ffffff;height: 21px;text-align: center\">&#8211;<\/td>\n<td style=\"background-color: #efefef;color: #333333;font-family: Arial, sans-serif;font-size: 14px;overflow: hidden;padding: 10px 5px;vertical-align: top;border: 1px solid #ffffff;height: 21px;text-align: center\" colspan=\"5\">3<\/td>\n<\/tr>\n<tr style=\"height: 21px\">\n<td style=\"background-color: #efefef;color: #333333;font-family: Arial, sans-serif;font-size: 14px;overflow: hidden;padding: 10px 5px;vertical-align: top;border: 1px solid #ffffff;height: 21px;text-align: center\" colspan=\"2\">Contacto de rel\u00e9<\/td>\n<td style=\"background-color: #efefef;color: #333333;font-family: Arial, sans-serif;font-size: 14px;overflow: hidden;padding: 10px 5px;vertical-align: top;border: 1px solid #ffffff;height: 21px;text-align: center\">V\/A<\/td>\n<td style=\"background-color: #efefef;color: #333333;font-family: Arial, sans-serif;font-size: 14px;overflow: hidden;padding: 10px 5px;vertical-align: top;border: 1px solid #ffffff;height: 21px;text-align: center\" colspan=\"5\">250\/3<\/td>\n<\/tr>\n<tr style=\"height: 21px\">\n<td style=\"background-color: #efefef;color: #333333;font-family: Arial, sans-serif;font-size: 14px;overflow: hidden;padding: 10px 5px;vertical-align: top;border: 1px solid #ffffff;height: 21px;text-align: center\" colspan=\"2\">N\u00famero de c\u00e9lulas de carga (350 \u03a9)<\/td>\n<td style=\"background-color: #efefef;color: #333333;font-family: Arial, sans-serif;font-size: 14px;overflow: hidden;padding: 10px 5px;vertical-align: top;border: 1px solid #ffffff;height: 21px;text-align: center\">&#8211;<\/td>\n<td style=\"background-color: #efefef;color: #333333;font-family: Arial, sans-serif;font-size: 14px;overflow: hidden;padding: 10px 5px;vertical-align: top;border: 1px solid #ffffff;height: 21px;text-align: center\" colspan=\"5\">3<\/td>\n<\/tr>\n<tr style=\"height: 21px\">\n<td style=\"background-color: #efefef;color: #333333;font-family: Arial, sans-serif;font-size: 14px;overflow: hidden;padding: 10px 5px;vertical-align: center;border: 1px solid #ffffff;height: 21px;text-align: center\" rowspan=\"3\">Interfaz<\/td>\n<td style=\"background-color: #efefef;color: #333333;font-family: Arial, sans-serif;font-size: 14px;overflow: hidden;padding: 10px 5px;vertical-align: top;border: 1px solid #ffffff;height: 21px;text-align: center\">D\u00edgitos de la pantalla<\/td>\n<td style=\"background-color: #efefef;color: #333333;font-family: Arial, sans-serif;font-size: 14px;overflow: hidden;padding: 10px 5px;vertical-align: top;border: 1px solid #ffffff;height: 21px;text-align: center\">&#8211;<\/td>\n<td style=\"background-color: #efefef;color: #333333;font-family: Arial, sans-serif;font-size: 14px;overflow: hidden;padding: 10px 5px;vertical-align: top;border: 1px solid #ffffff;height: 21px;text-align: center\" colspan=\"5\">4<\/td>\n<\/tr>\n<tr style=\"height: 21px\">\n<td style=\"background-color: #efefef;color: #333333;font-family: Arial, sans-serif;font-size: 14px;overflow: hidden;padding: 10px 5px;vertical-align: top;border: 1px solid #ffffff;height: 21px;text-align: center\">Botones internos<\/td>\n<td style=\"background-color: #efefef;color: #333333;font-family: Arial, sans-serif;font-size: 14px;overflow: hidden;padding: 10px 5px;vertical-align: top;border: 1px solid #ffffff;height: 21px;text-align: center\">&#8211;<\/td>\n<td style=\"background-color: #efefef;color: #333333;font-family: Arial, sans-serif;font-size: 14px;overflow: hidden;padding: 10px 5px;vertical-align: top;border: 1px solid #ffffff;height: 21px;text-align: center\" colspan=\"5\">3<\/td>\n<\/tr>\n<tr style=\"height: 21px\">\n<td style=\"background-color: #efefef;color: #333333;font-family: Arial, sans-serif;font-size: 14px;overflow: hidden;padding: 10px 5px;vertical-align: top;border: 1px solid #ffffff;height: 21px;text-align: center\">Led&#8217;s<\/td>\n<td style=\"background-color: #efefef;color: #333333;font-family: Arial, sans-serif;font-size: 14px;overflow: hidden;padding: 10px 5px;vertical-align: top;border: 1px solid #ffffff;height: 21px;text-align: center\">&#8211;<\/td>\n<td style=\"background-color: #efefef;color: #333333;font-family: Arial, sans-serif;font-size: 14px;overflow: hidden;padding: 10px 5px;vertical-align: top;border: 1px solid #ffffff;height: 21px;text-align: center\" colspan=\"5\">3<\/td>\n<\/tr>\n<tr style=\"height: 21px\">\n<td style=\"background-color: #efefef;color: #333333;font-family: Arial, sans-serif;font-size: 14px;overflow: hidden;padding: 10px 5px;vertical-align: top;border: 1px solid #ffffff;height: 21px;text-align: center\" colspan=\"2\">Material de la carcasa<\/td>\n<td style=\"background-color: #efefef;color: #333333;font-family: Arial, sans-serif;font-size: 14px;overflow: hidden;padding: 10px 5px;vertical-align: top;border: 1px solid #ffffff;height: 21px;text-align: center\">&#8211;<\/td>\n<td style=\"background-color: #efefef;color: #333333;font-family: Arial, sans-serif;font-size: 14px;overflow: hidden;padding: 10px 5px;vertical-align: top;border: 1px solid #ffffff;height: 21px;text-align: center\" colspan=\"5\">Pl\u00e1stico ign\u00edfugo ABS<\/td>\n<\/tr>\n<tr style=\"height: 21px\">\n<td style=\"background-color: #efefef;color: #333333;font-family: Arial, sans-serif;font-size: 14px;overflow: hidden;padding: 10px 5px;vertical-align: top;border: 1px solid #ffffff;height: 21px;text-align: center\" colspan=\"2\">\u00cdndice de protecci\u00f3n<\/td>\n<td style=\"background-color: #efefef;color: #333333;font-family: Arial, sans-serif;font-size: 14px;overflow: hidden;padding: 10px 5px;vertical-align: top;border: 1px solid #ffffff;height: 21px;text-align: center\">&#8211;<\/td>\n<td style=\"background-color: #efefef;color: #333333;font-family: Arial, sans-serif;font-size: 14px;overflow: hidden;padding: 10px 5px;vertical-align: top;border: 1px solid #ffffff;height: 21px;text-align: center\" colspan=\"5\">IP50<\/td>\n<\/tr>\n<tr style=\"height: 21px\">\n<td style=\"background-color: #efefef;color: #333333;font-family: Arial, sans-serif;font-size: 14px;overflow: hidden;padding: 10px 5px;vertical-align: top;border: 1px solid #ffffff;height: 21px;text-align: center\" colspan=\"2\">Instalaci\u00f3n<\/td>\n<td style=\"background-color: #efefef;color: #333333;font-family: Arial, sans-serif;font-size: 14px;overflow: hidden;padding: 10px 5px;vertical-align: top;border: 1px solid #ffffff;height: 21px;text-align: center\">&#8211;<\/td>\n<td style=\"background-color: #efefef;color: #333333;font-family: Arial, sans-serif;font-size: 14px;overflow: hidden;padding: 10px 5px;vertical-align: top;border: 1px solid #ffffff;height: 21px;text-align: center\" colspan=\"5\">Carril DIN\/tornillo<\/td>\n<\/tr>\n<\/tbody>\n<\/table>\n<h3>Descargar<\/h3>\n<figure id=\"attachment_4983\" aria-describedby=\"caption-attachment-4983\" style=\"width: 75px\" class=\"wp-caption alignnone\"><a href=\"https:\/\/seyconel.com.br\/download\/4382\/\" target=\"_blank\" rel=\"noopener\"><img loading=\"lazy\" class=\"wp-image-4983\" src=\"http:\/\/seyconel.com.br\/wp-content\/uploads\/2019\/12\/img-site49-150x150.png\" alt=\"Seyconel - Download\" width=\"75\" height=\"100\" \/><\/a><figcaption id=\"caption-attachment-4983\" class=\"wp-caption-text\">Inicior\u00e1pido<\/figcaption><\/figure>\n","protected":false},"excerpt":{"rendered":"<p>El controlador de carga o controlador de pesaje VKL-3R es un equipo utilizado para controlar la carga izada en equipos que utilizan cable de acero como puente gr\u00faa, polipasto, ascensor, entre otros.<\/p>\n<p>El equipo recibe la se\u00f1al de la <a href=\"https:\/\/seyconel.com.br\/produtos\/celula-de-carga\/\" target=\"_blank\" rel=\"noopener\">c\u00e9lula de carga<\/a> y la convierte en n\u00fameros que se muestran en la pantalla de 4 d\u00edgitos. Este dispositivo contiene 3 rel\u00e9s programables en los que la aplicaci\u00f3n t\u00edpica es el corte de movimiento para la cuerda floja o la funci\u00f3n de sobrecarga.<\/p>\n<p>El material puede fijarse con carril DIN o con tornillos.<\/p>\n","protected":false},"featured_media":390,"template":"","meta":[],"product_cat":[154],"product_tag":[55,232,61],"_links":{"self":[{"href":"https:\/\/seyconel.com\/es\/wp-json\/wp\/v2\/product\/344"}],"collection":[{"href":"https:\/\/seyconel.com\/es\/wp-json\/wp\/v2\/product"}],"about":[{"href":"https:\/\/seyconel.com\/es\/wp-json\/wp\/v2\/types\/product"}],"version-history":[{"count":7,"href":"https:\/\/seyconel.com\/es\/wp-json\/wp\/v2\/product\/344\/revisions"}],"predecessor-version":[{"id":1343,"href":"https:\/\/seyconel.com\/es\/wp-json\/wp\/v2\/product\/344\/revisions\/1343"}],"wp:featuredmedia":[{"embeddable":true,"href":"https:\/\/seyconel.com\/es\/wp-json\/wp\/v2\/media\/390"}],"wp:attachment":[{"href":"https:\/\/seyconel.com\/es\/wp-json\/wp\/v2\/media?parent=344"}],"wp:term":[{"taxonomy":"product_cat","embeddable":true,"href":"https:\/\/seyconel.com\/es\/wp-json\/wp\/v2\/product_cat?post=344"},{"taxonomy":"product_tag","embeddable":true,"href":"https:\/\/seyconel.com\/es\/wp-json\/wp\/v2\/product_tag?post=344"}],"curies":[{"name":"wp","href":"https:\/\/api.w.org\/{rel}","templated":true}]}}