{"id":343,"date":"2022-03-03T09:27:41","date_gmt":"2022-03-03T12:27:41","guid":{"rendered":"https:\/\/seyconel.com\/es\/?post_type=product&#038;p=343"},"modified":"2022-03-09T14:56:35","modified_gmt":"2022-03-09T17:56:35","slug":"celula-de-carga","status":"publish","type":"product","link":"https:\/\/seyconel.com\/es\/productos\/celula-de-carga\/","title":{"rendered":"C\u00e9lula de Carga"},"content":{"rendered":"<p>C\u00e9lula de carga, sensor de carga, sensor de pesaje se consideran el mismo dispositivo utilizado para pesar la carga. Cada c\u00e9lula de carga se fabrica para diferentes servicios y formas de uso y, por lo general, trabaja a compresi\u00f3n.<\/p>\n<p>Los sensores de carga comercializados por Seyconel est\u00e1n desarrollados para su instalaci\u00f3n en cables de acero, es decir, en equipos que utilizan cables de acero, como polipastos, puentes gr\u00faa, monorra\u00edles, p\u00f3rticos, gr\u00faas, ascensores, etc.<\/p>\n<h3>Sensor &#8211; Galga extensom\u00e9trica<\/h3>\n<p>Las c\u00e9lulas de carga se fabrican con sensores de galgas extensom\u00e9tricas, que son sensores de deformaci\u00f3n y miden la deformaci\u00f3n del equipo. La galga extensom\u00e9trica es una resistencia que se deforma junto con la c\u00e9lula de carga y aumenta o disminuye su resistencia. La se\u00f1al de resistencia se env\u00eda a un circuito dise\u00f1ado para recibir y convertir los valores de resistencia de las galgas extensom\u00e9tricas en peso. Estos circuitos pueden ser balanzas o controladores de carga. Este uso se hizo atractivo al asociarlo con un controlador de carga para hacer el control de carga recibido por el sensor de carga.<\/p>\n<p><img loading=\"lazy\" class=\"aligncenter wp-image-5604 size-full\" src=\"http:\/\/seyconel.com.br\/wp-content\/uploads\/2019\/12\/Strain-Gauge.jpg\" alt=\"Strain Gauge - C\u00e9lula de Carga\" width=\"800\" height=\"379\" \/><\/p>\n<h3>Punto fijo y sin punto fijo<\/h3>\n<p>Seyconel comercializa dos tipos de sensores de pesaje, los que se instalan en los equipos de cable con punto fijo y los que se instalan en los equipos de cable sin punto fijo. Los sensores de punto fijo de cable tienen capacidades de 1T, 2T, 3,5T, 4T, 6T, 7T, 8T, 10T, 15T y 20T con su estructura en aluminio o aleaci\u00f3n modelos LM o LMS. El sensor de pesaje sin punto fijo es el eje del dinam\u00f3metro que se hacen para sustituir el eje original de la polea compensadora de la m\u00e1quina. Este eje dinamom\u00e9trico est\u00e1 hecho a medida, donde es necesario pasar las medidas de la polea compensadora y la carga m\u00e1xima que pasa por esta polea.<\/p>\n<h3>Controlador de carga + c\u00e9lula de carga<\/h3>\n<p>La c\u00e9lula de carga trabaja junto con el controlador de carga para controlar el peso izado, evitando sobrecargas o flojedad del cable. La sobrecarga es el levantamiento de una carga que excede la capacidad m\u00e1xima del equipo descrita por el fabricante y la holgura del cable es cuando el gancho del equipo toca el suelo o alguna superficie y comienza a aflojar el cable de acero. Ambos casos pueden causar da\u00f1os\/accidentes a la propiedad o a los empleados. El sistema de control de peso de Seyconel es fundamental para la elevaci\u00f3n y el movimiento seguros de las cargas.<\/p>\n<p>Conoce al <a href=\"https:\/\/seyconel.com.br\/produtos\/controlador-vkl-3r\/\">Controlador VKL-3R<\/a><\/p>\n<h3>Dimensi\u00f3n<\/h3>\n<p style=\"text-align: center\"><strong>C\u00e9lula de carga LM<\/strong><\/p>\n<p><img loading=\"lazy\" class=\"wp-image-4989 size-full aligncenter\" src=\"http:\/\/seyconel.com.br\/wp-content\/uploads\/2019\/12\/Dimensional-Celula-de-Carga-LM.jpg\" alt=\"Dimensional - C\u00e9lula de Carga LM\" width=\"800\" height=\"600\" \/><\/p>\n<p style=\"text-align: center\"><strong>C\u00e9lula de Carga LMS<\/strong><\/p>\n<p><img loading=\"lazy\" class=\"aligncenter wp-image-4990 size-full\" src=\"http:\/\/seyconel.com.br\/wp-content\/uploads\/2019\/12\/Dimensional-Celula-de-Carga-LMS.jpg\" alt=\"\" width=\"800\" height=\"600\" \/><\/p>\n<h3>Descargar<\/h3>\n<table style=\"width: 39.6941%;border-collapse: collapse\">\n<tbody>\n<tr>\n<td style=\"width: 49.5726%\"><img loading=\"lazy\" class=\"wp-image-4983 aligncenter\" src=\"http:\/\/seyconel.com.br\/wp-content\/uploads\/2019\/12\/img-site49-225x300.png\" alt=\"Seyconel - Download\" width=\"75\" height=\"100\" \/><\/td>\n<td style=\"width: 162.755%\"><img loading=\"lazy\" class=\"wp-image-4983 aligncenter\" src=\"http:\/\/seyconel.com.br\/wp-content\/uploads\/2019\/12\/img-site49-225x300.png\" alt=\"Seyconel - Download\" width=\"75\" height=\"100\" \/><\/td>\n<\/tr>\n<tr>\n<td style=\"width: 49.5726%\">\n<p style=\"text-align: center\"><a href=\"http:\/\/seyconel.com.br\/download\/ficha-tecnica-celula-de-carga-lm\/\" target=\"_blank\" rel=\"noopener\">Hoja de datos &#8211; C\u00e9lula de Carga LM<\/a><\/p>\n<\/td>\n<td style=\"width: 162.755%\">\n<p style=\"text-align: center\"><a href=\"http:\/\/seyconel.com.br\/download\/ficha-tecnica-celula-de-carga-lms\/\" target=\"_blank\" rel=\"noopener\">Hoja de datos &#8211; C\u00e9lula de Carga LMS<\/a><\/p>\n<\/td>\n<\/tr>\n<\/tbody>\n<\/table>\n<p>&nbsp;<\/p>\n","protected":false},"excerpt":{"rendered":"<p>C\u00e9lula de carga, sensor de carga, sensor de pesaje se consideran el mismo dispositivo utilizado para pesar la carga. Cada c\u00e9lula de carga se fabrica para diferentes servicios y formas de uso y, por lo general, trabaja a compresi\u00f3n. Los sensores de carga comercializados por Seyconel est\u00e1n desarrollados para su instalaci\u00f3n en cables de acero, [&hellip;]<\/p>\n","protected":false},"featured_media":388,"template":"","meta":[],"product_cat":[154],"product_tag":[54,55,56,233,58,234],"_links":{"self":[{"href":"https:\/\/seyconel.com\/es\/wp-json\/wp\/v2\/product\/343"}],"collection":[{"href":"https:\/\/seyconel.com\/es\/wp-json\/wp\/v2\/product"}],"about":[{"href":"https:\/\/seyconel.com\/es\/wp-json\/wp\/v2\/types\/product"}],"version-history":[{"count":4,"href":"https:\/\/seyconel.com\/es\/wp-json\/wp\/v2\/product\/343\/revisions"}],"predecessor-version":[{"id":1164,"href":"https:\/\/seyconel.com\/es\/wp-json\/wp\/v2\/product\/343\/revisions\/1164"}],"wp:featuredmedia":[{"embeddable":true,"href":"https:\/\/seyconel.com\/es\/wp-json\/wp\/v2\/media\/388"}],"wp:attachment":[{"href":"https:\/\/seyconel.com\/es\/wp-json\/wp\/v2\/media?parent=343"}],"wp:term":[{"taxonomy":"product_cat","embeddable":true,"href":"https:\/\/seyconel.com\/es\/wp-json\/wp\/v2\/product_cat?post=343"},{"taxonomy":"product_tag","embeddable":true,"href":"https:\/\/seyconel.com\/es\/wp-json\/wp\/v2\/product_tag?post=343"}],"curies":[{"name":"wp","href":"https:\/\/api.w.org\/{rel}","templated":true}]}}