{"id":342,"date":"2022-03-03T09:27:41","date_gmt":"2022-03-03T12:27:41","guid":{"rendered":"https:\/\/seyconel.com\/es\/?post_type=product&#038;p=342"},"modified":"2022-03-09T10:37:00","modified_gmt":"2022-03-09T13:37:00","slug":"display-dg40","status":"publish","type":"product","link":"https:\/\/seyconel.com\/es\/productos\/display-dg40\/","title":{"rendered":"Pantalla DG40"},"content":{"rendered":"<p>Equipo utilizado para controlar la carga izada en equipos que utilizan cable de acero como puente gr\u00faa, polipasto, ascensor, entre otros.<\/p>\n<p>El aparato recibe la se\u00f1al de la c\u00e9lula de carga y la convierte en n\u00fameros que se muestran en la pantalla de 5 d\u00edgitos. Este dispositivo contiene 3 rel\u00e9s programables en los que la aplicaci\u00f3n t\u00edpica es para el corte de movimiento por cuerda floja o la funci\u00f3n de sobrecarga.<\/p>\n<p>Com\u00fan en situaciones en las que el operador necesita ver una aproximaci\u00f3n del valor del peso levantado.<\/p>\n<p>El DG-40 mostrar\u00e1 la carga levantada por la gr\u00faa en su pantalla en todo momento, excepto cuando el operador est\u00e9 en el men\u00fa de par\u00e1metros. El DG-40 dispone de botones internos que se utilizan para configurar sus funciones y realizar la calibraci\u00f3n del equipo.<\/p>\n<p>&nbsp;<\/p>\n","protected":false},"excerpt":{"rendered":"<p>Equipo utilizado para controlar la carga izada en equipos que utilizan cable de acero como puente gr\u00faa, polipasto, ascensor, entre otros. El aparato recibe la se\u00f1al de la c\u00e9lula de carga y la convierte en n\u00fameros que se muestran en la pantalla de 5 d\u00edgitos. Este dispositivo contiene 3 rel\u00e9s programables en los que la [&hellip;]<\/p>\n","protected":false},"featured_media":386,"template":"","meta":[],"product_cat":[154],"product_tag":[51,256,255],"_links":{"self":[{"href":"https:\/\/seyconel.com\/es\/wp-json\/wp\/v2\/product\/342"}],"collection":[{"href":"https:\/\/seyconel.com\/es\/wp-json\/wp\/v2\/product"}],"about":[{"href":"https:\/\/seyconel.com\/es\/wp-json\/wp\/v2\/types\/product"}],"version-history":[{"count":3,"href":"https:\/\/seyconel.com\/es\/wp-json\/wp\/v2\/product\/342\/revisions"}],"predecessor-version":[{"id":1135,"href":"https:\/\/seyconel.com\/es\/wp-json\/wp\/v2\/product\/342\/revisions\/1135"}],"wp:featuredmedia":[{"embeddable":true,"href":"https:\/\/seyconel.com\/es\/wp-json\/wp\/v2\/media\/386"}],"wp:attachment":[{"href":"https:\/\/seyconel.com\/es\/wp-json\/wp\/v2\/media?parent=342"}],"wp:term":[{"taxonomy":"product_cat","embeddable":true,"href":"https:\/\/seyconel.com\/es\/wp-json\/wp\/v2\/product_cat?post=342"},{"taxonomy":"product_tag","embeddable":true,"href":"https:\/\/seyconel.com\/es\/wp-json\/wp\/v2\/product_tag?post=342"}],"curies":[{"name":"wp","href":"https:\/\/api.w.org\/{rel}","templated":true}]}}