{"id":341,"date":"2022-03-03T09:27:41","date_gmt":"2022-03-03T12:27:41","guid":{"rendered":"https:\/\/seyconel.com\/es\/?post_type=product&#038;p=341"},"modified":"2022-03-09T15:09:40","modified_gmt":"2022-03-09T18:09:40","slug":"luz-de-seguranca-para-pontes-rolantes","status":"publish","type":"product","link":"https:\/\/seyconel.com\/es\/productos\/luz-de-seguranca-para-pontes-rolantes\/","title":{"rendered":"Luz de seguridad para puentes gr\u00faa"},"content":{"rendered":"<h2>Caracter\u00edsticas<\/h2>\n<ul style=\"text-align: justify\">\n<li>Soporte adaptable, permite una f\u00e1cil instalaci\u00f3n;<\/li>\n<li>Robusta carcasa de aluminio fundido a presi\u00f3n;<\/li>\n<li><span class=\"VIiyi\" lang=\"es\"><span class=\"JLqJ4b ChMk0b\" data-language-for-alternatives=\"es\" data-language-to-translate-into=\"pt\" data-phrase-index=\"0\" data-number-of-phrases=\"1\">resistente a las vibraciones;<\/span><\/span><\/li>\n<li><span class=\"VIiyi\" lang=\"es\"><span class=\"JLqJ4b ChMk0b\" data-language-for-alternatives=\"es\" data-language-to-translate-into=\"pt\" data-phrase-index=\"0\" data-number-of-phrases=\"1\">Grado de Protecci\u00f3n IP67;<\/span><\/span><\/li>\n<li><span class=\"VIiyi\" lang=\"es\"><span class=\"JLqJ4b ChMk0b\" data-language-for-alternatives=\"es\" data-language-to-translate-into=\"pt\" data-phrase-index=\"0\" data-number-of-phrases=\"1\">Disponible en colores blanco, azul y rojo.<\/span><\/span><\/li>\n<\/ul>\n<h3><span class=\"VIiyi\" lang=\"es\"><span class=\"JLqJ4b ChMk0b\" data-language-for-alternatives=\"es\" data-language-to-translate-into=\"pt\" data-phrase-index=\"0\" data-number-of-phrases=\"1\">Accesorios<\/span><\/span><\/h3>\n<table class=\" alignleft\" style=\"width: 100%;border-collapse: collapse\">\n<tbody>\n<tr>\n<td style=\"width: 33.3333%\"><img loading=\"lazy\" class=\"size-medium wp-image-5159 aligncenter\" src=\"http:\/\/seyconel.com.br\/wp-content\/uploads\/2019\/12\/Luz-de-Seguranca-para-Ponte-Rolante-2-300x225.jpg\" alt=\"\" width=\"300\" height=\"225\" data-wp-editing=\"1\" \/><\/td>\n<td style=\"width: 33.3333%\"><img loading=\"lazy\" class=\"size-medium wp-image-5160 aligncenter\" src=\"http:\/\/seyconel.com.br\/wp-content\/uploads\/2019\/12\/Luz-de-Seguranca-para-Ponte-Rolante-3-300x225.jpg\" alt=\"\" width=\"300\" height=\"225\" \/><\/td>\n<td style=\"width: 33.3333%\"><img loading=\"lazy\" class=\"size-medium wp-image-5161 aligncenter\" src=\"http:\/\/seyconel.com.br\/wp-content\/uploads\/2019\/12\/Luz-de-Seguranca-para-Ponte-Rolante-4-300x225.jpg\" alt=\"\" width=\"300\" height=\"225\" \/><\/td>\n<\/tr>\n<tr>\n<td style=\"width: 33.3333%;text-align: center\">Lente<\/td>\n<td style=\"width: 33.3333%;text-align: center\">Soporte<\/td>\n<td style=\"width: 33.3333%;text-align: center\">Fuente<\/td>\n<\/tr>\n<\/tbody>\n<\/table>\n<p>&nbsp;<\/p>\n<h3 style=\"text-align: justify\"><span class=\"VIiyi\" lang=\"es\"><span class=\"JLqJ4b ChMk0b\" data-language-for-alternatives=\"es\" data-language-to-translate-into=\"pt\" data-phrase-index=\"0\" data-number-of-phrases=\"1\">Soluciones para:<\/span><\/span><\/h3>\n<ul style=\"list-style-type: square;text-align: justify\">\n<li><span class=\"VIiyi\" lang=\"es\"><span class=\"JLqJ4b ChMk0b\" data-language-for-alternatives=\"es\" data-language-to-translate-into=\"pt\" data-phrase-index=\"0\" data-number-of-phrases=\"1\">puentes gr\u00faa;<\/span><\/span><\/li>\n<li><span class=\"VIiyi\" lang=\"es\"><span class=\"JLqJ4b ChMk0b\" data-language-for-alternatives=\"es\" data-language-to-translate-into=\"pt\" data-phrase-index=\"0\" data-number-of-phrases=\"1\">gr\u00faas de p\u00f3rtico;<\/span><\/span><\/li>\n<li><span class=\"VIiyi\" lang=\"es\"><span class=\"JLqJ4b ChMk0b\" data-language-for-alternatives=\"es\" data-language-to-translate-into=\"pt\" data-phrase-index=\"0\" data-number-of-phrases=\"1\">semiportos;<\/span><\/span><\/li>\n<\/ul>\n<p style=\"text-align: justify\">\n","protected":false},"excerpt":{"rendered":"<p style=\"text-align: justify\"><span class=\"VIiyi\" lang=\"es\"><span class=\"JLqJ4b ChMk0b\" data-language-for-alternatives=\"es\" data-language-to-translate-into=\"pt\" data-phrase-index=\"0\" data-number-of-phrases=\"1\">Dispositivo de iluminaci\u00f3n con LED para alertar visualmente a operadores y peatones sobre la aproximaci\u00f3n de cargas suspendidas en movimiento, aumentando la seguridad en la operaci\u00f3n de puentes gr\u00faa, p\u00f3rticos, semi-gr\u00faas y previniendo accidentes.<\/span><\/span><\/p>\n<h2 style=\"text-align: justify\">\u00bfPor qu\u00e9 utilizar la Luz de Seguridad Seyconel?<\/h2>\n<p style=\"text-align: justify\"><span class=\"JLqJ4b ChMk0b\" data-language-for-alternatives=\"es\" data-language-to-translate-into=\"pt\" data-phrase-index=\"0\" data-number-of-phrases=\"2\">La luz de seguridad del puente gr\u00faa asiste al operador en el correcto posicionamiento de la carga y nuestro equipo ofrece opciones de color: blanco, azul y rojo.<\/span> <span class=\"JLqJ4b ChMk0b\" data-language-for-alternatives=\"es\" data-language-to-translate-into=\"pt\" data-phrase-index=\"1\" data-number-of-phrases=\"2\">LEDs de alta luminosidad y lente dise\u00f1ada para proyectar un punto o una l\u00ednea, adem\u00e1s, es posible proyectar un sostenido (#) usando 4 unidades o un tri\u00e1ngulo con 3 unidades.<\/span><\/p>\n<p style=\"text-align: justify\"><span class=\"VIiyi\" lang=\"es\"><span class=\"JLqJ4b ChMk0b\" data-language-for-alternatives=\"es\" data-language-to-translate-into=\"pt\" data-phrase-index=\"0\" data-number-of-phrases=\"1\">Adem\u00e1s de estar desarrollado con materiales que le otorgan una excelente robustez, fue dise\u00f1ado exclusivamente para ambientes agresivos.<\/span><\/span><\/p>\n<p style=\"text-align: justify\">\n","protected":false},"featured_media":384,"template":"","meta":[],"product_cat":[153],"product_tag":[253,254],"_links":{"self":[{"href":"https:\/\/seyconel.com\/es\/wp-json\/wp\/v2\/product\/341"}],"collection":[{"href":"https:\/\/seyconel.com\/es\/wp-json\/wp\/v2\/product"}],"about":[{"href":"https:\/\/seyconel.com\/es\/wp-json\/wp\/v2\/types\/product"}],"version-history":[{"count":4,"href":"https:\/\/seyconel.com\/es\/wp-json\/wp\/v2\/product\/341\/revisions"}],"predecessor-version":[{"id":1176,"href":"https:\/\/seyconel.com\/es\/wp-json\/wp\/v2\/product\/341\/revisions\/1176"}],"wp:featuredmedia":[{"embeddable":true,"href":"https:\/\/seyconel.com\/es\/wp-json\/wp\/v2\/media\/384"}],"wp:attachment":[{"href":"https:\/\/seyconel.com\/es\/wp-json\/wp\/v2\/media?parent=341"}],"wp:term":[{"taxonomy":"product_cat","embeddable":true,"href":"https:\/\/seyconel.com\/es\/wp-json\/wp\/v2\/product_cat?post=341"},{"taxonomy":"product_tag","embeddable":true,"href":"https:\/\/seyconel.com\/es\/wp-json\/wp\/v2\/product_tag?post=341"}],"curies":[{"name":"wp","href":"https:\/\/api.w.org\/{rel}","templated":true}]}}