{"id":340,"date":"2022-03-03T09:27:41","date_gmt":"2022-03-03T12:27:41","guid":{"rendered":"https:\/\/seyconel.com\/es\/?post_type=product&#038;p=340"},"modified":"2024-09-17T14:26:01","modified_gmt":"2024-09-17T17:26:01","slug":"bandera-sk50","status":"publish","type":"product","link":"https:\/\/seyconel.com\/es\/productos\/bandera-sk50\/","title":{"rendered":"Bandera SK50"},"content":{"rendered":"<h3>Colores de la baliza SK50<\/h3>\n<ul>\n<li>Rojo;<\/li>\n<li>Amarillo; y<\/li>\n<li>Verde.<\/li>\n<\/ul>\n<h3>Caracter\u00edsticas<\/h3>\n<ul>\n<li>LEDs individualizados, accionados simult\u00e1neamente o por separado<\/li>\n<li>Sirena interna<\/li>\n<li>Los modelos SK50FJ contienen dos comunes, uno utilizado para la luz y el sonido continuos y otro para el parpadeo<\/li>\n<\/ul>\n","protected":false},"excerpt":{"rendered":"<p>Se\u00f1alizaci\u00f3n y seguridad juntas en un dispositivo dise\u00f1ado para lugares en los que hay que evitar situaciones de peligro.<\/p>\n<p>Se utiliza en puentes gr\u00faa, puertas, m\u00e1quinas, polipastos, entre otros equipos.<\/p>\n<p>&nbsp;<\/p>\n","protected":false},"featured_media":382,"template":"","meta":[],"product_cat":[153],"product_tag":[47],"_links":{"self":[{"href":"https:\/\/seyconel.com\/es\/wp-json\/wp\/v2\/product\/340"}],"collection":[{"href":"https:\/\/seyconel.com\/es\/wp-json\/wp\/v2\/product"}],"about":[{"href":"https:\/\/seyconel.com\/es\/wp-json\/wp\/v2\/types\/product"}],"version-history":[{"count":4,"href":"https:\/\/seyconel.com\/es\/wp-json\/wp\/v2\/product\/340\/revisions"}],"predecessor-version":[{"id":1165,"href":"https:\/\/seyconel.com\/es\/wp-json\/wp\/v2\/product\/340\/revisions\/1165"}],"wp:featuredmedia":[{"embeddable":true,"href":"https:\/\/seyconel.com\/es\/wp-json\/wp\/v2\/media\/382"}],"wp:attachment":[{"href":"https:\/\/seyconel.com\/es\/wp-json\/wp\/v2\/media?parent=340"}],"wp:term":[{"taxonomy":"product_cat","embeddable":true,"href":"https:\/\/seyconel.com\/es\/wp-json\/wp\/v2\/product_cat?post=340"},{"taxonomy":"product_tag","embeddable":true,"href":"https:\/\/seyconel.com\/es\/wp-json\/wp\/v2\/product_tag?post=340"}],"curies":[{"name":"wp","href":"https:\/\/api.w.org\/{rel}","templated":true}]}}