{"id":339,"date":"2022-03-03T09:27:41","date_gmt":"2022-03-03T12:27:41","guid":{"rendered":"https:\/\/seyconel.com\/es\/?post_type=product&#038;p=339"},"modified":"2024-09-17T14:26:23","modified_gmt":"2024-09-17T17:26:23","slug":"baliza-de-senalizacion-sk100zs","status":"publish","type":"product","link":"https:\/\/seyconel.com\/es\/productos\/baliza-de-senalizacion-sk100zs\/","title":{"rendered":"Baliza de se\u00f1alizaci\u00f3n SK100ZS"},"content":{"rendered":"<h3>Dimensiones de la baliza SK100ZS<\/h3>\n<p><img loading=\"lazy\" class=\"alignnone wp-image-5199 size-full\" src=\"http:\/\/seyconel.com.br\/wp-content\/uploads\/2019\/12\/Sinalizador-SK100ZS-Dimensional.jpg\" alt=\"Sinalizador SK100ZS - Dimensional\" width=\"800\" height=\"600\" \/><\/p>\n<h3>Caracter\u00edsticas t\u00e9cnicas de la se\u00f1al SK100ZS<\/h3>\n<ul>\n<li>Grado de protecci\u00f3n: IP-54<\/li>\n<li>Temperatura de funcionamiento: -10\u00ba~ +50\u2103<\/li>\n<li>Potencia: 5W<\/li>\n<li>Potencia sonora: 90db (1 metro)<\/li>\n<li>Colores: rojo y amarillo<\/li>\n<\/ul>\n<h3>Descargar<\/h3>\n<figure id=\"attachment_4983\" aria-describedby=\"caption-attachment-4983\" style=\"width: 75px\" class=\"wp-caption alignnone\"><a href=\"http:\/\/seyconel.com.br\/download\/5192\/\"><img loading=\"lazy\" class=\"wp-image-4983\" src=\"http:\/\/seyconel.com.br\/wp-content\/uploads\/2019\/12\/img-site49-225x300.png\" alt=\"Seyconel - Download\" width=\"75\" height=\"100\" \/><\/a><figcaption id=\"caption-attachment-4983\" class=\"wp-caption-text\">QuickStart<\/figcaption><\/figure>\n","protected":false},"excerpt":{"rendered":"<div class=\"row\">\n<div class=\"row\">\n<div class=\"col-lg-6 pt-2\">\n<p>Tipo de se\u00f1alizador Giroflex, Este dispositivo contiene un LED y una sirena individualizados que pueden activarse en diferentes momentos o simult\u00e1neamente.<\/p>\n<p>Utilizado en puentes gr\u00faa, puertas, m\u00e1quinas, polipastos, entre otros equipos, es un equipo desarrollado para lugares donde se deben evitar situaciones de peligro.<\/p>\n<\/div>\n<\/div>\n<\/div>\n","protected":false},"featured_media":379,"template":"","meta":[],"product_cat":[153],"product_tag":[195,194],"_links":{"self":[{"href":"https:\/\/seyconel.com\/es\/wp-json\/wp\/v2\/product\/339"}],"collection":[{"href":"https:\/\/seyconel.com\/es\/wp-json\/wp\/v2\/product"}],"about":[{"href":"https:\/\/seyconel.com\/es\/wp-json\/wp\/v2\/types\/product"}],"version-history":[{"count":4,"href":"https:\/\/seyconel.com\/es\/wp-json\/wp\/v2\/product\/339\/revisions"}],"predecessor-version":[{"id":1166,"href":"https:\/\/seyconel.com\/es\/wp-json\/wp\/v2\/product\/339\/revisions\/1166"}],"wp:featuredmedia":[{"embeddable":true,"href":"https:\/\/seyconel.com\/es\/wp-json\/wp\/v2\/media\/379"}],"wp:attachment":[{"href":"https:\/\/seyconel.com\/es\/wp-json\/wp\/v2\/media?parent=339"}],"wp:term":[{"taxonomy":"product_cat","embeddable":true,"href":"https:\/\/seyconel.com\/es\/wp-json\/wp\/v2\/product_cat?post=339"},{"taxonomy":"product_tag","embeddable":true,"href":"https:\/\/seyconel.com\/es\/wp-json\/wp\/v2\/product_tag?post=339"}],"curies":[{"name":"wp","href":"https:\/\/api.w.org\/{rel}","templated":true}]}}