{"id":338,"date":"2022-03-03T09:27:41","date_gmt":"2022-03-03T12:27:41","guid":{"rendered":"https:\/\/seyconel.com\/es\/?post_type=product&#038;p=338"},"modified":"2024-09-17T13:54:53","modified_gmt":"2024-09-17T16:54:53","slug":"sirena-ma100","status":"publish","type":"product","link":"https:\/\/seyconel.com\/es\/productos\/sirena-ma100\/","title":{"rendered":"Sirena MA100"},"content":{"rendered":"<h2>La Sirena MA100 contiene:<\/h2>\n<ul>\n<li>El panel de control seleccionable de tono y volumen y la salida de se\u00f1al sonora en forma de bocina;<\/li>\n<li>Todos los tonos son controlados por la unidad de microcontrol digital (MCU) y reproducidos a trav\u00e9s de la bocina<\/li>\n<li>El circuito de control autom\u00e1tico incorporado est\u00e1 disponible con hasta 15 tonos seleccionables.<\/li>\n<\/ul>\n<h3>Caracter\u00edsticas t\u00e9cnicas de la sirena MA100<\/h3>\n<ul>\n<li>Consumo de Energia: &lt;45W<\/li>\n<li>Tensi\u00f3n\/corriente de funcionamiento: 100~240VAC (60\/50HZ)\/m\u00e1ximo 0.6A<\/li>\n<li>Resist\u00eancia: 8 \u03a9<\/li>\n<li>Anti-sobrecarga: &gt;4000V<\/li>\n<li>Consigue entre 95dB y 120dB a 1m seg\u00fan el tacto<\/li>\n<li>Antivibraci\u00f3n: Probado en base a 45m\/seg2<\/li>\n<li>Dimensi\u00f3n de la caja de control: 145x127x101 (mm)<\/li>\n<li>Dimensi\u00f3n del cuerno: 220x220x271 (mm)<\/li>\n<li>Peso: 3.300g \u00b1 100g<\/li>\n<\/ul>\n<h3>Descargar<\/h3>\n<figure id=\"attachment_4983\" aria-describedby=\"caption-attachment-4983\" style=\"width: 75px\" class=\"wp-caption alignnone\"><a href=\"http:\/\/seyconel.com.br\/download\/5186\/\"><img loading=\"lazy\" class=\"wp-image-4983\" src=\"http:\/\/seyconel.com.br\/wp-content\/uploads\/2019\/12\/img-site49-225x300.png\" alt=\"Seyconel - Download\" width=\"75\" height=\"100\" \/><\/a><figcaption id=\"caption-attachment-4983\" class=\"wp-caption-text\">QuickStart<\/figcaption><\/figure>\n","protected":false},"excerpt":{"rendered":"<p>Se\u00f1alizaci\u00f3n y seguridad juntas en un dispositivo dise\u00f1ado para lugares en los que hay que evitar situaciones de peligro.<\/p>\n<p>La sirena MA100 se puede utilizar en puentes gr\u00faa, puertas, maquinaria, montacargas, entre otros equipos que necesitan se\u00f1alar a las personas que se encuentran alrededor.<\/p>\n<p>Este dispositivo contiene una sirena y una caja de control. Con un dise\u00f1o avanzado, ligero, compacto y con tonos seleccionables, proporciona un funcionamiento continuo y econ\u00f3mico. Todos los tonos son producidos por una unidad digital microcontrolada (MCU). El circuito de control autom\u00e1tico contiene hasta 15 tipos de tonos seleccionables para ser producidos, con variaci\u00f3n de frecuencia.<\/p>\n","protected":false},"featured_media":377,"template":"","meta":[],"product_cat":[153],"product_tag":[235,236],"_links":{"self":[{"href":"https:\/\/seyconel.com\/es\/wp-json\/wp\/v2\/product\/338"}],"collection":[{"href":"https:\/\/seyconel.com\/es\/wp-json\/wp\/v2\/product"}],"about":[{"href":"https:\/\/seyconel.com\/es\/wp-json\/wp\/v2\/types\/product"}],"version-history":[{"count":4,"href":"https:\/\/seyconel.com\/es\/wp-json\/wp\/v2\/product\/338\/revisions"}],"predecessor-version":[{"id":1167,"href":"https:\/\/seyconel.com\/es\/wp-json\/wp\/v2\/product\/338\/revisions\/1167"}],"wp:featuredmedia":[{"embeddable":true,"href":"https:\/\/seyconel.com\/es\/wp-json\/wp\/v2\/media\/377"}],"wp:attachment":[{"href":"https:\/\/seyconel.com\/es\/wp-json\/wp\/v2\/media?parent=338"}],"wp:term":[{"taxonomy":"product_cat","embeddable":true,"href":"https:\/\/seyconel.com\/es\/wp-json\/wp\/v2\/product_cat?post=338"},{"taxonomy":"product_tag","embeddable":true,"href":"https:\/\/seyconel.com\/es\/wp-json\/wp\/v2\/product_tag?post=338"}],"curies":[{"name":"wp","href":"https:\/\/api.w.org\/{rel}","templated":true}]}}